{"id":38146,"date":"2025-02-20T22:35:44","date_gmt":"2025-02-20T22:35:44","guid":{"rendered":"https:\/\/olemosaic.orbitalia.org\/producto\/funda-de-telefono-para-samsung-a54-tpu-sagrada-familia-barcelona-azul\/"},"modified":"2025-07-25T18:51:29","modified_gmt":"2025-07-25T16:51:29","slug":"capa-de-telemovel-para-samsung-a54-tpu-sagrada-familia-barcelona-azul","status":"publish","type":"product","link":"https:\/\/olemosaic.orbitalia.org\/pt-pt\/produto\/capa-de-telemovel-para-samsung-a54-tpu-sagrada-familia-barcelona-azul\/","title":{"rendered":"Capa de telem\u00f3vel para Samsung A54 (TPU). Sagrada Fam\u00edlia. Barcelona. Azul"},"content":{"rendered":"<p>Capa para telem\u00f3vel Samsung A54 com um vibrante design da Sagrada Fam\u00edlia de Barcelona. Esta capa, fabricada em TPU, oferece uma prote\u00e7\u00e3o excecional para o seu dispositivo, enquanto o seu colorido mosaico em tons azuis, amarelos, vermelhos e laranjas real\u00e7a a majestosidade deste ic\u00f3nico monumento arquitet\u00f3nico. A ilustra\u00e7\u00e3o capta com grande detalhe as distintivas torres e complexos elementos arquitet\u00f3nicos que fazem da Sagrada Fam\u00edlia uma obra-prima do modernismo catal\u00e3o. Complementando o design, a palavra &#8220;Barcelona&#8221; aparece elegantemente impressa, fazendo com que esta capa n\u00e3o seja apenas um acess\u00f3rio de prote\u00e7\u00e3o, mas tamb\u00e9m um s\u00edmbolo do orgulho local.<\/p>\n<p>A Sagrada Fam\u00edlia, obra do c\u00e9lebre arquiteto Antoni Gaud\u00ed, \u00e9 um dos s\u00edmbolos mais emblem\u00e1ticos de Barcelona e um testemunho do engenho art\u00edstico da cidade. Ao escolher esta capa como recorda\u00e7\u00e3o, os turistas levam consigo um peda\u00e7o da cultura catal\u00e3 e uma recorda\u00e7\u00e3o tang\u00edvel da sua visita. Na Ol\u00e9 Mosaic, especializamo-nos na distribui\u00e7\u00e3o de recorda\u00e7\u00f5es por grosso, e esta capa apresenta-se como uma excelente op\u00e7\u00e3o para lojas de presentes tur\u00edsticos que procuram design e autenticidade. Com esta capa para telem\u00f3vel, os compradores n\u00e3o s\u00f3 adquirem um produto funcional, como tamb\u00e9m uma aut\u00eantica recorda\u00e7\u00e3o de Barcelona que se destaca pela sua arte e relev\u00e2ncia cultural.<\/p>\n","protected":false},"excerpt":{"rendered":"<p>Capa para telem\u00f3vel Samsung A54 fabricada em TPU, com um vibrante design da Sagrada Fam\u00edlia de Barcelona. Apresenta um colorido mosaico em tons azuis, amarelos, vermelhos e laranjas que capta a majestosidade do ic\u00f3nico monumento. A ilustra\u00e7\u00e3o destaca as torres e os detalhes arquitet\u00f3nicos, com a palavra &#8220;Barcelona&#8221; elegantemente impressa. Esta capa n\u00e3o s\u00f3 protege o seu dispositivo, como tamb\u00e9m presta homenagem a um dos s\u00edmbolos mais emblem\u00e1ticos da cidade.<\/p>\n","protected":false},"featured_media":12585,"template":"","meta":{"_acf_changed":false},"product_brand":[],"product_cat":[685],"product_tag":[],"class_list":{"0":"post-38146","1":"product","2":"type-product","3":"status-publish","4":"has-post-thumbnail","6":"product_cat-capas-para-telemoveis","7":"pa_ciudad-barcelona","8":"pa_motivo-sagrada-familia","9":"pa_pais-espana","11":"first","12":"instock","13":"shipping-taxable","14":"product-type-simple"},"acf":[],"_links":{"self":[{"href":"https:\/\/olemosaic.orbitalia.org\/pt-pt\/wp-json\/wp\/v2\/product\/38146","targetHints":{"allow":["GET"]}}],"collection":[{"href":"https:\/\/olemosaic.orbitalia.org\/pt-pt\/wp-json\/wp\/v2\/product"}],"about":[{"href":"https:\/\/olemosaic.orbitalia.org\/pt-pt\/wp-json\/wp\/v2\/types\/product"}],"wp:featuredmedia":[{"embeddable":true,"href":"https:\/\/olemosaic.orbitalia.org\/pt-pt\/wp-json\/wp\/v2\/media\/12585"}],"wp:attachment":[{"href":"https:\/\/olemosaic.orbitalia.org\/pt-pt\/wp-json\/wp\/v2\/media?parent=38146"}],"wp:term":[{"taxonomy":"product_brand","embeddable":true,"href":"https:\/\/olemosaic.orbitalia.org\/pt-pt\/wp-json\/wp\/v2\/product_brand?post=38146"},{"taxonomy":"product_cat","embeddable":true,"href":"https:\/\/olemosaic.orbitalia.org\/pt-pt\/wp-json\/wp\/v2\/product_cat?post=38146"},{"taxonomy":"product_tag","embeddable":true,"href":"https:\/\/olemosaic.orbitalia.org\/pt-pt\/wp-json\/wp\/v2\/product_tag?post=38146"}],"curies":[{"name":"wp","href":"https:\/\/api.w.org\/{rel}","templated":true}]}}