{"id":38143,"date":"2025-02-20T22:35:44","date_gmt":"2025-02-20T22:35:44","guid":{"rendered":"https:\/\/olemosaic.orbitalia.org\/producto\/funda-de-telefono-para-samsung-a54-tpu-abstracto-azul\/"},"modified":"2025-07-25T19:12:16","modified_gmt":"2025-07-25T17:12:16","slug":"capa-de-telemovel-para-samsung-a54-tpu-abstrato-azul","status":"publish","type":"product","link":"https:\/\/olemosaic.orbitalia.org\/pt-pt\/produto\/capa-de-telemovel-para-samsung-a54-tpu-abstrato-azul\/","title":{"rendered":"Capa de telem\u00f3vel para Samsung A54 (TPU). Abstrato. Azul"},"content":{"rendered":"<p>Capa para telem\u00f3vel Samsung A54 com design abstrato e degrad\u00ea vibrante. Esta capa de alta qualidade, fabricada em TPU, combina prote\u00e7\u00e3o e estilo, destacando-se pelo seu acabamento suave e pela textura em forma de losangos que capta a luz de forma din\u00e2mica. A mistura de cores azul, verde, amarelo e vermelho oferece um efeito visual contempor\u00e2neo, ideal para personalizar o seu dispositivo e faz\u00ea-lo brilhar em qualquer situa\u00e7\u00e3o. O design abstrato real\u00e7a a modernidade e a criatividade, tornando-a uma excelente op\u00e7\u00e3o para quem procura um acess\u00f3rio distintivo que proteja o seu telem\u00f3vel sem renunciar \u00e0 est\u00e9tica.<\/p>\n<p>Mais do que um simples acess\u00f3rio, este produto torna-se um aut\u00eantico souvenir que reflete a vibrante cultura contempor\u00e2nea. A sua relev\u00e2ncia como recorda\u00e7\u00e3o torna-o ideal para turistas que procuram levar um peda\u00e7o de arte funcional. Na Ol\u00e9 Mosaic, especializamo-nos na distribui\u00e7\u00e3o por grosso de produtos aut\u00eanticos e de qualidade, perfeitos para lojas de presentes tur\u00edsticos que querem oferecer aos seus clientes o melhor em souvenirs. Com esta capa, garante uma op\u00e7\u00e3o atrativa e \u00fatil, ideal para quem deseja proteger e personalizar o seu Samsung A54.<\/p>\n","protected":false},"excerpt":{"rendered":"<p>Capa de telem\u00f3vel para Samsung A54 de TPU com um design abstrato e um vibrante degrad\u00ea de cores azul, verde, amarelo e vermelho. Destaca-se pelo seu acabamento suave e pela textura de losangos, que oferece prote\u00e7\u00e3o eficaz e um estilo moderno. Ideal para quem procura funcionalidade e um toque art\u00edstico no seu dispositivo. Perfeita para proteger e personalizar o seu telem\u00f3vel com um design contempor\u00e2neo.<\/p>\n","protected":false},"featured_media":12590,"template":"","meta":{"_acf_changed":false},"product_brand":[],"product_cat":[685],"product_tag":[],"class_list":{"0":"post-38143","1":"product","2":"type-product","3":"status-publish","4":"has-post-thumbnail","6":"product_cat-capas-para-telemoveis","7":"pa_motivo-resumo","9":"first","10":"instock","11":"shipping-taxable","12":"product-type-simple"},"acf":[],"_links":{"self":[{"href":"https:\/\/olemosaic.orbitalia.org\/pt-pt\/wp-json\/wp\/v2\/product\/38143","targetHints":{"allow":["GET"]}}],"collection":[{"href":"https:\/\/olemosaic.orbitalia.org\/pt-pt\/wp-json\/wp\/v2\/product"}],"about":[{"href":"https:\/\/olemosaic.orbitalia.org\/pt-pt\/wp-json\/wp\/v2\/types\/product"}],"wp:featuredmedia":[{"embeddable":true,"href":"https:\/\/olemosaic.orbitalia.org\/pt-pt\/wp-json\/wp\/v2\/media\/12590"}],"wp:attachment":[{"href":"https:\/\/olemosaic.orbitalia.org\/pt-pt\/wp-json\/wp\/v2\/media?parent=38143"}],"wp:term":[{"taxonomy":"product_brand","embeddable":true,"href":"https:\/\/olemosaic.orbitalia.org\/pt-pt\/wp-json\/wp\/v2\/product_brand?post=38143"},{"taxonomy":"product_cat","embeddable":true,"href":"https:\/\/olemosaic.orbitalia.org\/pt-pt\/wp-json\/wp\/v2\/product_cat?post=38143"},{"taxonomy":"product_tag","embeddable":true,"href":"https:\/\/olemosaic.orbitalia.org\/pt-pt\/wp-json\/wp\/v2\/product_tag?post=38143"}],"curies":[{"name":"wp","href":"https:\/\/api.w.org\/{rel}","templated":true}]}}