{"id":38139,"date":"2025-02-20T23:34:28","date_gmt":"2025-02-20T22:34:28","guid":{"rendered":"https:\/\/olemosaic.orbitalia.org\/producto\/4-bols-de-coco-de-13-x-6-cm-sardina-lisboa-6\/"},"modified":"2025-07-25T19:46:49","modified_gmt":"2025-07-25T17:46:49","slug":"4-tacas-de-coco-de-13-x-6-cm-sardinha-lisboa-6-pt-pt-2","status":"publish","type":"product","link":"https:\/\/olemosaic.orbitalia.org\/pt-pt\/produto\/4-tacas-de-coco-de-13-x-6-cm-sardinha-lisboa-6-pt-pt-2\/","title":{"rendered":"4 Ta\u00e7as de coco de 13 x 6 cm. Sardinha. Padr\u00e3o cora\u00e7\u00f5es. Lisboa."},"content":{"rendered":"<p>Este conjunto de 4 ta\u00e7as de coco de 13 x 6 cm, inspirado na vibrante tradi\u00e7\u00e3o de Lisboa, \u00e9 a lembran\u00e7a perfeita para quem procura captar a ess\u00eancia da cultura portuguesa. Cada ta\u00e7a apresenta um design alegre e colorido, com um acabamento brilhante que destaca a sua singularidade. A decora\u00e7\u00e3o inclui sardinhas em tons chamativos como azul, vermelho, laranja e f\u00facsia, rodeadas de cora\u00e7\u00f5es rom\u00e2nticos, o que n\u00e3o s\u00f3 confere um toque fresco e moderno, mas tamb\u00e9m evoca o amor e a paix\u00e3o que caracterizam a gastronomia desta emblem\u00e1tica cidade.<\/p>\n<p>Fabricadas em coco, estas ta\u00e7as s\u00e3o ideais para servir aperitivos ou como pe\u00e7as decorativas \u00fanicas que embelezam qualquer espa\u00e7o. A sua est\u00e9tica vibrante transforma qualquer mesa numa celebra\u00e7\u00e3o da cultura lisboeta, tornando cada refei\u00e7\u00e3o uma experi\u00eancia memor\u00e1vel. A sardinha, um s\u00edmbolo representativo da tradi\u00e7\u00e3o piscat\u00f3ria de Lisboa, real\u00e7a a liga\u00e7\u00e3o destas ta\u00e7as ao patrim\u00f3nio local, tornando-as uma excelente recorda\u00e7\u00e3o da visita \u00e0 cidade.<\/p>\n<p>Na Ol\u00e9 Mosaic, estamos comprometidos com a distribui\u00e7\u00e3o de lembran\u00e7as aut\u00eanticas e de qualidade por grosso. Este conjunto de ta\u00e7as de coco \u00e9 uma op\u00e7\u00e3o espetacular para lojas de presentes tur\u00edsticos que desejam oferecer aos seus clientes uma amostra aut\u00eantica de Portugal. Surpreenda os seus visitantes com este produto exclusivo e cheio de car\u00e1cter, perfeito para aqueles que procuram recorda\u00e7\u00f5es significativas durante a sua viagem.<\/p>\n","protected":false},"excerpt":{"rendered":"<p>Ta\u00e7as de coco de 13 x 6 cm, inspiradas na tradi\u00e7\u00e3o lisboeta, com um design vibrante e colorido. Cada ta\u00e7a apresenta um acabamento brilhante e decora\u00e7\u00f5es de sardinhas em tons chamativos como azul, vermelho, laranja e f\u00facsia, rodeadas de cora\u00e7\u00f5es rom\u00e2nticos. Fabricadas com material de coco, s\u00e3o ideais para servir aperitivos ou como pe\u00e7as decorativas \u00fanicas que captam a ess\u00eancia da cultura portuguesa.<\/p>\n","protected":false},"featured_media":10662,"template":"","meta":{"_acf_changed":false},"product_brand":[],"product_cat":[513],"product_tag":[516],"class_list":{"0":"post-38139","1":"product","2":"type-product","3":"status-publish","4":"has-post-thumbnail","6":"product_cat-bols","7":"product_tag-animais","8":"pa_ciudad-lisboa","9":"pa_motivo-sardinhas","10":"pa_pais-portugal","12":"first","13":"instock","14":"shipping-taxable","15":"product-type-simple"},"acf":[],"_links":{"self":[{"href":"https:\/\/olemosaic.orbitalia.org\/pt-pt\/wp-json\/wp\/v2\/product\/38139","targetHints":{"allow":["GET"]}}],"collection":[{"href":"https:\/\/olemosaic.orbitalia.org\/pt-pt\/wp-json\/wp\/v2\/product"}],"about":[{"href":"https:\/\/olemosaic.orbitalia.org\/pt-pt\/wp-json\/wp\/v2\/types\/product"}],"wp:featuredmedia":[{"embeddable":true,"href":"https:\/\/olemosaic.orbitalia.org\/pt-pt\/wp-json\/wp\/v2\/media\/10662"}],"wp:attachment":[{"href":"https:\/\/olemosaic.orbitalia.org\/pt-pt\/wp-json\/wp\/v2\/media?parent=38139"}],"wp:term":[{"taxonomy":"product_brand","embeddable":true,"href":"https:\/\/olemosaic.orbitalia.org\/pt-pt\/wp-json\/wp\/v2\/product_brand?post=38139"},{"taxonomy":"product_cat","embeddable":true,"href":"https:\/\/olemosaic.orbitalia.org\/pt-pt\/wp-json\/wp\/v2\/product_cat?post=38139"},{"taxonomy":"product_tag","embeddable":true,"href":"https:\/\/olemosaic.orbitalia.org\/pt-pt\/wp-json\/wp\/v2\/product_tag?post=38139"}],"curies":[{"name":"wp","href":"https:\/\/api.w.org\/{rel}","templated":true}]}}