{"id":38138,"date":"2025-02-20T23:34:28","date_gmt":"2025-02-20T22:34:28","guid":{"rendered":"https:\/\/olemosaic.orbitalia.org\/producto\/4-bols-de-coco-de-13-x-6-cm-caballito-de-mar-barcelona-3\/"},"modified":"2025-07-25T19:34:53","modified_gmt":"2025-07-25T17:34:53","slug":"4-tacas-de-coco-de-13-x-6-cm-cavalo-marinho-barcelona-3-pt-pt-2","status":"publish","type":"product","link":"https:\/\/olemosaic.orbitalia.org\/pt-pt\/produto\/4-tacas-de-coco-de-13-x-6-cm-cavalo-marinho-barcelona-3-pt-pt-2\/","title":{"rendered":"4 Ta\u00e7as de coco de 13 x 6 cm. Cavalo-marinho. Azul, vermelho, laranja e rosa. Barcelona."},"content":{"rendered":"<p>Este conjunto de 4 ta\u00e7as de coco de 13 x 6 cm, adornadas com um encantador design de cavalo-marinho, capta a ess\u00eancia de Barcelona de forma vibrante e colorida. Cada ta\u00e7a \u00e9 uma obra artesanal com efeito pintado \u00e0 m\u00e3o, com uma paleta de cores que inclui azul, vermelho, rosa e laranja, criando um efeito visual que evoca a beleza do Mediterr\u00e2neo. A emblem\u00e1tica figura do cavalo-marinho, representada com detalhes em forma de cora\u00e7\u00f5es, acrescenta um toque l\u00fadico e simboliza a rica fauna marinha da costa catal\u00e3.<\/p>\n<p>Estas ta\u00e7as s\u00e3o vers\u00e1teis: ideais para servir aperitivos, como elemento decorativo ou at\u00e9 para guardar objetos pequenos. O seu acabamento brilhante real\u00e7a ainda mais as cores, fazendo de cada pe\u00e7a uma recorda\u00e7\u00e3o \u00fanica e atrativa da cidade condal. Este conjunto \u00e9 perfeito para quem procura lembran\u00e7as de qualidade que reflitam a cultura local, tornando-se um presente ideal tanto para turistas como para residentes.<\/p>\n<p>Na Ol\u00e9 Mosaic, especializamo-nos na distribui\u00e7\u00e3o de lembran\u00e7as por grosso, e este conjunto de ta\u00e7as de coco \u00e9 um excelente exemplo da autenticidade e criatividade que oferecemos. Com estas ta\u00e7as, as lojas de presentes tur\u00edsticos poder\u00e3o oferecer aos seus clientes uma pe\u00e7a significativa de Barcelona, fundindo arte e funcionalidade num s\u00f3 produto. Como grossistas de artigos \u00fanicos, garantimos a qualidade e a origem artesanal de todas as nossas cria\u00e7\u00f5es.<\/p>\n","protected":false},"excerpt":{"rendered":"<p>Conjunto de 4 ta\u00e7as de coco de 13 x 6 cm com um encantador design de cavalo-marinho, que representa a ess\u00eancia de Barcelona. Cada ta\u00e7a apresenta uma vibrante paleta de cores: azul, vermelho, rosa e laranja, com detalhes em forma de cora\u00e7\u00f5es. Decoradas com a emblem\u00e1tica figura do cavalo-marinho, estas ta\u00e7as s\u00e3o ideais para servir aperitivos ou como pe\u00e7as decorativas. O seu acabamento brilhante e design artesanal, pintado \u00e0 m\u00e3o, torna-as uma recorda\u00e7\u00e3o \u00fanica e atrativa da cidade.<\/p>\n","protected":false},"featured_media":10678,"template":"","meta":{"_acf_changed":false},"product_brand":[],"product_cat":[513],"product_tag":[516],"class_list":{"0":"post-38138","1":"product","2":"type-product","3":"status-publish","4":"has-post-thumbnail","6":"product_cat-bols","7":"product_tag-animais","8":"pa_ciudad-barcelona","9":"pa_motivo-cavalos-marinhos","10":"pa_pais-espana","12":"first","13":"instock","14":"shipping-taxable","15":"product-type-simple"},"acf":[],"_links":{"self":[{"href":"https:\/\/olemosaic.orbitalia.org\/pt-pt\/wp-json\/wp\/v2\/product\/38138","targetHints":{"allow":["GET"]}}],"collection":[{"href":"https:\/\/olemosaic.orbitalia.org\/pt-pt\/wp-json\/wp\/v2\/product"}],"about":[{"href":"https:\/\/olemosaic.orbitalia.org\/pt-pt\/wp-json\/wp\/v2\/types\/product"}],"wp:featuredmedia":[{"embeddable":true,"href":"https:\/\/olemosaic.orbitalia.org\/pt-pt\/wp-json\/wp\/v2\/media\/10678"}],"wp:attachment":[{"href":"https:\/\/olemosaic.orbitalia.org\/pt-pt\/wp-json\/wp\/v2\/media?parent=38138"}],"wp:term":[{"taxonomy":"product_brand","embeddable":true,"href":"https:\/\/olemosaic.orbitalia.org\/pt-pt\/wp-json\/wp\/v2\/product_brand?post=38138"},{"taxonomy":"product_cat","embeddable":true,"href":"https:\/\/olemosaic.orbitalia.org\/pt-pt\/wp-json\/wp\/v2\/product_cat?post=38138"},{"taxonomy":"product_tag","embeddable":true,"href":"https:\/\/olemosaic.orbitalia.org\/pt-pt\/wp-json\/wp\/v2\/product_tag?post=38138"}],"curies":[{"name":"wp","href":"https:\/\/api.w.org\/{rel}","templated":true}]}}