{"id":38137,"date":"2025-02-20T22:34:22","date_gmt":"2025-02-20T22:34:22","guid":{"rendered":"https:\/\/olemosaic.orbitalia.org\/producto\/salvamanteles-de-ceramica-valencia\/"},"modified":"2025-07-25T18:49:31","modified_gmt":"2025-07-25T16:49:31","slug":"bases-de-mesa-de-ceramica-valencia","status":"publish","type":"product","link":"https:\/\/olemosaic.orbitalia.org\/pt-pt\/produto\/bases-de-mesa-de-ceramica-valencia\/","title":{"rendered":"Bases de mesa de cer\u00e2mica. Val\u00eancia."},"content":{"rendered":"<p>Esta base de mesa de cer\u00e2mica de Val\u00eancia \u00e9 uma pe\u00e7a vibrante e funcional que capta a ess\u00eancia da cidade mediterr\u00e2nica em cada detalhe. Decorada com ilustra\u00e7\u00f5es ic\u00f3nicas da famosa Cidade das Artes e das Ci\u00eancias, bem como do centro hist\u00f3rico, o design apresenta uma paleta de cores brilhantes, com amarelos luminosos, azuis intensos e vermelhos vibrantes, que evocam o calor e o dinamismo de Val\u00eancia. A borda entran\u00e7ada adiciona um toque artesanal, convertendo esta base de mesa numa pe\u00e7a decorativa ideal para qualquer mesa, tanto no lar como num ambiente comercial.<\/p>\n<p>A liga\u00e7\u00e3o cultural desta base de mesa vai al\u00e9m da sua est\u00e9tica; \u00e9 uma homenagem \u00e0 rica heran\u00e7a art\u00edstica e arquitet\u00f3nica de Val\u00eancia. Os turistas que procuram souvenirs aut\u00eanticos apreciar\u00e3o n\u00e3o s\u00f3 a sua funcionalidade, mas tamb\u00e9m a sua capacidade de recordar uma viagem inesquec\u00edvel a esta maravilhosa cidade. Na Ol\u00e9 Mosaic, orgulhamo-nos de oferecer produtos que refletem a diversidade e o cora\u00e7\u00e3o de Espanha, e esta base de mesa \u00e9 uma excelente op\u00e7\u00e3o para lojas de presentes tur\u00edsticos que procuram artigos de qualidade e grande relev\u00e2ncia cultural. Como grossistas de souvenirs de cer\u00e2mica, garantimos a autenticidade e a beleza em cada uma das nossas pe\u00e7as.<\/p>\n","protected":false},"excerpt":{"rendered":"<p>Base de mesa de cer\u00e2mica com um design vibrante que capta a ess\u00eancia de Val\u00eancia. Este produto apresenta ilustra\u00e7\u00f5es ic\u00f3nicas da cidade, como a Cidade das Artes e das Ci\u00eancias e o centro hist\u00f3rico, numa paleta de cores brilhantes que inclui amarelos, azuis e vermelhos. Rematada com uma borda entran\u00e7ada, esta base de mesa n\u00e3o s\u00f3 \u00e9 funcional, como tamb\u00e9m uma pe\u00e7a decorativa ideal para dar um toque cultural a qualquer mesa.<\/p>\n","protected":false},"featured_media":9898,"template":"","meta":{"_acf_changed":false},"product_brand":[],"product_cat":[830],"product_tag":[515],"class_list":{"0":"post-38137","1":"product","2":"type-product","3":"status-publish","4":"has-post-thumbnail","6":"product_cat-bases-para-pratos","7":"product_tag-ceramica","8":"pa_ciudad-valencia","9":"pa_pais-espana","11":"first","12":"instock","13":"shipping-taxable","14":"product-type-simple"},"acf":[],"_links":{"self":[{"href":"https:\/\/olemosaic.orbitalia.org\/pt-pt\/wp-json\/wp\/v2\/product\/38137","targetHints":{"allow":["GET"]}}],"collection":[{"href":"https:\/\/olemosaic.orbitalia.org\/pt-pt\/wp-json\/wp\/v2\/product"}],"about":[{"href":"https:\/\/olemosaic.orbitalia.org\/pt-pt\/wp-json\/wp\/v2\/types\/product"}],"wp:featuredmedia":[{"embeddable":true,"href":"https:\/\/olemosaic.orbitalia.org\/pt-pt\/wp-json\/wp\/v2\/media\/9898"}],"wp:attachment":[{"href":"https:\/\/olemosaic.orbitalia.org\/pt-pt\/wp-json\/wp\/v2\/media?parent=38137"}],"wp:term":[{"taxonomy":"product_brand","embeddable":true,"href":"https:\/\/olemosaic.orbitalia.org\/pt-pt\/wp-json\/wp\/v2\/product_brand?post=38137"},{"taxonomy":"product_cat","embeddable":true,"href":"https:\/\/olemosaic.orbitalia.org\/pt-pt\/wp-json\/wp\/v2\/product_cat?post=38137"},{"taxonomy":"product_tag","embeddable":true,"href":"https:\/\/olemosaic.orbitalia.org\/pt-pt\/wp-json\/wp\/v2\/product_tag?post=38137"}],"curies":[{"name":"wp","href":"https:\/\/api.w.org\/{rel}","templated":true}]}}