{"id":38136,"date":"2025-02-20T22:34:22","date_gmt":"2025-02-20T22:34:22","guid":{"rendered":"https:\/\/olemosaic.orbitalia.org\/producto\/salvamanteles-de-ceramica-toros-sevilla\/"},"modified":"2025-07-25T18:39:27","modified_gmt":"2025-07-25T16:39:27","slug":"bases-de-mesa-de-ceramica-touros-sevilha","status":"publish","type":"product","link":"https:\/\/olemosaic.orbitalia.org\/pt-pt\/produto\/bases-de-mesa-de-ceramica-touros-sevilha\/","title":{"rendered":"Bases de mesa de cer\u00e2mica. Touros. Sevilha."},"content":{"rendered":"<p>Esta base de mesa de cer\u00e2mica com motivos taurinos \u00e9 uma aut\u00eantica representa\u00e7\u00e3o do esp\u00edrito da tauromaquia, profundamente enraizada na cultura espanhola, e particularmente em Sevilha. Apresenta um vibrante design em mosaico que destaca touros em intensos tons vermelhos e verdes, simbolizando a for\u00e7a e o car\u00e1ter destes animais ic\u00f3nicos. Os touros est\u00e3o rodeados de motivos florais, que adicionam um toque de eleg\u00e2ncia e frescura ao conjunto. A cer\u00e2mica, com o seu acabamento polido, n\u00e3o s\u00f3 \u00e9 atraente visualmente, como tamb\u00e9m garante durabilidade e resist\u00eancia no uso di\u00e1rio.<\/p>\n<p>A borda de corda vermelha que emoldura a pe\u00e7a confere um acabamento art\u00edstico e distintivo, convertendo esta base de mesa num elemento decorativo que capta a aten\u00e7\u00e3o e real\u00e7a qualquer mesa. Ideal para quem procura um souvenir aut\u00eantico e representativo de Sevilha, este produto \u00e9 uma recorda\u00e7\u00e3o tang\u00edvel da rica heran\u00e7a cultural espanhola. Seja como parte de uma cole\u00e7\u00e3o ou como presente, esta base de mesa \u00e9 perfeita para aqueles que desejem levar um pedacinho da cultura andaluza para casa. Na Ol\u00e9 Mosaic, somos distribuidores de souvenirs por grosso, e oferecemos pe\u00e7as que se destacam pela sua autenticidade e liga\u00e7\u00e3o cultural. Esta base de mesa de cer\u00e2mica n\u00e3o s\u00f3 \u00e9 funcional, como tamb\u00e9m celebra a tradi\u00e7\u00e3o e a paix\u00e3o pela tauromaquia, tornando-a uma excelente op\u00e7\u00e3o para lojas de presentes tur\u00edsticos que procuram produtos de qualidade.<\/p>\n","protected":false},"excerpt":{"rendered":"<p>Base de mesa de cer\u00e2mica com motivos taurinos, que representam o esp\u00edrito da tauromaquia sevilhana. Esta atraente base de mesa apresenta um design colorido em mosaico, com touros vibrantes em vermelho e verde, rodeados de motivos florais. Decorada com uma borda de corda vermelha, combina funcionalidade com um estilo art\u00edstico. Perfeita para dar um toque espanhol \u00e0 sua mesa e celebrar a cultura sevilhana.<\/p>\n","protected":false},"featured_media":8146,"template":"","meta":{"_acf_changed":false},"product_brand":[],"product_cat":[830],"product_tag":[516,515],"class_list":{"0":"post-38136","1":"product","2":"type-product","3":"status-publish","4":"has-post-thumbnail","6":"product_cat-bases-para-pratos","7":"product_tag-animais","8":"product_tag-ceramica","9":"pa_ciudad-sevilla","10":"pa_motivo-touros","11":"pa_pais-espana","13":"first","14":"instock","15":"shipping-taxable","16":"product-type-simple"},"acf":[],"_links":{"self":[{"href":"https:\/\/olemosaic.orbitalia.org\/pt-pt\/wp-json\/wp\/v2\/product\/38136","targetHints":{"allow":["GET"]}}],"collection":[{"href":"https:\/\/olemosaic.orbitalia.org\/pt-pt\/wp-json\/wp\/v2\/product"}],"about":[{"href":"https:\/\/olemosaic.orbitalia.org\/pt-pt\/wp-json\/wp\/v2\/types\/product"}],"wp:featuredmedia":[{"embeddable":true,"href":"https:\/\/olemosaic.orbitalia.org\/pt-pt\/wp-json\/wp\/v2\/media\/8146"}],"wp:attachment":[{"href":"https:\/\/olemosaic.orbitalia.org\/pt-pt\/wp-json\/wp\/v2\/media?parent=38136"}],"wp:term":[{"taxonomy":"product_brand","embeddable":true,"href":"https:\/\/olemosaic.orbitalia.org\/pt-pt\/wp-json\/wp\/v2\/product_brand?post=38136"},{"taxonomy":"product_cat","embeddable":true,"href":"https:\/\/olemosaic.orbitalia.org\/pt-pt\/wp-json\/wp\/v2\/product_cat?post=38136"},{"taxonomy":"product_tag","embeddable":true,"href":"https:\/\/olemosaic.orbitalia.org\/pt-pt\/wp-json\/wp\/v2\/product_tag?post=38136"}],"curies":[{"name":"wp","href":"https:\/\/api.w.org\/{rel}","templated":true}]}}