{"id":38135,"date":"2025-02-20T23:34:22","date_gmt":"2025-02-20T22:34:22","guid":{"rendered":"https:\/\/olemosaic.orbitalia.org\/producto\/salvamanteles-de-ceramica-salamandra\/"},"modified":"2025-07-25T18:49:22","modified_gmt":"2025-07-25T16:49:22","slug":"bases-de-mesa-de-ceramica-salamandra","status":"publish","type":"product","link":"https:\/\/olemosaic.orbitalia.org\/pt-pt\/produto\/bases-de-mesa-de-ceramica-salamandra\/","title":{"rendered":"Bases de mesa de cer\u00e2mica. Salamandra."},"content":{"rendered":"<p>Esta base de mesa de cer\u00e2mica, adornada com ilustra\u00e7\u00f5es de salamandras, \u00e9 uma pe\u00e7a encantadora que evoca el folclore espanhol. O seu colorido mosaico, com vibrantes tons vermelhos, azuis, verdes e pretos, confere um toque de alegria e autenticidade a qualquer mesa. As salamandras, representadas em diversas posturas, est\u00e3o rodeadas de delicadas flores que evocam a beleza da natureza espanhola, transformando cada refei\u00e7\u00e3o numa celebra\u00e7\u00e3o da arte e da cultura local.<\/p>\n<p>A cer\u00e2mica, com efeito pintado \u00e0 m\u00e3o por artes\u00e3os especialistas, n\u00e3o s\u00f3 garante um design \u00fanico, como tamb\u00e9m oferece uma superf\u00edcie resistente e f\u00e1cil de limpar, ideal para o uso di\u00e1rio. Al\u00e9m disso, o pr\u00e1tico la\u00e7o que a acompanha assegura um manuseamento c\u00f3modo e atrativo, permitindo exibir esta pe\u00e7a em qualquer ocasi\u00e3o.<\/p>\n<p>Esta base de mesa \u00e9 muito mais do que um simples utens\u00edlio; \u00e9 uma recorda\u00e7\u00e3o representativa da rica tradi\u00e7\u00e3o cultural espanhola, perfeita para turistas que procuram souvenirs aut\u00eanticos que reflitam a sua viagem. Na Ol\u00e9 Mosaic, como distribuidores de souvenirs por grosso, oferecemos este produto como uma excelente op\u00e7\u00e3o para lojas de presentes tur\u00edsticos que valorizam o artesanato e a originalidade na sua sele\u00e7\u00e3o. Ideal para quem procura uma base de mesa de cer\u00e2mica que combine funcionalidade e est\u00e9tica, tornando-se um elemento de conversa em qualquer lar.<\/p>\n","protected":false},"excerpt":{"rendered":"<p>Base de mesa de cer\u00e2mica decorada com chamativas ilustra\u00e7\u00f5es de salamandras. Este encantador acess\u00f3rio apresenta um mosaico colorido com detalhes em vermelho, azul, verde e preto, rodeado de flores vibrantes que evocam o folclore espanhol. A cer\u00e2mica, com design artesanal pintado \u00e0 m\u00e3o, oferece uma superf\u00edcie resistente e f\u00e1cil de limpar, ideal para dar um toque de cor e autenticidade a qualquer mesa. Completa com um pr\u00e1tico la\u00e7o, combina funcionalidade e est\u00e9tica.<\/p>\n","protected":false},"featured_media":8652,"template":"","meta":{"_acf_changed":false},"product_brand":[],"product_cat":[830],"product_tag":[516,515],"class_list":{"0":"post-38135","1":"product","2":"type-product","3":"status-publish","4":"has-post-thumbnail","6":"product_cat-bases-para-pratos","7":"product_tag-animais","8":"product_tag-ceramica","9":"pa_motivo-salamandras","11":"first","12":"instock","13":"shipping-taxable","14":"product-type-simple"},"acf":[],"_links":{"self":[{"href":"https:\/\/olemosaic.orbitalia.org\/pt-pt\/wp-json\/wp\/v2\/product\/38135","targetHints":{"allow":["GET"]}}],"collection":[{"href":"https:\/\/olemosaic.orbitalia.org\/pt-pt\/wp-json\/wp\/v2\/product"}],"about":[{"href":"https:\/\/olemosaic.orbitalia.org\/pt-pt\/wp-json\/wp\/v2\/types\/product"}],"wp:featuredmedia":[{"embeddable":true,"href":"https:\/\/olemosaic.orbitalia.org\/pt-pt\/wp-json\/wp\/v2\/media\/8652"}],"wp:attachment":[{"href":"https:\/\/olemosaic.orbitalia.org\/pt-pt\/wp-json\/wp\/v2\/media?parent=38135"}],"wp:term":[{"taxonomy":"product_brand","embeddable":true,"href":"https:\/\/olemosaic.orbitalia.org\/pt-pt\/wp-json\/wp\/v2\/product_brand?post=38135"},{"taxonomy":"product_cat","embeddable":true,"href":"https:\/\/olemosaic.orbitalia.org\/pt-pt\/wp-json\/wp\/v2\/product_cat?post=38135"},{"taxonomy":"product_tag","embeddable":true,"href":"https:\/\/olemosaic.orbitalia.org\/pt-pt\/wp-json\/wp\/v2\/product_tag?post=38135"}],"curies":[{"name":"wp","href":"https:\/\/api.w.org\/{rel}","templated":true}]}}