{"id":38134,"date":"2025-02-20T22:34:21","date_gmt":"2025-02-20T22:34:21","guid":{"rendered":"https:\/\/olemosaic.orbitalia.org\/producto\/salvamanteles-de-ceramica-toros\/"},"modified":"2025-07-25T18:46:11","modified_gmt":"2025-07-25T16:46:11","slug":"bases-de-mesa-de-ceramica-touros","status":"publish","type":"product","link":"https:\/\/olemosaic.orbitalia.org\/pt-pt\/produto\/bases-de-mesa-de-ceramica-touros\/","title":{"rendered":"Bases de mesa de cer\u00e2mica. Touros."},"content":{"rendered":"<p>Esta base de mesa de cer\u00e2mica com design de touros \u00e9 uma aut\u00eantica joia que capta a ess\u00eancia vibrante da cultura espanhola. O seu colorido mosaico, com touros em tons vermelhos e verdes, elegantemente rodeados de flores e um sol estilizado, reflete a alegria e a tradi\u00e7\u00e3o das festividades espanholas. A cer\u00e2mica, material emblem\u00e1tico do artesanato espanhol, garante uma superf\u00edcie resistente e f\u00e1cil de limpar, ideal para proteger a mesa de manchas e calor durante as refei\u00e7\u00f5es.<\/p>\n<p>O design colorido e detalhado n\u00e3o s\u00f3 adiciona um toque art\u00edstico ao seu lar, como tamb\u00e9m narra uma hist\u00f3ria que liga \u00e0 famosa tradi\u00e7\u00e3o da tauromaquia e \u00e0 celebra\u00e7\u00e3o da vida em Espanha. Cada vez que usar esta base de mesa, estar\u00e1 a incorporar um peda\u00e7o da riqueza cultural das festas espanholas no seu dia a dia.<\/p>\n<p>Este souvenir \u00e9 perfeito para quem procura levar para casa uma recorda\u00e7\u00e3o representativa da sua viagem. Na Ol\u00e9 Mosaic especializamo-nos na distribui\u00e7\u00e3o de souvenirs por grosso e esta base de mesa \u00e9 uma excelente op\u00e7\u00e3o para lojas de presentes tur\u00edsticos que desejem oferecer aos seus clientes um produto aut\u00eantico e cheio de car\u00e1ter. Desfrutar desta base de mesa decorativa n\u00e3o s\u00f3 \u00e9 pr\u00e1tico, como tamb\u00e9m uma homenagem \u00e0 cultura, elevando qualquer refei\u00e7\u00e3o a uma experi\u00eancia inesquec\u00edvel.<\/p>\n","protected":false},"excerpt":{"rendered":"<p>Base de mesa de cer\u00e2mica com design de touros, um elemento emblem\u00e1tico da cultura espanhola. Decorada com um vibrante mosaico de cores, apresenta touros em tons vermelhos e verdes, rodeados de flores e um sol estilizado, refletindo a alegria e a tradi\u00e7\u00e3o das festas espanholas. Este artigo, ideal para proteger a superf\u00edcie das suas mesas, combina funcionalidade e arte, tornando qualquer refei\u00e7\u00e3o especial e cheia de car\u00e1ter.<\/p>\n","protected":false},"featured_media":8551,"template":"","meta":{"_acf_changed":false},"product_brand":[],"product_cat":[830],"product_tag":[516,515],"class_list":{"0":"post-38134","1":"product","2":"type-product","3":"status-publish","4":"has-post-thumbnail","6":"product_cat-bases-para-pratos","7":"product_tag-animais","8":"product_tag-ceramica","9":"pa_motivo-touros","11":"first","12":"instock","13":"shipping-taxable","14":"product-type-simple"},"acf":[],"_links":{"self":[{"href":"https:\/\/olemosaic.orbitalia.org\/pt-pt\/wp-json\/wp\/v2\/product\/38134","targetHints":{"allow":["GET"]}}],"collection":[{"href":"https:\/\/olemosaic.orbitalia.org\/pt-pt\/wp-json\/wp\/v2\/product"}],"about":[{"href":"https:\/\/olemosaic.orbitalia.org\/pt-pt\/wp-json\/wp\/v2\/types\/product"}],"wp:featuredmedia":[{"embeddable":true,"href":"https:\/\/olemosaic.orbitalia.org\/pt-pt\/wp-json\/wp\/v2\/media\/8551"}],"wp:attachment":[{"href":"https:\/\/olemosaic.orbitalia.org\/pt-pt\/wp-json\/wp\/v2\/media?parent=38134"}],"wp:term":[{"taxonomy":"product_brand","embeddable":true,"href":"https:\/\/olemosaic.orbitalia.org\/pt-pt\/wp-json\/wp\/v2\/product_brand?post=38134"},{"taxonomy":"product_cat","embeddable":true,"href":"https:\/\/olemosaic.orbitalia.org\/pt-pt\/wp-json\/wp\/v2\/product_cat?post=38134"},{"taxonomy":"product_tag","embeddable":true,"href":"https:\/\/olemosaic.orbitalia.org\/pt-pt\/wp-json\/wp\/v2\/product_tag?post=38134"}],"curies":[{"name":"wp","href":"https:\/\/api.w.org\/{rel}","templated":true}]}}