{"id":38130,"date":"2025-02-20T23:30:47","date_gmt":"2025-02-20T22:30:47","guid":{"rendered":"https:\/\/olemosaic.orbitalia.org\/producto\/bol-de-coco-naranja-flamenco-2\/"},"modified":"2025-07-25T20:37:11","modified_gmt":"2025-07-25T18:37:11","slug":"taca-de-coco-laranja-flamengo-2-pt-pt","status":"publish","type":"product","link":"https:\/\/olemosaic.orbitalia.org\/pt-pt\/produto\/taca-de-coco-laranja-flamengo-2-pt-pt\/","title":{"rendered":"Ta\u00e7a de coco laranja. Flamengo. Andaluzia."},"content":{"rendered":"<p>Esta ta\u00e7a de coco laranja com motivos de flamingos \u00e9 uma pe\u00e7a encantadora que encerra a ess\u00eancia do folclore espanhol. O seu acabamento brilhante num vibrante tom laranja real\u00e7a o seu apelo visual, enquanto os flamingos brancos, elegantemente ilustrados no centro, adicionam um toque l\u00fadico e distintivo. A forma org\u00e2nica da ta\u00e7a, com um rebordo decorativo que apresenta elementos em tons contrastantes, reflete um excelente trabalho artesanal, ideal para complementar decora\u00e7\u00f5es festivas ou como centro de mesa. Esta ta\u00e7a n\u00e3o s\u00f3 \u00e9 uma op\u00e7\u00e3o decorativa, como tamb\u00e9m representa a rica liga\u00e7\u00e3o cultural com as regi\u00f5es costeiras de Espanha, onde os flamingos habitam e simbolizam a beleza natural. Perfeita para quem procura recorda\u00e7\u00f5es aut\u00eanticas e coloridas, esta ta\u00e7a de coco \u00e9 um presente ideal para turistas e amantes da arte espanhola. Na Ol\u00e9 Mosaic, dedicamo-nos \u00e0 distribui\u00e7\u00e3o de recorda\u00e7\u00f5es por grosso, e esta ta\u00e7a de flamingos \u00e9 uma excelente adi\u00e7\u00e3o para lojas de presentes tur\u00edsticos que desejem oferecer produtos aut\u00eanticos e visualmente atraentes. Garanta um peda\u00e7o da beleza de Espanha com esta ta\u00e7a \u00fanica.<\/p>\n","protected":false},"excerpt":{"rendered":"<p>Ta\u00e7a de coco laranja com motivos de flamingos, ideal para decora\u00e7\u00f5es inspiradas no folclore espanhol. Esta encantadora ta\u00e7a apresenta um acabamento laranja brilhante, real\u00e7ado por um design de flamingos brancos no centro. A sua forma org\u00e2nica e o rebordo decorativo, adornado com elementos em tons contrastantes, conferem um toque artesanal e colorido, perfeito para complementar qualquer espa\u00e7o ou utiliz\u00e1-la como centro de mesa em celebra\u00e7\u00f5es.<\/p>\n","protected":false},"featured_media":13407,"template":"","meta":{"_acf_changed":false},"product_brand":[],"product_cat":[513],"product_tag":[516],"class_list":{"0":"post-38130","1":"product","2":"type-product","3":"status-publish","4":"has-post-thumbnail","6":"product_cat-bols","7":"product_tag-animais","8":"pa_motivo-flamingos","10":"first","11":"instock","12":"shipping-taxable","13":"product-type-simple"},"acf":[],"_links":{"self":[{"href":"https:\/\/olemosaic.orbitalia.org\/pt-pt\/wp-json\/wp\/v2\/product\/38130","targetHints":{"allow":["GET"]}}],"collection":[{"href":"https:\/\/olemosaic.orbitalia.org\/pt-pt\/wp-json\/wp\/v2\/product"}],"about":[{"href":"https:\/\/olemosaic.orbitalia.org\/pt-pt\/wp-json\/wp\/v2\/types\/product"}],"wp:featuredmedia":[{"embeddable":true,"href":"https:\/\/olemosaic.orbitalia.org\/pt-pt\/wp-json\/wp\/v2\/media\/13407"}],"wp:attachment":[{"href":"https:\/\/olemosaic.orbitalia.org\/pt-pt\/wp-json\/wp\/v2\/media?parent=38130"}],"wp:term":[{"taxonomy":"product_brand","embeddable":true,"href":"https:\/\/olemosaic.orbitalia.org\/pt-pt\/wp-json\/wp\/v2\/product_brand?post=38130"},{"taxonomy":"product_cat","embeddable":true,"href":"https:\/\/olemosaic.orbitalia.org\/pt-pt\/wp-json\/wp\/v2\/product_cat?post=38130"},{"taxonomy":"product_tag","embeddable":true,"href":"https:\/\/olemosaic.orbitalia.org\/pt-pt\/wp-json\/wp\/v2\/product_tag?post=38130"}],"curies":[{"name":"wp","href":"https:\/\/api.w.org\/{rel}","templated":true}]}}