{"id":38127,"date":"2025-02-20T23:29:49","date_gmt":"2025-02-20T22:29:49","guid":{"rendered":"https:\/\/olemosaic.orbitalia.org\/producto\/bol-de-coco-azul-ibiscus-4\/"},"modified":"2025-07-25T19:23:02","modified_gmt":"2025-07-25T17:23:02","slug":"taca-de-coco-azul-hibisco-4-pt-pt-2","status":"publish","type":"product","link":"https:\/\/olemosaic.orbitalia.org\/pt-pt\/produto\/taca-de-coco-azul-hibisco-4-pt-pt-2\/","title":{"rendered":"Ta\u00e7a de coco azul. Hibisco. Estilo mediterr\u00e2nico."},"content":{"rendered":"<p>Esta ta\u00e7a de coco azul decorada \u00e9 uma pe\u00e7a \u00fanica que cativar\u00e1 os amantes do design e da cultura. Ideal como centro de mesa ou para servir aperitivos, este artigo artesanal combina beleza e funcionalidade. O seu design destaca um vibrante motivo de hibisco no centro, evocando a frescura e o esp\u00edrito tropical que caracterizam as regi\u00f5es quentes. As bordas da pe\u00e7a s\u00e3o adornadas com mosaicos coloridos, incluindo tons de azul, verde, rosa e amarelo, criando um contraste visual atraente que real\u00e7a cada detalhe.<\/p>\n<p>A fabrica\u00e7\u00e3o desta ta\u00e7a \u00e9 feita inteiramente \u00e0 m\u00e3o, o que garante a sua autenticidade e singularidade. O uso de tons azuis profundos, juntamente com as nuances quentes dos mosaicos, confere \u00e0 pe\u00e7a um ambiente relaxante, perfeito para qualquer ocasi\u00e3o. Al\u00e9m disso, o hibisco, s\u00edmbolo de beleza e delicadeza, integra-se de forma harmoniosa no design, tornando esta ta\u00e7a num elemento representativo das culturas tropicais.<\/p>\n<p>Na Ol\u00e9 Mosaic, como grossista de souvenirs aut\u00eanticos, esta ta\u00e7a de coco azul \u00e9 uma excelente op\u00e7\u00e3o para lojas de presentes tur\u00edsticos que procuram oferecer aos seus clientes recorda\u00e7\u00f5es que, al\u00e9m de serem esteticamente atraentes, tenham uma liga\u00e7\u00e3o cultural significativa. Esta ta\u00e7a reflete a ess\u00eancia dos souvenirs tropicais, tornando-se um presente ideal para aqueles que desejam levar um peda\u00e7o da cultura e da beleza do tr\u00f3pico para casa.<\/p>\n","protected":false},"excerpt":{"rendered":"<p>Ta\u00e7a de coco azul decorada com um vibrante motivo de hibisco no centro, ideal como centro de mesa ou para servir aperitivos. Este artigo artesanal apresenta um design \u00fanico com mosaicos coloridos que bordejam a pe\u00e7a, evocando um ambiente tropical. Feita \u00e0 m\u00e3o, a ta\u00e7a destaca-se pelos seus tons azuis e detalhes quentes, integrando a beleza est\u00e9tica com a funcionalidade num objeto que reflete o esp\u00edrito relaxante dos climas quentes.<\/p>\n","protected":false},"featured_media":13478,"template":"","meta":{"_acf_changed":false},"product_brand":[],"product_cat":[513],"product_tag":[],"class_list":{"0":"post-38127","1":"product","2":"type-product","3":"status-publish","4":"has-post-thumbnail","6":"product_cat-bols","7":"pa_motivo-hibisco","9":"first","10":"instock","11":"shipping-taxable","12":"product-type-simple"},"acf":[],"_links":{"self":[{"href":"https:\/\/olemosaic.orbitalia.org\/pt-pt\/wp-json\/wp\/v2\/product\/38127","targetHints":{"allow":["GET"]}}],"collection":[{"href":"https:\/\/olemosaic.orbitalia.org\/pt-pt\/wp-json\/wp\/v2\/product"}],"about":[{"href":"https:\/\/olemosaic.orbitalia.org\/pt-pt\/wp-json\/wp\/v2\/types\/product"}],"wp:featuredmedia":[{"embeddable":true,"href":"https:\/\/olemosaic.orbitalia.org\/pt-pt\/wp-json\/wp\/v2\/media\/13478"}],"wp:attachment":[{"href":"https:\/\/olemosaic.orbitalia.org\/pt-pt\/wp-json\/wp\/v2\/media?parent=38127"}],"wp:term":[{"taxonomy":"product_brand","embeddable":true,"href":"https:\/\/olemosaic.orbitalia.org\/pt-pt\/wp-json\/wp\/v2\/product_brand?post=38127"},{"taxonomy":"product_cat","embeddable":true,"href":"https:\/\/olemosaic.orbitalia.org\/pt-pt\/wp-json\/wp\/v2\/product_cat?post=38127"},{"taxonomy":"product_tag","embeddable":true,"href":"https:\/\/olemosaic.orbitalia.org\/pt-pt\/wp-json\/wp\/v2\/product_tag?post=38127"}],"curies":[{"name":"wp","href":"https:\/\/api.w.org\/{rel}","templated":true}]}}