{"id":38126,"date":"2025-02-20T22:29:49","date_gmt":"2025-02-20T22:29:49","guid":{"rendered":"https:\/\/olemosaic.orbitalia.org\/producto\/bol-de-coco-azul-concha-camino-de-santiago\/"},"modified":"2025-07-25T19:07:50","modified_gmt":"2025-07-25T17:07:50","slug":"taca-de-coco-azul-concha-caminho-de-santiago-pt-pt-2","status":"publish","type":"product","link":"https:\/\/olemosaic.orbitalia.org\/pt-pt\/produto\/taca-de-coco-azul-concha-caminho-de-santiago-pt-pt-2\/","title":{"rendered":"Ta\u00e7a de coco azul. Concha. Caminho de Santiago."},"content":{"rendered":"<p>Esta ta\u00e7a decorativa de coco azul \u00e9 uma pe\u00e7a \u00fanica inspirada no hist\u00f3rico e cultural Caminho de Santiago, uma rota que tem sido o cora\u00e7\u00e3o da peregrina\u00e7\u00e3o em Espanha durante s\u00e9culos. Com um design azul vibrante que evoca o c\u00e9u e o mar, esta ta\u00e7a destaca-se pelo distintivo s\u00edmbolo do peregrino no centro, rodeado pela inscri\u00e7\u00e3o &#8220;CAMINO DE SANTIAGO&#8221;, ideal para quem procura uma recorda\u00e7\u00e3o aut\u00eantica deste famoso trajeto. As bordas da ta\u00e7a s\u00e3o adornadas com detalhes delicados em branco, criando um belo contraste visual que real\u00e7a o seu apelo est\u00e9tico.<\/p>\n<p>Elaborada a partir de coco, esta ta\u00e7a n\u00e3o serve apenas como um elemento decorativo cativante, mas \u00e9 tamb\u00e9m pr\u00e1tica para arruma\u00e7\u00e3o, acrescentando um toque de cultura a qualquer casa. Cada pe\u00e7a reflete o \u00e1rduo trabalho e a dedica\u00e7\u00e3o dos artes\u00e3os que preservam a ess\u00eancia do Caminho de Santiago, tornando-a num tesouro cultural.<\/p>\n<p>A Ol\u00e9 Mosaic orgulha-se de oferecer souvenirs de qualidade que representam a rica heran\u00e7a espanhola. Esta ta\u00e7a de coco azul \u00e9 uma excelente op\u00e7\u00e3o para lojas de presentes tur\u00edsticos que procuram produtos aut\u00eanticos e significativos. Como distribuidores de souvenirs, garantimos a autenticidade e beleza de cada um dos nossos produtos, o que a torna uma recorda\u00e7\u00e3o maravilhosa para os turistas que desejam levar um peda\u00e7o de Espanha.<\/p>\n","protected":false},"excerpt":{"rendered":"<p>Ta\u00e7a decorativa de coco azul, inspirada no Caminho de Santiago. Esta ta\u00e7a atraente apresenta um design azul vibrante com o distintivo s\u00edmbolo do peregrino no centro e a inscri\u00e7\u00e3o &#8220;CAMINO DE SANTIAGO&#8221;. As bordas da ta\u00e7a s\u00e3o adornadas com detalhes brancos, criando um contraste visual. Elaborada com casca de coco, esta ta\u00e7a \u00e9 perfeita como elemento decorativo ou para arruma\u00e7\u00e3o, evocando a ess\u00eancia do famoso percurso cultural espanhol.<\/p>\n","protected":false},"featured_media":11743,"template":"","meta":{"_acf_changed":false},"product_brand":[],"product_cat":[513],"product_tag":[],"class_list":{"0":"post-38126","1":"product","2":"type-product","3":"status-publish","4":"has-post-thumbnail","6":"product_cat-bols","7":"pa_ciudad-santiago","8":"pa_motivo-conchas","9":"pa_pais-espana","11":"first","12":"instock","13":"shipping-taxable","14":"product-type-simple"},"acf":[],"_links":{"self":[{"href":"https:\/\/olemosaic.orbitalia.org\/pt-pt\/wp-json\/wp\/v2\/product\/38126","targetHints":{"allow":["GET"]}}],"collection":[{"href":"https:\/\/olemosaic.orbitalia.org\/pt-pt\/wp-json\/wp\/v2\/product"}],"about":[{"href":"https:\/\/olemosaic.orbitalia.org\/pt-pt\/wp-json\/wp\/v2\/types\/product"}],"wp:featuredmedia":[{"embeddable":true,"href":"https:\/\/olemosaic.orbitalia.org\/pt-pt\/wp-json\/wp\/v2\/media\/11743"}],"wp:attachment":[{"href":"https:\/\/olemosaic.orbitalia.org\/pt-pt\/wp-json\/wp\/v2\/media?parent=38126"}],"wp:term":[{"taxonomy":"product_brand","embeddable":true,"href":"https:\/\/olemosaic.orbitalia.org\/pt-pt\/wp-json\/wp\/v2\/product_brand?post=38126"},{"taxonomy":"product_cat","embeddable":true,"href":"https:\/\/olemosaic.orbitalia.org\/pt-pt\/wp-json\/wp\/v2\/product_cat?post=38126"},{"taxonomy":"product_tag","embeddable":true,"href":"https:\/\/olemosaic.orbitalia.org\/pt-pt\/wp-json\/wp\/v2\/product_tag?post=38126"}],"curies":[{"name":"wp","href":"https:\/\/api.w.org\/{rel}","templated":true}]}}