{"id":38122,"date":"2025-02-20T23:29:30","date_gmt":"2025-02-20T22:29:30","guid":{"rendered":"https:\/\/olemosaic.orbitalia.org\/producto\/bol-de-ceramica-de-12-cm-salamandra-mallorca-beige\/"},"modified":"2025-07-25T19:38:25","modified_gmt":"2025-07-25T17:38:25","slug":"taca-de-ceramica-de-12-cm-salamandra-maiorca-bege","status":"publish","type":"product","link":"https:\/\/olemosaic.orbitalia.org\/pt-pt\/produto\/taca-de-ceramica-de-12-cm-salamandra-maiorca-bege\/","title":{"rendered":"Ta\u00e7a de cer\u00e2mica de 12 cm. Salamandra. Maiorca. Bege"},"content":{"rendered":"<p>Esta ta\u00e7a de cer\u00e2mica de 12 cm \u00e9 uma atraente recorda\u00e7\u00e3o de Maiorca, destacando-se pelo seu design contagiante de simp\u00e1ticas salamandras numa vibrante paleta de cores sobre um fundo branco no interior. Os detalhes pintados \u00e0 m\u00e3o, incluindo flores multicoloridas e a inscri\u00e7\u00e3o &#8220;MALLORCA&#8221;, acrescentam um ar alegre e festivo a esta pe\u00e7a \u00fanica de cer\u00e2mica maiorquina. A bela linha em bege que adorna o contorno da ta\u00e7a n\u00e3o s\u00f3 emoldura o design, como real\u00e7a as vivas salamandras, que parecem ganhar vida, evocando a rica fauna e a tradi\u00e7\u00e3o cultural da ilha. Ideal tanto para servir aperitivos como para a exibir como um encantador elemento decorativo, esta ta\u00e7a \u00e9 uma representa\u00e7\u00e3o aut\u00eantica do folclore de Maiorca e da sua artesania.<\/p>\n<p>O simbolismo da salamandra na cultura mediterr\u00e2nica, onde \u00e9 associada \u00e0 boa sorte e \u00e0 prosperidade, torna-a uma recorda\u00e7\u00e3o significativa e desej\u00e1vel para os turistas que procuram levar um pedacinho da magia de Maiorca. Na Ol\u00e9 Mosaic, orgulhamo-nos de oferecer recorda\u00e7\u00f5es aut\u00eanticas que celebram a riqueza cultural de Espanha. Esta ta\u00e7a de cer\u00e2mica, como todos os nossos produtos, est\u00e1 dispon\u00edvel por grosso, o que a torna uma excelente op\u00e7\u00e3o para lojas de presentes tur\u00edsticos que procuram artigos que fundam funcionalidade e tradi\u00e7\u00e3o.<\/p>\n","protected":false},"excerpt":{"rendered":"<p>Ta\u00e7a de cer\u00e2mica de 12 cm, decorada com simp\u00e1ticas salamandras em cores vivas sobre um fundo branco. Esta pe\u00e7a, inspirada no folclore maiorquino, apresenta um contorno em bege que real\u00e7a os detalhes pintados \u00e0 m\u00e3o, incluindo flores e a palavra &#8220;MALLORCA&#8221;. Com o seu design alegre e colorido, \u00e9 perfeita para servir aperitivos ou como elemento decorativo que evoca a beleza da ilha.<\/p>\n","protected":false},"featured_media":7725,"template":"","meta":{"_acf_changed":false},"product_brand":[],"product_cat":[513],"product_tag":[516,515],"class_list":{"0":"post-38122","1":"product","2":"type-product","3":"status-publish","4":"has-post-thumbnail","6":"product_cat-bols","7":"product_tag-animais","8":"product_tag-ceramica","9":"pa_ciudad-mallorca","10":"pa_motivo-salamandras","11":"pa_pais-espana","13":"first","14":"instock","15":"shipping-taxable","16":"product-type-simple"},"acf":[],"_links":{"self":[{"href":"https:\/\/olemosaic.orbitalia.org\/pt-pt\/wp-json\/wp\/v2\/product\/38122","targetHints":{"allow":["GET"]}}],"collection":[{"href":"https:\/\/olemosaic.orbitalia.org\/pt-pt\/wp-json\/wp\/v2\/product"}],"about":[{"href":"https:\/\/olemosaic.orbitalia.org\/pt-pt\/wp-json\/wp\/v2\/types\/product"}],"wp:featuredmedia":[{"embeddable":true,"href":"https:\/\/olemosaic.orbitalia.org\/pt-pt\/wp-json\/wp\/v2\/media\/7725"}],"wp:attachment":[{"href":"https:\/\/olemosaic.orbitalia.org\/pt-pt\/wp-json\/wp\/v2\/media?parent=38122"}],"wp:term":[{"taxonomy":"product_brand","embeddable":true,"href":"https:\/\/olemosaic.orbitalia.org\/pt-pt\/wp-json\/wp\/v2\/product_brand?post=38122"},{"taxonomy":"product_cat","embeddable":true,"href":"https:\/\/olemosaic.orbitalia.org\/pt-pt\/wp-json\/wp\/v2\/product_cat?post=38122"},{"taxonomy":"product_tag","embeddable":true,"href":"https:\/\/olemosaic.orbitalia.org\/pt-pt\/wp-json\/wp\/v2\/product_tag?post=38122"}],"curies":[{"name":"wp","href":"https:\/\/api.w.org\/{rel}","templated":true}]}}