{"id":38121,"date":"2025-02-20T23:29:30","date_gmt":"2025-02-20T22:29:30","guid":{"rendered":"https:\/\/olemosaic.orbitalia.org\/producto\/bol-de-ceramica-de-12-cm-panoramica-barcelona-beige\/"},"modified":"2025-07-25T20:11:48","modified_gmt":"2025-07-25T18:11:48","slug":"taca-de-ceramica-de-12-cm-panoramica-barcelona-bege","status":"publish","type":"product","link":"https:\/\/olemosaic.orbitalia.org\/pt-pt\/produto\/taca-de-ceramica-de-12-cm-panoramica-barcelona-bege\/","title":{"rendered":"Ta\u00e7a de cer\u00e2mica de 12 cm. Panor\u00e2mica. Barcelona. Bege"},"content":{"rendered":"<p>Esta ta\u00e7a de cer\u00e2mica de 12 cm destaca-se pelo seu encantador design panor\u00e2mico de Barcelona, que capta a ess\u00eancia vibrante da cidade. O interior da ta\u00e7a apresenta uma ilustra\u00e7\u00e3o com efeito pintado \u00e0 m\u00e3o que real\u00e7a a famosa Sagrada Fam\u00edlia e outros edif\u00edcios emblem\u00e1ticos de Barcelona, criando uma aut\u00eantica obra de arte. As cores vibrantes da imagem real\u00e7am a beleza arquitet\u00f3nica destes \u00edcones urbanos, enquanto o tom bege quente do acabamento exterior se complementa com rebordos num atraente tom vermelho, oferecendo um contraste visual cativante. Esta ta\u00e7a n\u00e3o \u00e9 apenas funcional, mas tamb\u00e9m uma recorda\u00e7\u00e3o decorativa que convida a reviver a magia de Barcelona em cada utiliza\u00e7\u00e3o. Os turistas que procuram souvenirs aut\u00eanticos encontrar\u00e3o nesta ta\u00e7a uma celebra\u00e7\u00e3o da rica cultura e da arquitetura \u00fanica da cidade, tornando-a um excelente complemento para a sua cole\u00e7\u00e3o de recorda\u00e7\u00f5es. Na Ol\u00e9 Mosaic, como distribuidores de souvenirs de cer\u00e2mica, esta ta\u00e7a representa a qualidade e o design caracter\u00edsticos da tradi\u00e7\u00e3o artesanal espanhola, ideal para lojas de presentes tur\u00edsticos que desejem oferecer aos seus clientes artigos aut\u00eanticos e significativos.<\/p>\n","protected":false},"excerpt":{"rendered":"<p>Ta\u00e7a de cer\u00e2mica de 12 cm com uma encantadora panor\u00e2mica de Barcelona no seu interior. A ta\u00e7a apresenta um design artesanal, pintado \u00e0 m\u00e3o, que ilustra a famosa Sagrada Fam\u00edlia e outros edif\u00edcios emblem\u00e1ticos da cidade, com cores vibrantes que real\u00e7am a sua beleza arquitet\u00f3nica. Com um acabamento num tom bege quente e rebordos vermelhos, \u00e9 uma recorda\u00e7\u00e3o atraente que capta a ess\u00eancia de Barcelona, ideal para uso decorativo ou funcional.<\/p>\n","protected":false},"featured_media":7762,"template":"","meta":{"_acf_changed":false},"product_brand":[],"product_cat":[513],"product_tag":[515],"class_list":{"0":"post-38121","1":"product","2":"type-product","3":"status-publish","4":"has-post-thumbnail","6":"product_cat-bols","7":"product_tag-ceramica","8":"pa_ciudad-barcelona","9":"pa_motivo-panoramas","10":"pa_pais-espana","12":"first","13":"instock","14":"shipping-taxable","15":"product-type-simple"},"acf":[],"_links":{"self":[{"href":"https:\/\/olemosaic.orbitalia.org\/pt-pt\/wp-json\/wp\/v2\/product\/38121","targetHints":{"allow":["GET"]}}],"collection":[{"href":"https:\/\/olemosaic.orbitalia.org\/pt-pt\/wp-json\/wp\/v2\/product"}],"about":[{"href":"https:\/\/olemosaic.orbitalia.org\/pt-pt\/wp-json\/wp\/v2\/types\/product"}],"wp:featuredmedia":[{"embeddable":true,"href":"https:\/\/olemosaic.orbitalia.org\/pt-pt\/wp-json\/wp\/v2\/media\/7762"}],"wp:attachment":[{"href":"https:\/\/olemosaic.orbitalia.org\/pt-pt\/wp-json\/wp\/v2\/media?parent=38121"}],"wp:term":[{"taxonomy":"product_brand","embeddable":true,"href":"https:\/\/olemosaic.orbitalia.org\/pt-pt\/wp-json\/wp\/v2\/product_brand?post=38121"},{"taxonomy":"product_cat","embeddable":true,"href":"https:\/\/olemosaic.orbitalia.org\/pt-pt\/wp-json\/wp\/v2\/product_cat?post=38121"},{"taxonomy":"product_tag","embeddable":true,"href":"https:\/\/olemosaic.orbitalia.org\/pt-pt\/wp-json\/wp\/v2\/product_tag?post=38121"}],"curies":[{"name":"wp","href":"https:\/\/api.w.org\/{rel}","templated":true}]}}