{"id":38118,"date":"2025-02-20T23:29:30","date_gmt":"2025-02-20T22:29:30","guid":{"rendered":"https:\/\/olemosaic.orbitalia.org\/producto\/bol-de-ceramica-de-115-cm-panoramica-barcelona-beige\/"},"modified":"2025-07-25T19:27:16","modified_gmt":"2025-07-25T17:27:16","slug":"taca-de-ceramica-de-11-5-cm-panoramica-barcelona-bege","status":"publish","type":"product","link":"https:\/\/olemosaic.orbitalia.org\/pt-pt\/produto\/taca-de-ceramica-de-11-5-cm-panoramica-barcelona-bege\/","title":{"rendered":"Ta\u00e7a de cer\u00e2mica de 11,5 cm. Panor\u00e2mica. Barcelona. Bege"},"content":{"rendered":"<p>Esta ta\u00e7a de cer\u00e2mica de 11,5 cm \u00e9 uma aut\u00eantica homenagem \u00e0 vibrante cidade de Barcelona, um souvenir perfeito para levar um pedacinho da sua beleza \u00fanica. Com um design atrativo que combina uma base suave em cor bege e um rebordo vibrante em laranja, esta ta\u00e7a capta a ess\u00eancia da arquitetura e da cultura da cidade. Decorada \u00e0 m\u00e3o com uma colorida panor\u00e2mica, apresenta estruturas ic\u00f3nicas como a Sagrada Fam\u00edlia e o encantador Parque G\u00fcell, simbolizando o g\u00e9nio criativo de Antoni Gaud\u00ed. Os detalhes art\u00edsticos complementam-se com elementos emblem\u00e1ticos como as palmeiras e os telef\u00e9ricos que caracterizam a vista da cidade, conferindo um ar alegre e din\u00e2mico.<\/p>\n<p>O nome &#8220;Barcelona&#8221; destaca-se com letras chamativas, tornando esta ta\u00e7a uma recorda\u00e7\u00e3o memor\u00e1vel que evoca n\u00e3o s\u00f3 a beleza visual da cidade, mas tamb\u00e9m a sua rica hist\u00f3ria cultural. Esta ta\u00e7a de cer\u00e2mica n\u00e3o \u00e9 apenas perfeita para servir aperitivos ou como decora\u00e7\u00e3o, mas tamb\u00e9m representa um fragmento da magn\u00edfica experi\u00eancia barcelonesa, ideal para turistas que procuram souvenirs aut\u00eanticos.<\/p>\n<p>Na Ol\u00e9 Mosaic, especializamo-nos na distribui\u00e7\u00e3o de souvenirs por grosso, oferecendo produtos que celebram a diversidade cultural de Espanha. Esta ta\u00e7a \u00e9 uma excelente op\u00e7\u00e3o para lojas de presentes tur\u00edsticos que desejem oferecer artigos representativos de Barcelona, combinando design art\u00edstico, funcionalidade e valor cultural em cada pe\u00e7a.<\/p>\n","protected":false},"excerpt":{"rendered":"<p>Ta\u00e7a de cer\u00e2mica de 11,5 cm, decorada com uma colorida panor\u00e2mica de Barcelona. Esta atraente ta\u00e7a apresenta uma base bege e um rebordo laranja vibrante, onde se ilustram estruturas ic\u00f3nicas como a Sagrada Fam\u00edlia e o Parque G\u00fcell, tudo com um estilo de design artesanal, pintado \u00e0 m\u00e3o. O design inclui elementos que simbolizam a cidade, como palmeiras e telef\u00e9ricos, complementados com o nome &#8220;Barcelona&#8221; em letras chamativas, o que torna esta ta\u00e7a uma recorda\u00e7\u00e3o ideal para evocar a beleza arquitet\u00f3nica da cidade.<\/p>\n","protected":false},"featured_media":7787,"template":"","meta":{"_acf_changed":false},"product_brand":[],"product_cat":[513],"product_tag":[515],"class_list":{"0":"post-38118","1":"product","2":"type-product","3":"status-publish","4":"has-post-thumbnail","6":"product_cat-bols","7":"product_tag-ceramica","8":"pa_ciudad-barcelona","9":"pa_motivo-panoramas","10":"pa_pais-espana","12":"first","13":"instock","14":"shipping-taxable","15":"product-type-simple"},"acf":[],"_links":{"self":[{"href":"https:\/\/olemosaic.orbitalia.org\/pt-pt\/wp-json\/wp\/v2\/product\/38118","targetHints":{"allow":["GET"]}}],"collection":[{"href":"https:\/\/olemosaic.orbitalia.org\/pt-pt\/wp-json\/wp\/v2\/product"}],"about":[{"href":"https:\/\/olemosaic.orbitalia.org\/pt-pt\/wp-json\/wp\/v2\/types\/product"}],"wp:featuredmedia":[{"embeddable":true,"href":"https:\/\/olemosaic.orbitalia.org\/pt-pt\/wp-json\/wp\/v2\/media\/7787"}],"wp:attachment":[{"href":"https:\/\/olemosaic.orbitalia.org\/pt-pt\/wp-json\/wp\/v2\/media?parent=38118"}],"wp:term":[{"taxonomy":"product_brand","embeddable":true,"href":"https:\/\/olemosaic.orbitalia.org\/pt-pt\/wp-json\/wp\/v2\/product_brand?post=38118"},{"taxonomy":"product_cat","embeddable":true,"href":"https:\/\/olemosaic.orbitalia.org\/pt-pt\/wp-json\/wp\/v2\/product_cat?post=38118"},{"taxonomy":"product_tag","embeddable":true,"href":"https:\/\/olemosaic.orbitalia.org\/pt-pt\/wp-json\/wp\/v2\/product_tag?post=38118"}],"curies":[{"name":"wp","href":"https:\/\/api.w.org\/{rel}","templated":true}]}}