{"id":38117,"date":"2025-02-20T23:38:28","date_gmt":"2025-02-20T22:38:28","guid":{"rendered":"https:\/\/olemosaic.orbitalia.org\/producto\/salvamanteles-de-ceramica-salamandra-tenerife-2\/"},"modified":"2025-07-25T20:15:40","modified_gmt":"2025-07-25T18:15:40","slug":"base-de-ceramica-salamandra-tenerife-2","status":"publish","type":"product","link":"https:\/\/olemosaic.orbitalia.org\/pt-pt\/produto\/base-de-ceramica-salamandra-tenerife-2\/","title":{"rendered":"Base de cer\u00e2mica para pratos. Salamandra. Ilha de Tenerife."},"content":{"rendered":"<p>Esta base de cer\u00e2mica para pratos, decorada com um design vibrante de salamandras, \u00e9 uma aut\u00eantica homenagem \u00e0 beleza natural de Tenerife. Apresenta m\u00faltiplas salamandras em cores brilhantes, como verde, vermelho e azul, que se espalham sobre um fundo de flores delicadas em tons alegres, criando um ambiente festivo e colorido. A base do descanso de pratos conta com um atraente design de mosaico em tons de cinzento e branco, que real\u00e7a cada figura e adiciona um toque contempor\u00e2neo e artesanal. No centro, a inscri\u00e7\u00e3o &#8220;Tenerife&#8221; apresenta-se em letras coloridas, refor\u00e7ando a sua liga\u00e7\u00e3o com esta bela ilha can\u00e1ria.<\/p>\n<p>Este artigo n\u00e3o \u00e9 apenas funcional, mas tamb\u00e9m representa a riqueza cultural de Tenerife, uma regi\u00e3o conhecida pela sua diversidade biol\u00f3gica e pela sua fauna vibrante. As salamandras, parte do ecossistema local, simbolizam a liga\u00e7\u00e3o entre a natureza e a arte, tornando esta base um souvenir ideal para quem deseja levar um peda\u00e7o da cultura can\u00e1ria. Na Ol\u00e9 Mosaic, especializamo-nos na distribui\u00e7\u00e3o de souvenirs por grosso, e esta base \u00e9 uma excelente op\u00e7\u00e3o para lojas de presentes tur\u00edsticos que procuram artigos aut\u00eanticos e decorativos que destaquem a ess\u00eancia de Tenerife. Al\u00e9m disso, combina design, funcionalidade e relev\u00e2ncia cultural, tornando-o um artigo atraente tanto para turistas como para locais.<\/p>\n","protected":false},"excerpt":{"rendered":"<p>Base de cer\u00e2mica para pratos decorada com um design vibrante de salamandras, inspirado na beleza natural de Tenerife. Este artigo apresenta m\u00faltiplas salamandras de cores brilhantes, acompanhadas de flores que adicionam um toque festivo. A base mostra um design de mosaico em tons de cinzento e branco, real\u00e7ando cada figura com um acabamento brilhante. Com a inscri\u00e7\u00e3o &#8220;Tenerife&#8221; no centro, combina funcionalidade e um apelo visual que capta a ess\u00eancia das Ilhas Can\u00e1rias. Ideal para real\u00e7ar qualquer mesa.<\/p>\n","protected":false},"featured_media":14192,"template":"","meta":{"_acf_changed":false},"product_brand":[],"product_cat":[830],"product_tag":[516,515],"class_list":{"0":"post-38117","1":"product","2":"type-product","3":"status-publish","4":"has-post-thumbnail","6":"product_cat-bases-para-pratos","7":"product_tag-animais","8":"product_tag-ceramica","9":"pa_ciudad-tenerife","10":"pa_motivo-salamandras","11":"pa_pais-espana","13":"first","14":"instock","15":"shipping-taxable","16":"product-type-simple"},"acf":[],"_links":{"self":[{"href":"https:\/\/olemosaic.orbitalia.org\/pt-pt\/wp-json\/wp\/v2\/product\/38117","targetHints":{"allow":["GET"]}}],"collection":[{"href":"https:\/\/olemosaic.orbitalia.org\/pt-pt\/wp-json\/wp\/v2\/product"}],"about":[{"href":"https:\/\/olemosaic.orbitalia.org\/pt-pt\/wp-json\/wp\/v2\/types\/product"}],"wp:featuredmedia":[{"embeddable":true,"href":"https:\/\/olemosaic.orbitalia.org\/pt-pt\/wp-json\/wp\/v2\/media\/14192"}],"wp:attachment":[{"href":"https:\/\/olemosaic.orbitalia.org\/pt-pt\/wp-json\/wp\/v2\/media?parent=38117"}],"wp:term":[{"taxonomy":"product_brand","embeddable":true,"href":"https:\/\/olemosaic.orbitalia.org\/pt-pt\/wp-json\/wp\/v2\/product_brand?post=38117"},{"taxonomy":"product_cat","embeddable":true,"href":"https:\/\/olemosaic.orbitalia.org\/pt-pt\/wp-json\/wp\/v2\/product_cat?post=38117"},{"taxonomy":"product_tag","embeddable":true,"href":"https:\/\/olemosaic.orbitalia.org\/pt-pt\/wp-json\/wp\/v2\/product_tag?post=38117"}],"curies":[{"name":"wp","href":"https:\/\/api.w.org\/{rel}","templated":true}]}}