{"id":38108,"date":"2025-02-20T22:38:23","date_gmt":"2025-02-20T22:38:23","guid":{"rendered":"https:\/\/olemosaic.orbitalia.org\/producto\/posavasos-de-ceramica-mariposa-fuerteventura\/"},"modified":"2025-07-25T19:38:14","modified_gmt":"2025-07-25T17:38:14","slug":"descanso-de-copos-de-ceramica-borboleta-fuerteventura","status":"publish","type":"product","link":"https:\/\/olemosaic.orbitalia.org\/pt-pt\/produto\/descanso-de-copos-de-ceramica-borboleta-fuerteventura\/","title":{"rendered":"Descanso de copos de cer\u00e2mica. Borboleta. Fuerteventura."},"content":{"rendered":"<p>Este descanso de copos de cer\u00e2mica, decorado com borboletas e flores vibrantes, capta a ess\u00eancia da beleza natural de Fuerteventura. O seu design colorido apresenta borboletas chamativas em tons de amarelo, azul e vermelho, que se desdobram majestosamente sobre um fundo claro, evocando a riqueza da paisagem das Can\u00e1rias. As flores, em diferentes tonalidades como amarelo e vermelho, est\u00e3o dispostas de forma atraente, complementando a cena e conferindo um ar fresco e alegre ao ambiente.<\/p>\n<p>Na parte superior do descanso de copos, o texto &#8220;FUERTEVENTURA&#8221; destaca-se com clareza, sublinhando a sua origem e tornando-o uma recorda\u00e7\u00e3o identificativa e representativa do arquip\u00e9lago. Este artigo n\u00e3o s\u00f3 cumpre uma fun\u00e7\u00e3o pr\u00e1tica no lar, protegendo as superf\u00edcies das bebidas, como tamb\u00e9m atua como uma encantadora pe\u00e7a decorativa que evoca imagens vivas da natureza das Can\u00e1rias.<\/p>\n<p>Com a sua autenticidade como souvenir t\u00edpico de Fuerteventura, este descanso de copos \u00e9 uma excelente escolha para turistas que procuram levar para casa um peda\u00e7o do esp\u00edrito vibrante das Ilhas Can\u00e1rias. Na Ol\u00e9 Mosaic, especializamo-nos na distribui\u00e7\u00e3o de souvenirs por grosso, oferecendo produtos \u00fanicos e representativos de cada regi\u00e3o. Este descanso de copos de cer\u00e2mica \u00e9 perfeito para lojas de presentes tur\u00edsticos que desejem oferecer artigos criativos e de qualidade que celebrem a ess\u00eancia cultural de Espanha. Como grossistas de souvenirs, garantimos que cada pe\u00e7a \u00e9 uma celebra\u00e7\u00e3o da mem\u00f3ria e um v\u00ednculo com a riqueza natural de Fuerteventura.<\/p>\n","protected":false},"excerpt":{"rendered":"<p>Descanso de copos de cer\u00e2mica decorado com borboletas e flores vibrantes, inspirado na beleza natural de Fuerteventura. Cada descanso de copos apresenta um design colorido, com borboletas em tons de amarelo, azul e vermelho, rodeadas de flores dispostas de forma atraente. A palavra &#8220;FUERTEVENTURA&#8221; na parte superior destaca a sua origem. Este artigo n\u00e3o \u00e9 apenas funcional, mas tamb\u00e9m uma encantadora pe\u00e7a decorativa que evoca a ess\u00eancia do arquip\u00e9lago das Can\u00e1rias.<\/p>\n","protected":false},"featured_media":14165,"template":"","meta":{"_acf_changed":false},"product_brand":[],"product_cat":[818],"product_tag":[516,515],"class_list":{"0":"post-38108","1":"product","2":"type-product","3":"status-publish","4":"has-post-thumbnail","6":"product_cat-bases-de-copos","7":"product_tag-animais","8":"product_tag-ceramica","9":"pa_ciudad-fuerteventura","10":"pa_motivo-borboletas","11":"pa_pais-espana","13":"first","14":"instock","15":"shipping-taxable","16":"product-type-simple"},"acf":[],"_links":{"self":[{"href":"https:\/\/olemosaic.orbitalia.org\/pt-pt\/wp-json\/wp\/v2\/product\/38108","targetHints":{"allow":["GET"]}}],"collection":[{"href":"https:\/\/olemosaic.orbitalia.org\/pt-pt\/wp-json\/wp\/v2\/product"}],"about":[{"href":"https:\/\/olemosaic.orbitalia.org\/pt-pt\/wp-json\/wp\/v2\/types\/product"}],"wp:featuredmedia":[{"embeddable":true,"href":"https:\/\/olemosaic.orbitalia.org\/pt-pt\/wp-json\/wp\/v2\/media\/14165"}],"wp:attachment":[{"href":"https:\/\/olemosaic.orbitalia.org\/pt-pt\/wp-json\/wp\/v2\/media?parent=38108"}],"wp:term":[{"taxonomy":"product_brand","embeddable":true,"href":"https:\/\/olemosaic.orbitalia.org\/pt-pt\/wp-json\/wp\/v2\/product_brand?post=38108"},{"taxonomy":"product_cat","embeddable":true,"href":"https:\/\/olemosaic.orbitalia.org\/pt-pt\/wp-json\/wp\/v2\/product_cat?post=38108"},{"taxonomy":"product_tag","embeddable":true,"href":"https:\/\/olemosaic.orbitalia.org\/pt-pt\/wp-json\/wp\/v2\/product_tag?post=38108"}],"curies":[{"name":"wp","href":"https:\/\/api.w.org\/{rel}","templated":true}]}}