{"id":38107,"date":"2025-02-20T23:37:37","date_gmt":"2025-02-20T22:37:37","guid":{"rendered":"https:\/\/olemosaic.orbitalia.org\/producto\/toro-figura-de-resina-de-15-cm-pintada-a-mano-2\/"},"modified":"2025-07-25T19:47:35","modified_gmt":"2025-07-25T17:47:35","slug":"touro-figura-de-resina-de-15-cm-pintada-a-mao-2-pt-pt","status":"publish","type":"product","link":"https:\/\/olemosaic.orbitalia.org\/pt-pt\/produto\/touro-figura-de-resina-de-15-cm-pintada-a-mao-2-pt-pt\/","title":{"rendered":"Touro. Figura de mosaico de 15 cm. Touro. Bandeira de Espanha."},"content":{"rendered":"<p>Esta figura de touro de resina de 15 cm \u00e9 uma vibrante homenagem \u00e0 ess\u00eancia e ao simbolismo do touro na cultura espanhola. Com um design de mosaicos pintado \u00e0 m\u00e3o, evoca a paix\u00e3o e a for\u00e7a do folclore espanhol atrav\u00e9s de uma paleta de cores intensas, como o vermelho, o amarelo e o preto. Cada pe\u00e7a \u00e9 \u00fanica gra\u00e7as ao seu acabamento artesanal, que se destaca pelo detalhe e qualidade. O touro, um \u00edcone emblem\u00e1tico de Espanha, representa n\u00e3o s\u00f3 a tradi\u00e7\u00e3o da tauromaquia, mas tamb\u00e9m a fortaleza e o orgulho de um povo que celebra a sua heran\u00e7a cultural.<\/p>\n<p>O seu elaborado design combina a beleza est\u00e9tica com um significado profundo, tornando esta figura num espl\u00eandido elemento decorativo que pode embelezar qualquer espa\u00e7o, desde casas a lojas de presentes tur\u00edsticos. Ao adquirir esta extraordin\u00e1ria recorda\u00e7\u00e3o, os turistas podem levar para casa um peda\u00e7o aut\u00eantico da cultura espanhola, ideal para oferecer ou para adicionar a cole\u00e7\u00f5es de recorda\u00e7\u00f5es que refletem experi\u00eancias \u00fanicas.<\/p>\n<p>Na Ol\u00e9 Mosaic, oferecemos esta figura de touro como parte da nossa sele\u00e7\u00e3o de produtos aut\u00eanticos e representativos. Perfeita para grossistas de recorda\u00e7\u00f5es, esta pe\u00e7a simboliza a riqueza cultural de Espanha e \u00e9 uma adi\u00e7\u00e3o imprescind\u00edvel para qualquer loja que procure oferecer artigos de qualidade e significado.<\/p>\n","protected":false},"excerpt":{"rendered":"<p>Figura de touro de 15 cm, design artesanal, pintada \u00e0 m\u00e3o, com um vibrante design de mosaicos. Esta recorda\u00e7\u00e3o capta a ess\u00eancia do simbolismo do touro na cultura espanhola, com uma gama de cores intensas como vermelhos, amarelos e pretos. Com um acabamento e detalhe requintados, esta figura torna-se um elemento decorativo perfeito para qualquer espa\u00e7o, evocando a paix\u00e3o e o fervor do folclore espanhol. Ideal para oferecer ou para adicionar \u00e0 sua cole\u00e7\u00e3o de recorda\u00e7\u00f5es.<\/p>\n","protected":false},"featured_media":6148,"template":"","meta":{"_acf_changed":false},"product_brand":[],"product_cat":[552],"product_tag":[516],"class_list":{"0":"post-38107","1":"product","2":"type-product","3":"status-publish","4":"has-post-thumbnail","6":"product_cat-numeros","7":"product_tag-animais","8":"pa_motivo-touros","10":"first","11":"instock","12":"shipping-taxable","13":"product-type-simple"},"acf":[],"_links":{"self":[{"href":"https:\/\/olemosaic.orbitalia.org\/pt-pt\/wp-json\/wp\/v2\/product\/38107","targetHints":{"allow":["GET"]}}],"collection":[{"href":"https:\/\/olemosaic.orbitalia.org\/pt-pt\/wp-json\/wp\/v2\/product"}],"about":[{"href":"https:\/\/olemosaic.orbitalia.org\/pt-pt\/wp-json\/wp\/v2\/types\/product"}],"wp:featuredmedia":[{"embeddable":true,"href":"https:\/\/olemosaic.orbitalia.org\/pt-pt\/wp-json\/wp\/v2\/media\/6148"}],"wp:attachment":[{"href":"https:\/\/olemosaic.orbitalia.org\/pt-pt\/wp-json\/wp\/v2\/media?parent=38107"}],"wp:term":[{"taxonomy":"product_brand","embeddable":true,"href":"https:\/\/olemosaic.orbitalia.org\/pt-pt\/wp-json\/wp\/v2\/product_brand?post=38107"},{"taxonomy":"product_cat","embeddable":true,"href":"https:\/\/olemosaic.orbitalia.org\/pt-pt\/wp-json\/wp\/v2\/product_cat?post=38107"},{"taxonomy":"product_tag","embeddable":true,"href":"https:\/\/olemosaic.orbitalia.org\/pt-pt\/wp-json\/wp\/v2\/product_tag?post=38107"}],"curies":[{"name":"wp","href":"https:\/\/api.w.org\/{rel}","templated":true}]}}