{"id":38106,"date":"2025-02-20T23:37:36","date_gmt":"2025-02-20T22:37:36","guid":{"rendered":"https:\/\/olemosaic.orbitalia.org\/producto\/toro-figura-de-resina-de-14-cm-pintada-a-mano-2\/"},"modified":"2025-07-25T19:58:54","modified_gmt":"2025-07-25T17:58:54","slug":"touro-figura-de-resina-de-14-cm-pintada-a-mao-2-pt-pt","status":"publish","type":"product","link":"https:\/\/olemosaic.orbitalia.org\/pt-pt\/produto\/touro-figura-de-resina-de-14-cm-pintada-a-mao-2-pt-pt\/","title":{"rendered":"Touro. Figura de mosaico de 14 cm. Touro. Design em Mosaico."},"content":{"rendered":"<p>Este vibrante touro de resina de 14 cm \u00e9 uma requintada representa\u00e7\u00e3o da rica tradi\u00e7\u00e3o cultural espanhola, ideal como recorda\u00e7\u00e3o para quem deseje levar um fragmento aut\u00eantico de Espanha. Pintada \u00e0 m\u00e3o, cada figura apresenta um colorido mosaico que combina tons azuis, amarelos, vermelhos e verdes, captando a ess\u00eancia do folclore espanhol. A aten\u00e7\u00e3o ao detalhe na sua forma robusta e na sua express\u00e3o din\u00e2mica real\u00e7a a beleza da arte taurom\u00e1quica, um s\u00edmbolo profundamente enraizado na cultura de diversas regi\u00f5es de Espanha.<\/p>\n<p>A t\u00e9cnica artesanal empregada garante que cada touro seja uma pe\u00e7a \u00fanica, reflexo da dedica\u00e7\u00e3o e do talento dos artes\u00e3os espanh\u00f3is. O seu design vibrante n\u00e3o s\u00f3 o torna uma obra de arte decorativa, como tamb\u00e9m o posiciona como uma recorda\u00e7\u00e3o significativa para os turistas que procuram autenticidade e liga\u00e7\u00e3o cultural. Esta recorda\u00e7\u00e3o \u00e9 perfeita para os interessados na cultura taurom\u00e1quica, ficando como uma emblem\u00e1tica lembran\u00e7a da sua visita a Espanha.<\/p>\n<p>Na Ol\u00e9 Mosaic, orgulhamo-nos de ser distribuidores de recorda\u00e7\u00f5es aut\u00eanticas e de qualidade. Este touro de resina \u00e9 uma excelente op\u00e7\u00e3o para lojas de presentes tur\u00edsticos que desejem oferecer produtos que celebrem a rica heran\u00e7a cultural espanhola. Ao escolher o nosso grossista de recorda\u00e7\u00f5es, os estabelecimentos garantem aos seus clientes um peda\u00e7o genu\u00edno de tradi\u00e7\u00e3o e arte.<\/p>\n","protected":false},"excerpt":{"rendered":"<p>Figura de touro de 14 cm, design artesanal, pintada \u00e0 m\u00e3o, inspirada na rica tradi\u00e7\u00e3o cultural espanhola. Este colorido touro, decorado com um vibrante mosaico de tons azuis, amarelos, vermelhos e verdes, capta a ess\u00eancia do folclore espanhol. Cada pe\u00e7a \u00e9 \u00fanica gra\u00e7as \u00e0 sua elabora\u00e7\u00e3o artesanal, que destaca os detalhes da sua forma robusta e da sua express\u00e3o din\u00e2mica. Uma recorda\u00e7\u00e3o perfeita para os amantes da cultura taurom\u00e1quica e da artesania espanhola.<\/p>\n","protected":false},"featured_media":11095,"template":"","meta":{"_acf_changed":false},"product_brand":[],"product_cat":[552],"product_tag":[516],"class_list":{"0":"post-38106","1":"product","2":"type-product","3":"status-publish","4":"has-post-thumbnail","6":"product_cat-numeros","7":"product_tag-animais","8":"pa_motivo-touros","10":"first","11":"instock","12":"shipping-taxable","13":"product-type-simple"},"acf":[],"_links":{"self":[{"href":"https:\/\/olemosaic.orbitalia.org\/pt-pt\/wp-json\/wp\/v2\/product\/38106","targetHints":{"allow":["GET"]}}],"collection":[{"href":"https:\/\/olemosaic.orbitalia.org\/pt-pt\/wp-json\/wp\/v2\/product"}],"about":[{"href":"https:\/\/olemosaic.orbitalia.org\/pt-pt\/wp-json\/wp\/v2\/types\/product"}],"wp:featuredmedia":[{"embeddable":true,"href":"https:\/\/olemosaic.orbitalia.org\/pt-pt\/wp-json\/wp\/v2\/media\/11095"}],"wp:attachment":[{"href":"https:\/\/olemosaic.orbitalia.org\/pt-pt\/wp-json\/wp\/v2\/media?parent=38106"}],"wp:term":[{"taxonomy":"product_brand","embeddable":true,"href":"https:\/\/olemosaic.orbitalia.org\/pt-pt\/wp-json\/wp\/v2\/product_brand?post=38106"},{"taxonomy":"product_cat","embeddable":true,"href":"https:\/\/olemosaic.orbitalia.org\/pt-pt\/wp-json\/wp\/v2\/product_cat?post=38106"},{"taxonomy":"product_tag","embeddable":true,"href":"https:\/\/olemosaic.orbitalia.org\/pt-pt\/wp-json\/wp\/v2\/product_tag?post=38106"}],"curies":[{"name":"wp","href":"https:\/\/api.w.org\/{rel}","templated":true}]}}