{"id":38105,"date":"2025-02-20T23:37:36","date_gmt":"2025-02-20T22:37:36","guid":{"rendered":"https:\/\/olemosaic.orbitalia.org\/producto\/toro-figura-de-resina-de-11-cm-pintada-a-mano-2\/"},"modified":"2025-07-25T18:39:25","modified_gmt":"2025-07-25T16:39:25","slug":"touro-figura-de-resina-de-11-cm-pintada-a-mao-2-pt-pt","status":"publish","type":"product","link":"https:\/\/olemosaic.orbitalia.org\/pt-pt\/produto\/touro-figura-de-resina-de-11-cm-pintada-a-mao-2-pt-pt\/","title":{"rendered":"Touro. Figura de mosaico de 11 cm. Touro. Bandeira de Espanha."},"content":{"rendered":"<p>A figura do touro de resina de 11 cm \u00e9 uma aut\u00eantica homenagem \u00e0 rica tradi\u00e7\u00e3o espanhola, ideal para quem procura uma recorda\u00e7\u00e3o representativa. Esta pe\u00e7a, com efeito de pintura \u00e0 m\u00e3o, destaca-se pela sua vibrante decora\u00e7\u00e3o em mosaico colorido, que evoca as cores emblem\u00e1ticas da cultura taurom\u00e1quica, com predom\u00ednio de vermelhos, amarelos e pretos. Cada figura \u00e9 \u00fanica, elaborada meticulosamente para captar a ess\u00eancia do s\u00edmbolo ic\u00f3nico do pa\u00eds. O touro, parte integrante da hist\u00f3ria e das festividades espanholas, n\u00e3o s\u00f3 representa a for\u00e7a e a paix\u00e3o do povo espanhol, como \u00e9 uma recorda\u00e7\u00e3o requintada para quem deseja levar um pedacinho de Espanha. As formas definidas e os detalhes cuidados do seu design real\u00e7am o seu car\u00e1cter decorativo e permitem apreciar a habilidade artesanal por tr\u00e1s de cada cria\u00e7\u00e3o. Esta recorda\u00e7\u00e3o de touro \u00e9 perfeita como elemento decorativo ou para os amantes da tradi\u00e7\u00e3o espanhola. Na Ol\u00e9 Mosaic, como grossista de artigos de recorda\u00e7\u00e3o, oferecemos esta figura de touro que promete ser um \u00edman para os turistas e uma excelente adi\u00e7\u00e3o para qualquer loja de presentes tur\u00edsticos.<\/p>\n","protected":false},"excerpt":{"rendered":"<p>Figura de touro de 11 cm, design artesanal, pintada \u00e0 m\u00e3o, e decorada com um colorido mosaico que evoca a tradi\u00e7\u00e3o espanhola. Com o seu vibrante design em tons vermelhos, amarelos e pretos, este touro representa um s\u00edmbolo ic\u00f3nico da cultura taurom\u00e1quica. Cada pe\u00e7a \u00e9 \u00fanica, real\u00e7ando as formas definidas e os detalhes meticulosos que captam o esp\u00edrito da Espanha mais aut\u00eantica. Ideal como recorda\u00e7\u00e3o ou elemento decorativo para os amantes da tradi\u00e7\u00e3o espanhola.<\/p>\n","protected":false},"featured_media":6149,"template":"","meta":{"_acf_changed":false},"product_brand":[],"product_cat":[552],"product_tag":[516],"class_list":{"0":"post-38105","1":"product","2":"type-product","3":"status-publish","4":"has-post-thumbnail","6":"product_cat-numeros","7":"product_tag-animais","8":"pa_motivo-touros","10":"first","11":"instock","12":"shipping-taxable","13":"product-type-simple"},"acf":[],"_links":{"self":[{"href":"https:\/\/olemosaic.orbitalia.org\/pt-pt\/wp-json\/wp\/v2\/product\/38105","targetHints":{"allow":["GET"]}}],"collection":[{"href":"https:\/\/olemosaic.orbitalia.org\/pt-pt\/wp-json\/wp\/v2\/product"}],"about":[{"href":"https:\/\/olemosaic.orbitalia.org\/pt-pt\/wp-json\/wp\/v2\/types\/product"}],"wp:featuredmedia":[{"embeddable":true,"href":"https:\/\/olemosaic.orbitalia.org\/pt-pt\/wp-json\/wp\/v2\/media\/6149"}],"wp:attachment":[{"href":"https:\/\/olemosaic.orbitalia.org\/pt-pt\/wp-json\/wp\/v2\/media?parent=38105"}],"wp:term":[{"taxonomy":"product_brand","embeddable":true,"href":"https:\/\/olemosaic.orbitalia.org\/pt-pt\/wp-json\/wp\/v2\/product_brand?post=38105"},{"taxonomy":"product_cat","embeddable":true,"href":"https:\/\/olemosaic.orbitalia.org\/pt-pt\/wp-json\/wp\/v2\/product_cat?post=38105"},{"taxonomy":"product_tag","embeddable":true,"href":"https:\/\/olemosaic.orbitalia.org\/pt-pt\/wp-json\/wp\/v2\/product_tag?post=38105"}],"curies":[{"name":"wp","href":"https:\/\/api.w.org\/{rel}","templated":true}]}}