{"id":38104,"date":"2025-02-20T23:37:36","date_gmt":"2025-02-20T22:37:36","guid":{"rendered":"https:\/\/olemosaic.orbitalia.org\/producto\/toro-figura-de-resina-de-11-cm-pintada-a-mano\/"},"modified":"2025-07-25T19:06:10","modified_gmt":"2025-07-25T17:06:10","slug":"touro-figura-de-resina-de-11-cm-pintada-a-mao-pt-pt","status":"publish","type":"product","link":"https:\/\/olemosaic.orbitalia.org\/pt-pt\/produto\/touro-figura-de-resina-de-11-cm-pintada-a-mao-pt-pt\/","title":{"rendered":"Touro. Figura de mosaico de 11 cm. Touro. Design em Mosaico."},"content":{"rendered":"<p>Este original touro de resina de 11 cm \u00e9 um magn\u00edfico exemplo da rica tradi\u00e7\u00e3o cultural espanhola, ideal para quem procura uma recorda\u00e7\u00e3o representativa e aut\u00eantica. Pintada \u00e0 m\u00e3o com um vibrante design de mosaico, esta figura destaca-se pelo seu colorido e estilo art\u00edstico, integrando uma variada paleta de tons que inclui azuis, vermelhos, amarelos e verdes, o que cria um apelo visual \u00fanico. O touro, s\u00edmbolo da for\u00e7a e do folclore espanhol, apresenta-se de forma estilizada, com formas fluidas que captam a ess\u00eancia do animal e a sua import\u00e2ncia na cultura ib\u00e9rica, especialmente nas festividades ligadas \u00e0 tauromaquia.<\/p>\n<p>Cada detalhe desta figura reflete a dedica\u00e7\u00e3o e a mestria dos artes\u00e3os que a produziram, real\u00e7ando a autenticidade e o car\u00e1cter distintivo das recorda\u00e7\u00f5es de Espanha. Este objeto n\u00e3o \u00e9 apenas uma recorda\u00e7\u00e3o maravilhosa de uma viagem, mas tamb\u00e9m representa um peda\u00e7o da hist\u00f3ria e da arte do pa\u00eds. Na Ol\u00e9 Mosaic, como distribuidores de recorda\u00e7\u00f5es por grosso, oferecemos esta encantadora figura de touro como uma op\u00e7\u00e3o excecional para lojas de presentes tur\u00edsticos, conferindo um toque cultural e aut\u00eantico \u00e0 sua cole\u00e7\u00e3o de produtos. Sem d\u00favida, o touro de mosaico \u00e9 uma excelente adi\u00e7\u00e3o que seduzir\u00e1 os visitantes que desejem levar para casa um fragmento da tradi\u00e7\u00e3o espanhola.<\/p>\n","protected":false},"excerpt":{"rendered":"<p>Figura de touro de 11 cm, design artesanal, pintada \u00e0 m\u00e3o, com um design de mosaico vibrante. Esta pe\u00e7a representativa do folclore espanhol destaca-se pelo seu colorido e estilo art\u00edstico, incorporando uma variedade de tons azuis, vermelhos, amarelos e verdes que criam um apelo visual. A figura representa a robustez e o simbolismo do touro na cultura espanhola, tornando-a uma recorda\u00e7\u00e3o ideal que capta a ess\u00eancia da tradi\u00e7\u00e3o e da arte.<\/p>\n","protected":false},"featured_media":6144,"template":"","meta":{"_acf_changed":false},"product_brand":[],"product_cat":[552],"product_tag":[516],"class_list":{"0":"post-38104","1":"product","2":"type-product","3":"status-publish","4":"has-post-thumbnail","6":"product_cat-numeros","7":"product_tag-animais","8":"pa_motivo-touros","10":"first","11":"instock","12":"shipping-taxable","13":"product-type-simple"},"acf":[],"_links":{"self":[{"href":"https:\/\/olemosaic.orbitalia.org\/pt-pt\/wp-json\/wp\/v2\/product\/38104","targetHints":{"allow":["GET"]}}],"collection":[{"href":"https:\/\/olemosaic.orbitalia.org\/pt-pt\/wp-json\/wp\/v2\/product"}],"about":[{"href":"https:\/\/olemosaic.orbitalia.org\/pt-pt\/wp-json\/wp\/v2\/types\/product"}],"wp:featuredmedia":[{"embeddable":true,"href":"https:\/\/olemosaic.orbitalia.org\/pt-pt\/wp-json\/wp\/v2\/media\/6144"}],"wp:attachment":[{"href":"https:\/\/olemosaic.orbitalia.org\/pt-pt\/wp-json\/wp\/v2\/media?parent=38104"}],"wp:term":[{"taxonomy":"product_brand","embeddable":true,"href":"https:\/\/olemosaic.orbitalia.org\/pt-pt\/wp-json\/wp\/v2\/product_brand?post=38104"},{"taxonomy":"product_cat","embeddable":true,"href":"https:\/\/olemosaic.orbitalia.org\/pt-pt\/wp-json\/wp\/v2\/product_cat?post=38104"},{"taxonomy":"product_tag","embeddable":true,"href":"https:\/\/olemosaic.orbitalia.org\/pt-pt\/wp-json\/wp\/v2\/product_tag?post=38104"}],"curies":[{"name":"wp","href":"https:\/\/api.w.org\/{rel}","templated":true}]}}