{"id":38103,"date":"2025-02-20T23:37:36","date_gmt":"2025-02-20T22:37:36","guid":{"rendered":"https:\/\/olemosaic.orbitalia.org\/producto\/toro-figura-de-resina-de-10-cm-pintada-a-mano-2\/"},"modified":"2025-07-25T20:13:33","modified_gmt":"2025-07-25T18:13:33","slug":"touro-figura-de-resina-de-10-cm-pintada-a-mao-2-pt-pt","status":"publish","type":"product","link":"https:\/\/olemosaic.orbitalia.org\/pt-pt\/produto\/touro-figura-de-resina-de-10-cm-pintada-a-mao-2-pt-pt\/","title":{"rendered":"Touro. Figura de mosaico de 10 cm. Touro. Design em Mosaico."},"content":{"rendered":"<p>Este vibrante touro de resina \u00e9 uma espetacular recorda\u00e7\u00e3o que capta a ess\u00eancia do folclore espanhol. Com uma altura de 10 cm, a figura aparenta ser pintada \u00e0 m\u00e3o, o que a torna uma pe\u00e7a \u00fanica e aut\u00eantica. O seu design destaca-se por um acabamento em mosaico que combina tons amarelos, vermelhos, azuis e verdes, criando um estilo colorido e alegre. Cada detalhe da figura real\u00e7a a majestade do touro, um s\u00edmbolo ic\u00f3nico da tradi\u00e7\u00e3o espanhola, muito associado \u00e0 cultura taurom\u00e1quica e a festividades populares em diversas regi\u00f5es do pa\u00eds.<\/p>\n<p>Os intrincados padr\u00f5es e a explos\u00e3o de cores fazem com que esta figura n\u00e3o seja apenas uma recorda\u00e7\u00e3o da rica heran\u00e7a cultural espanhola, mas tamb\u00e9m um atrativo decorativo que pode real\u00e7ar qualquer cole\u00e7\u00e3o. A figura do touro \u00e9 representativa do poder e da for\u00e7a, bem como da vitalidade do povo espanhol, o que a torna um presente ideal para turistas que procuram uma recorda\u00e7\u00e3o aut\u00eantica da sua visita.<\/p>\n<p>Na Ol\u00e9 Mosaic, especializamo-nos na distribui\u00e7\u00e3o de recorda\u00e7\u00f5es de qualidade por grosso, oferecendo esta singular figura como um excelente produto para lojas de presentes tur\u00edsticos que procuram captar o melhor de Espanha. Este touro de resina \u00e9 uma op\u00e7\u00e3o cativante para quem deseja levar um pouco da tradi\u00e7\u00e3o e da arte espanhola para casa, sendo um verdadeiro tesouro cultural.<\/p>\n","protected":false},"excerpt":{"rendered":"<p>Figura de touro de 10 cm, design artesanal, pintada \u00e0 m\u00e3o, com cores vibrantes. Esta pe\u00e7a representa a emblem\u00e1tica figura do touro, s\u00edmbolo da tradi\u00e7\u00e3o espanhola. O seu design, com um acabamento de mosaico em tons amarelos, vermelhos, azuis e verdes, confere-lhe um car\u00e1cter alegre e distintivo. Perfeito como recorda\u00e7\u00e3o, capta a ess\u00eancia do folclore espanhol e adiciona um toque art\u00edstico a qualquer cole\u00e7\u00e3o.<\/p>\n","protected":false},"featured_media":11101,"template":"","meta":{"_acf_changed":false},"product_brand":[],"product_cat":[552],"product_tag":[516],"class_list":{"0":"post-38103","1":"product","2":"type-product","3":"status-publish","4":"has-post-thumbnail","6":"product_cat-numeros","7":"product_tag-animais","8":"pa_motivo-touros","10":"first","11":"instock","12":"shipping-taxable","13":"product-type-simple"},"acf":[],"_links":{"self":[{"href":"https:\/\/olemosaic.orbitalia.org\/pt-pt\/wp-json\/wp\/v2\/product\/38103","targetHints":{"allow":["GET"]}}],"collection":[{"href":"https:\/\/olemosaic.orbitalia.org\/pt-pt\/wp-json\/wp\/v2\/product"}],"about":[{"href":"https:\/\/olemosaic.orbitalia.org\/pt-pt\/wp-json\/wp\/v2\/types\/product"}],"wp:featuredmedia":[{"embeddable":true,"href":"https:\/\/olemosaic.orbitalia.org\/pt-pt\/wp-json\/wp\/v2\/media\/11101"}],"wp:attachment":[{"href":"https:\/\/olemosaic.orbitalia.org\/pt-pt\/wp-json\/wp\/v2\/media?parent=38103"}],"wp:term":[{"taxonomy":"product_brand","embeddable":true,"href":"https:\/\/olemosaic.orbitalia.org\/pt-pt\/wp-json\/wp\/v2\/product_brand?post=38103"},{"taxonomy":"product_cat","embeddable":true,"href":"https:\/\/olemosaic.orbitalia.org\/pt-pt\/wp-json\/wp\/v2\/product_cat?post=38103"},{"taxonomy":"product_tag","embeddable":true,"href":"https:\/\/olemosaic.orbitalia.org\/pt-pt\/wp-json\/wp\/v2\/product_tag?post=38103"}],"curies":[{"name":"wp","href":"https:\/\/api.w.org\/{rel}","templated":true}]}}