{"id":38102,"date":"2025-02-20T22:37:34","date_gmt":"2025-02-20T22:37:34","guid":{"rendered":"https:\/\/olemosaic.orbitalia.org\/producto\/toro-figura-de-ceramica-de-18-cm-negro-glaceado\/"},"modified":"2025-07-25T19:40:03","modified_gmt":"2025-07-25T17:40:03","slug":"touro-figura-de-ceramica-de-18-cm-preto-vidrado-pt-pt","status":"publish","type":"product","link":"https:\/\/olemosaic.orbitalia.org\/pt-pt\/produto\/touro-figura-de-ceramica-de-18-cm-preto-vidrado-pt-pt\/","title":{"rendered":"Touro. Figura de cer\u00e2mica de 18 cm. Preto Vidrado."},"content":{"rendered":"<p>Este imponente touro de cer\u00e2mica, com um elegante acabamento preto brilhante, \u00e9 uma representa\u00e7\u00e3o art\u00edstica que capta a ess\u00eancia da tradi\u00e7\u00e3o taurina espanhola. Com uma altura de 18 cm, esta figura destaca-se pelo seu design estilizado e pelo seu acabamento brilhante, que real\u00e7a os contornos definidos e a poderosa postura do animal. O touro, s\u00edmbolo de for\u00e7a e valor, evoca a majestade das touradas que t\u00eam sido parte integrante da cultura espanhola durante s\u00e9culos. O seu acabamento brilhante n\u00e3o s\u00f3 reflete a luz de forma cativante, como tamb\u00e9m lhe confere um car\u00e1cter sofisticado, tornando esta pe\u00e7a um elemento decorativo ideal para qualquer casa.<\/p>\n<p>Este produto n\u00e3o \u00e9 apenas uma lembran\u00e7a representativa de Espanha, mas tamb\u00e9m uma aut\u00eantica obra de arte cer\u00e2mica que ser\u00e1 apreciada por quem valoriza o folclore e a tradi\u00e7\u00e3o. A figura, com a sua postura din\u00e2mica, parece mover-se com gra\u00e7a, o que a torna um excelente presente para turistas e amantes da cultura espanhola em geral. Na Ol\u00e9 Mosaic, orgulhamo-nos de oferecer produtos de qualidade por grosso, e esta figura de touro \u00e9 uma op\u00e7\u00e3o ideal para lojas de presentes tur\u00edsticos que procuram artigos aut\u00eanticos e com elevada procura. Celebre a tradi\u00e7\u00e3o e a arte espanhola com esta fascinante figura de cer\u00e2mica, uma recorda\u00e7\u00e3o evocativa de Espanha.<\/p>\n","protected":false},"excerpt":{"rendered":"<p>Figura de cer\u00e2mica de 18 cm que representa um touro, com um elegante acabamento preto brilhante. Esta pe\u00e7a destaca-se pelo seu design estilizado e pelo seu brilho, que capta a ess\u00eancia da tradi\u00e7\u00e3o taurina espanhola. Ideal como recorda\u00e7\u00e3o ou elemento decorativo, a figura sobressai pelos seus contornos definidos e pela sua postura poderosa, evocando a majestade dos touros na cultura espanhola. Perfeita para quem aprecia a arte cer\u00e2mica e o folclore.<\/p>\n","protected":false},"featured_media":7452,"template":"","meta":{"_acf_changed":false},"product_brand":[],"product_cat":[552],"product_tag":[516,515],"class_list":{"0":"post-38102","1":"product","2":"type-product","3":"status-publish","4":"has-post-thumbnail","6":"product_cat-numeros","7":"product_tag-animais","8":"product_tag-ceramica","9":"pa_motivo-touros","11":"first","12":"instock","13":"shipping-taxable","14":"product-type-simple"},"acf":[],"_links":{"self":[{"href":"https:\/\/olemosaic.orbitalia.org\/pt-pt\/wp-json\/wp\/v2\/product\/38102","targetHints":{"allow":["GET"]}}],"collection":[{"href":"https:\/\/olemosaic.orbitalia.org\/pt-pt\/wp-json\/wp\/v2\/product"}],"about":[{"href":"https:\/\/olemosaic.orbitalia.org\/pt-pt\/wp-json\/wp\/v2\/types\/product"}],"wp:featuredmedia":[{"embeddable":true,"href":"https:\/\/olemosaic.orbitalia.org\/pt-pt\/wp-json\/wp\/v2\/media\/7452"}],"wp:attachment":[{"href":"https:\/\/olemosaic.orbitalia.org\/pt-pt\/wp-json\/wp\/v2\/media?parent=38102"}],"wp:term":[{"taxonomy":"product_brand","embeddable":true,"href":"https:\/\/olemosaic.orbitalia.org\/pt-pt\/wp-json\/wp\/v2\/product_brand?post=38102"},{"taxonomy":"product_cat","embeddable":true,"href":"https:\/\/olemosaic.orbitalia.org\/pt-pt\/wp-json\/wp\/v2\/product_cat?post=38102"},{"taxonomy":"product_tag","embeddable":true,"href":"https:\/\/olemosaic.orbitalia.org\/pt-pt\/wp-json\/wp\/v2\/product_tag?post=38102"}],"curies":[{"name":"wp","href":"https:\/\/api.w.org\/{rel}","templated":true}]}}