{"id":38101,"date":"2025-02-20T23:37:34","date_gmt":"2025-02-20T22:37:34","guid":{"rendered":"https:\/\/olemosaic.orbitalia.org\/producto\/dedal-de-ceramica-sardinas-blanco\/"},"modified":"2025-07-25T20:05:12","modified_gmt":"2025-07-25T18:05:12","slug":"dedal-de-ceramica-sardinhas-branco-pt-pt","status":"publish","type":"product","link":"https:\/\/olemosaic.orbitalia.org\/pt-pt\/produto\/dedal-de-ceramica-sardinhas-branco-pt-pt\/","title":{"rendered":"Dedal de cer\u00e2mica. Sardinhas. Branco"},"content":{"rendered":"<p>Este dedal de cer\u00e2mica, decorado com uma vibrante ilustra\u00e7\u00e3o de sardinhas, \u00e9 um aut\u00eantico reflexo da tradi\u00e7\u00e3o piscat\u00f3ria espanhola e uma bonita recorda\u00e7\u00e3o que capta a ess\u00eancia do folclore costeiro. O seu design art\u00edstico, pintado \u00e0 m\u00e3o, apresenta tr\u00eas sardinhas em tons vibrantes de vermelho, verde e amarelo, que contrastam na perfei\u00e7\u00e3o com o fundo azul e branco, embelezado com delicados motivos florais. Cada sardinha, cuidadosamente detalhada, simboliza n\u00e3o s\u00f3 a riqueza do oceano, mas tamb\u00e9m a cultura e a gastronomia que rodeiam a vida costeira em regi\u00f5es como a Galiza ou o Pa\u00eds Basco, onde a pesca \u00e9 parte integrante da identidade local.<\/p>\n<p>Este dedal n\u00e3o \u00e9 apenas uma pe\u00e7a funcional para os amantes da costura, mas tamb\u00e9m \u00e9 um objeto de cole\u00e7\u00e3o ideal para quem procura recordar as suas viagens atrav\u00e9s de lembran\u00e7as de qualidade. A cer\u00e2mica, um material tradicional espanhol, confere autenticidade a este produto, tornando-o um s\u00edmbolo da artesania local.<\/p>\n<p>Na Ol\u00e9 Mosaic, especialistas na distribui\u00e7\u00e3o de lembran\u00e7as por grosso, oferecemos este dedal como uma excelente op\u00e7\u00e3o para lojas de presentes tur\u00edsticos que desejem oferecer produtos representativos e de grande valor cultural. Este dedal de cer\u00e2mica decorado com sardinhas \u00e9 a recorda\u00e7\u00e3o perfeita das cores e da alegria do litoral espanhol.<\/p>\n","protected":false},"excerpt":{"rendered":"<p>Dedal de cer\u00e2mica decorado com uma colorida ilustra\u00e7\u00e3o de sardinhas, que representa a tradi\u00e7\u00e3o piscat\u00f3ria da regi\u00e3o. Este delicado dedal, em tons azuis e brancos, apresenta um design artesanal, pintado \u00e0 m\u00e3o, que destaca tr\u00eas sardinhas em vibrantes tons vermelhos, verdes e amarelos, sobre um fundo com motivos florais. Perfeito para colecionadores e amantes da artesania, esta recorda\u00e7\u00e3o capta a ess\u00eancia do folclore costeiro espanhol.<\/p>\n","protected":false},"featured_media":9057,"template":"","meta":{"_acf_changed":false},"product_brand":[],"product_cat":[599],"product_tag":[516,515],"class_list":{"0":"post-38101","1":"product","2":"type-product","3":"status-publish","4":"has-post-thumbnail","6":"product_cat-dedais","7":"product_tag-animais","8":"product_tag-ceramica","9":"pa_motivo-sardinhas","11":"first","12":"instock","13":"shipping-taxable","14":"product-type-simple"},"acf":[],"_links":{"self":[{"href":"https:\/\/olemosaic.orbitalia.org\/pt-pt\/wp-json\/wp\/v2\/product\/38101","targetHints":{"allow":["GET"]}}],"collection":[{"href":"https:\/\/olemosaic.orbitalia.org\/pt-pt\/wp-json\/wp\/v2\/product"}],"about":[{"href":"https:\/\/olemosaic.orbitalia.org\/pt-pt\/wp-json\/wp\/v2\/types\/product"}],"wp:featuredmedia":[{"embeddable":true,"href":"https:\/\/olemosaic.orbitalia.org\/pt-pt\/wp-json\/wp\/v2\/media\/9057"}],"wp:attachment":[{"href":"https:\/\/olemosaic.orbitalia.org\/pt-pt\/wp-json\/wp\/v2\/media?parent=38101"}],"wp:term":[{"taxonomy":"product_brand","embeddable":true,"href":"https:\/\/olemosaic.orbitalia.org\/pt-pt\/wp-json\/wp\/v2\/product_brand?post=38101"},{"taxonomy":"product_cat","embeddable":true,"href":"https:\/\/olemosaic.orbitalia.org\/pt-pt\/wp-json\/wp\/v2\/product_cat?post=38101"},{"taxonomy":"product_tag","embeddable":true,"href":"https:\/\/olemosaic.orbitalia.org\/pt-pt\/wp-json\/wp\/v2\/product_tag?post=38101"}],"curies":[{"name":"wp","href":"https:\/\/api.w.org\/{rel}","templated":true}]}}