{"id":38100,"date":"2025-02-20T23:37:34","date_gmt":"2025-02-20T22:37:34","guid":{"rendered":"https:\/\/olemosaic.orbitalia.org\/producto\/dedal-de-ceramica-toro-beige\/"},"modified":"2025-07-25T18:37:41","modified_gmt":"2025-07-25T16:37:41","slug":"dedal-de-ceramica-touro-bege-pt-pt","status":"publish","type":"product","link":"https:\/\/olemosaic.orbitalia.org\/pt-pt\/produto\/dedal-de-ceramica-touro-bege-pt-pt\/","title":{"rendered":"Dedal de cer\u00e2mica. Touro. Bege"},"content":{"rendered":"<p>Este dedal de cer\u00e2mica, decorado com um vibrante touro de design em mosaico, \u00e9 um aut\u00eantico s\u00edmbolo da cultura espanhola, ideal para quem procura recorda\u00e7\u00f5es de qualidade. Com um colorido fundo branco, a pe\u00e7a destaca-se pela sua brilhante ilustra\u00e7\u00e3o de um touro, que encarna a ess\u00eancia do apaixonante folclore espanhol. Al\u00e9m disso, os adornos florais vermelhos e as espirais verdes nas laterais conferem um encanto singular, criando um contraste visual atraente que real\u00e7a o orgulho e a for\u00e7a desta figura t\u00e3o representativa.<\/p>\n<p>A base em tom bege adiciona um toque de eleg\u00e2ncia e equil\u00edbrio ao design, enquanto os detalhes meticulosamente pintados \u00e0 m\u00e3o sublinham a mestria artesanal que existe por tr\u00e1s de cada dedal. Este dedal n\u00e3o \u00e9 apenas um acess\u00f3rio funcional para a costura, mas tamb\u00e9m uma recorda\u00e7\u00e3o ideal para colecionadores e entusiastas da tradi\u00e7\u00e3o espanhola. A liga\u00e7\u00e3o cultural com a figura do touro \u00e9 profunda: simboliza a coragem e o esp\u00edrito de Espanha, elementos que ressoam na hist\u00f3ria das touradas e na forte identidade da na\u00e7\u00e3o.<\/p>\n<p>Na Ol\u00e9 Mosaic, oferecemos este dedal como uma recorda\u00e7\u00e3o representativa, perfeita para lojas de presentes tur\u00edsticos que desejem oferecer produtos aut\u00eanticos e de qualidade. Ao escolher este dedal de cer\u00e2mica, os turistas n\u00e3o levam apenas uma pe\u00e7a de arte, mas tamb\u00e9m um fragmento do legado cultural espanhol que perdurar\u00e1 no tempo.<\/p>\n","protected":false},"excerpt":{"rendered":"<p>Dedal de cer\u00e2mica decorado com um vibrante touro de design em mosaico, um s\u00edmbolo ic\u00f3nico da cultura espanhola. A pe\u00e7a apresenta um colorido fundo branco adornado com flores vermelhas e espirais verdes nas laterais, criando um contraste muito atraente. A base em tom bege adiciona eleg\u00e2ncia e equil\u00edbrio ao design, enquanto os detalhes pintados \u00e0 m\u00e3o real\u00e7am a artesania. Ideal para colecionadores ou como uma recorda\u00e7\u00e3o representativa da tradi\u00e7\u00e3o espanhola.<\/p>\n","protected":false},"featured_media":8482,"template":"","meta":{"_acf_changed":false},"product_brand":[],"product_cat":[599],"product_tag":[516,515],"class_list":{"0":"post-38100","1":"product","2":"type-product","3":"status-publish","4":"has-post-thumbnail","6":"product_cat-dedais","7":"product_tag-animais","8":"product_tag-ceramica","9":"pa_motivo-touros","11":"first","12":"instock","13":"shipping-taxable","14":"product-type-simple"},"acf":[],"_links":{"self":[{"href":"https:\/\/olemosaic.orbitalia.org\/pt-pt\/wp-json\/wp\/v2\/product\/38100","targetHints":{"allow":["GET"]}}],"collection":[{"href":"https:\/\/olemosaic.orbitalia.org\/pt-pt\/wp-json\/wp\/v2\/product"}],"about":[{"href":"https:\/\/olemosaic.orbitalia.org\/pt-pt\/wp-json\/wp\/v2\/types\/product"}],"wp:featuredmedia":[{"embeddable":true,"href":"https:\/\/olemosaic.orbitalia.org\/pt-pt\/wp-json\/wp\/v2\/media\/8482"}],"wp:attachment":[{"href":"https:\/\/olemosaic.orbitalia.org\/pt-pt\/wp-json\/wp\/v2\/media?parent=38100"}],"wp:term":[{"taxonomy":"product_brand","embeddable":true,"href":"https:\/\/olemosaic.orbitalia.org\/pt-pt\/wp-json\/wp\/v2\/product_brand?post=38100"},{"taxonomy":"product_cat","embeddable":true,"href":"https:\/\/olemosaic.orbitalia.org\/pt-pt\/wp-json\/wp\/v2\/product_cat?post=38100"},{"taxonomy":"product_tag","embeddable":true,"href":"https:\/\/olemosaic.orbitalia.org\/pt-pt\/wp-json\/wp\/v2\/product_tag?post=38100"}],"curies":[{"name":"wp","href":"https:\/\/api.w.org\/{rel}","templated":true}]}}