{"id":38099,"date":"2025-02-20T22:37:34","date_gmt":"2025-02-20T22:37:34","guid":{"rendered":"https:\/\/olemosaic.orbitalia.org\/producto\/cucharon-de-ceramica-sardinas-blanco-2\/"},"modified":"2025-07-25T19:56:09","modified_gmt":"2025-07-25T17:56:09","slug":"concha-de-ceramica-sardinhas-branco-2","status":"publish","type":"product","link":"https:\/\/olemosaic.orbitalia.org\/pt-pt\/produto\/concha-de-ceramica-sardinhas-branco-2\/","title":{"rendered":"Concha de cer\u00e2mica. Sardinhas. Branco"},"content":{"rendered":"<p>Esta concha de cer\u00e2mica, decorada com motivos de sardinhas, \u00e9 uma pe\u00e7a \u00fanica que traz para a sua cozinha a rica tradi\u00e7\u00e3o gastron\u00f3mica do Mediterr\u00e2neo. Com um design vibrante em branco e azul, esta concha apresenta sardinhas brilhantes em vermelho, verde e amarelo, destacando-se sobre um fundo de delicados padr\u00f5es ornamentais que evocam a cer\u00e2mica tradicional andaluza. A sua forma ergon\u00f3mica n\u00e3o s\u00f3 facilita o servi\u00e7o dos seus pratos favoritos, como tamb\u00e9m a torna um \u00edcone decorativo que atrair\u00e1 a aten\u00e7\u00e3o dos seus convidados.<\/p>\n<p>A inspira\u00e7\u00e3o na cultura piscat\u00f3ria do sul de Espanha real\u00e7a a import\u00e2ncia da sardinha na gastronomia mediterr\u00e2nica, um s\u00edmbolo de frescura e autenticidade. Esta concha alia na perfei\u00e7\u00e3o funcionalidade e arte, tornando-se uma lembran\u00e7a ideal para quem deseja levar consigo um peda\u00e7o da cultura andaluza.<\/p>\n<p>Na Ol\u00e9 Mosaic oferecemos produtos aut\u00eanticos que celebram o patrim\u00f3nio cultural, e esta concha \u00e9, sem d\u00favida, uma excelente op\u00e7\u00e3o para lojas de presentes tur\u00edsticos que procuram artigos \u00fanicos e representativos. Ao incorporar esta concha de cer\u00e2mica decorada nas suas prateleiras, n\u00e3o s\u00f3 oferece um utens\u00edlio \u00fatil, como tamb\u00e9m uma recorda\u00e7\u00e3o evocativa que liga os turistas \u00e0 ess\u00eancia da costa espanhola, tornando-a uma lembran\u00e7a memor\u00e1vel.<\/p>\n","protected":false},"excerpt":{"rendered":"<p>Concha de cer\u00e2mica decorada com motivos de sardinhas, ideal para dar um toque cultural \u00e0 sua cozinha. Com um design em branco e azul que recorda a cer\u00e2mica tradicional andaluza, apresenta sardinhas em cores vibrantes, como o vermelho e o verde, sobre um fundo ornamental. Esta concha \u00e9 perfeita tanto para servir como para expor, combinando funcionalidade e arte num \u00fanico produto que representa a rica gastronomia mediterr\u00e2nica.<\/p>\n","protected":false},"featured_media":9054,"template":"","meta":{"_acf_changed":false},"product_brand":[],"product_cat":[804],"product_tag":[516,515],"class_list":{"0":"post-38099","1":"product","2":"type-product","3":"status-publish","4":"has-post-thumbnail","6":"product_cat-conchas","7":"product_tag-animais","8":"product_tag-ceramica","9":"pa_motivo-sardinhas","11":"first","12":"instock","13":"shipping-taxable","14":"product-type-simple"},"acf":[],"_links":{"self":[{"href":"https:\/\/olemosaic.orbitalia.org\/pt-pt\/wp-json\/wp\/v2\/product\/38099","targetHints":{"allow":["GET"]}}],"collection":[{"href":"https:\/\/olemosaic.orbitalia.org\/pt-pt\/wp-json\/wp\/v2\/product"}],"about":[{"href":"https:\/\/olemosaic.orbitalia.org\/pt-pt\/wp-json\/wp\/v2\/types\/product"}],"wp:featuredmedia":[{"embeddable":true,"href":"https:\/\/olemosaic.orbitalia.org\/pt-pt\/wp-json\/wp\/v2\/media\/9054"}],"wp:attachment":[{"href":"https:\/\/olemosaic.orbitalia.org\/pt-pt\/wp-json\/wp\/v2\/media?parent=38099"}],"wp:term":[{"taxonomy":"product_brand","embeddable":true,"href":"https:\/\/olemosaic.orbitalia.org\/pt-pt\/wp-json\/wp\/v2\/product_brand?post=38099"},{"taxonomy":"product_cat","embeddable":true,"href":"https:\/\/olemosaic.orbitalia.org\/pt-pt\/wp-json\/wp\/v2\/product_cat?post=38099"},{"taxonomy":"product_tag","embeddable":true,"href":"https:\/\/olemosaic.orbitalia.org\/pt-pt\/wp-json\/wp\/v2\/product_tag?post=38099"}],"curies":[{"name":"wp","href":"https:\/\/api.w.org\/{rel}","templated":true}]}}