{"id":38097,"date":"2025-02-20T23:37:19","date_gmt":"2025-02-20T22:37:19","guid":{"rendered":"https:\/\/olemosaic.orbitalia.org\/producto\/4-bols-de-coco-de-13-x-6-cm-salamandra-5\/"},"modified":"2025-07-25T19:56:01","modified_gmt":"2025-07-25T17:56:01","slug":"4-tacas-de-coco-de-13-x-6-cm-salamandra-pt-pt","status":"publish","type":"product","link":"https:\/\/olemosaic.orbitalia.org\/pt-pt\/produto\/4-tacas-de-coco-de-13-x-6-cm-salamandra-pt-pt\/","title":{"rendered":"4 Ta\u00e7as de coco de 13 x 6 cm. Salamandra."},"content":{"rendered":"<p>Descubra a nossa cole\u00e7\u00e3o de ta\u00e7as de coco decorativas, um conjunto encantador que adiciona um toque ex\u00f3tico e vibrante a qualquer casa. Com dimens\u00f5es de 13 x 6 cm, cada ta\u00e7a \u00e9 meticulosamente pintada \u00e0 m\u00e3o, apresentando um design que destaca a simp\u00e1tica salamandra, um s\u00edmbolo de boa sorte em diversas culturas. Este conjunto inclui quatro ta\u00e7as de cores vivas: azul, rosa, amarelo e branco, cada uma adornada com padr\u00f5es brilhantes que evocam o folclore colorido da regi\u00e3o. Os detalhes artesanais refletem-se na delicadeza da pintura, criando uma pe\u00e7a \u00fanica que \u00e9 tanto funcional como decorativa.<\/p>\n<p>Ideais para decorar ou para servir aperitivos nas suas reuni\u00f5es, estas ta\u00e7as de coco n\u00e3o s\u00e3o apenas pr\u00e1ticas, mas tamb\u00e9m s\u00e3o um excelente presente ou recorda\u00e7\u00e3o que captura a ess\u00eancia do artesanato local. Ao escolher estas recorda\u00e7\u00f5es de coco, leva para casa um peda\u00e7o da vibrante e ex\u00f3tica cultura que as rodeia. Na Ol\u00e9 Mosaic, orgulhamo-nos de ser grossistas de artigos aut\u00eanticos, oferecendo produtos que celebram a autenticidade e o patrim\u00f3nio art\u00edstico das suas regi\u00f5es. Estas ta\u00e7as, com o seu design atraente e significado cultural, s\u00e3o a escolha perfeita para lojas de presentes tur\u00edsticos que procuram oferecer aos seus clientes recorda\u00e7\u00f5es representativas e cheias de hist\u00f3ria.<\/p>\n","protected":false},"excerpt":{"rendered":"<p>Ta\u00e7as de coco de 13 x 6 cm, decoradas com motivos de salamandras, perfeitas para dar um toque ex\u00f3tico \u00e0 sua casa. Cada ta\u00e7a, com um design artesanal pintado \u00e0 m\u00e3o, apresenta-se num conjunto de quatro cores vibrantes: azul, rosa, amarelo e branco. As salamandras est\u00e3o cuidadosamente ilustradas no centro e os bordos exibem padr\u00f5es coloridos que evocam o folclore da regi\u00e3o. S\u00e3o ideais como elemento decorativo ou para servir aperitivos.<\/p>\n","protected":false},"featured_media":13896,"template":"","meta":{"_acf_changed":false},"product_brand":[],"product_cat":[513],"product_tag":[516],"class_list":{"0":"post-38097","1":"product","2":"type-product","3":"status-publish","4":"has-post-thumbnail","6":"product_cat-bols","7":"product_tag-animais","8":"pa_motivo-salamandras","10":"first","11":"instock","12":"shipping-taxable","13":"product-type-simple"},"acf":[],"_links":{"self":[{"href":"https:\/\/olemosaic.orbitalia.org\/pt-pt\/wp-json\/wp\/v2\/product\/38097","targetHints":{"allow":["GET"]}}],"collection":[{"href":"https:\/\/olemosaic.orbitalia.org\/pt-pt\/wp-json\/wp\/v2\/product"}],"about":[{"href":"https:\/\/olemosaic.orbitalia.org\/pt-pt\/wp-json\/wp\/v2\/types\/product"}],"wp:featuredmedia":[{"embeddable":true,"href":"https:\/\/olemosaic.orbitalia.org\/pt-pt\/wp-json\/wp\/v2\/media\/13896"}],"wp:attachment":[{"href":"https:\/\/olemosaic.orbitalia.org\/pt-pt\/wp-json\/wp\/v2\/media?parent=38097"}],"wp:term":[{"taxonomy":"product_brand","embeddable":true,"href":"https:\/\/olemosaic.orbitalia.org\/pt-pt\/wp-json\/wp\/v2\/product_brand?post=38097"},{"taxonomy":"product_cat","embeddable":true,"href":"https:\/\/olemosaic.orbitalia.org\/pt-pt\/wp-json\/wp\/v2\/product_cat?post=38097"},{"taxonomy":"product_tag","embeddable":true,"href":"https:\/\/olemosaic.orbitalia.org\/pt-pt\/wp-json\/wp\/v2\/product_tag?post=38097"}],"curies":[{"name":"wp","href":"https:\/\/api.w.org\/{rel}","templated":true}]}}