{"id":38094,"date":"2025-02-20T23:37:18","date_gmt":"2025-02-20T22:37:18","guid":{"rendered":"https:\/\/olemosaic.orbitalia.org\/producto\/4-bols-de-coco-de-13-x-6-cm-sardina-lisboa-8\/"},"modified":"2025-07-25T19:48:27","modified_gmt":"2025-07-25T17:48:27","slug":"4-tacas-de-coco-de-13-x-6-cm-sardinha-lisboa-portugal-pt-pt","status":"publish","type":"product","link":"https:\/\/olemosaic.orbitalia.org\/pt-pt\/produto\/4-tacas-de-coco-de-13-x-6-cm-sardinha-lisboa-portugal-pt-pt\/","title":{"rendered":"4 Ta\u00e7as de coco de 13 x 6 cm. Sardinha. Lisboa. Portugal."},"content":{"rendered":"<p>Este conjunto de 4 ta\u00e7as de coco decoradas com motivos de sardinhas \u00e9 uma fant\u00e1stica recorda\u00e7\u00e3o de Lisboa que captura a ess\u00eancia da rica cultura portuguesa. Cada ta\u00e7a, de 13 x 6 cm, apresenta um design \u00fanico que combina cores vibrantes, como azuis, rosas e dourados, criando um atraente efeito de mosaico que evoca os mercados de peixe da capital lusa. A escolha do coco como material n\u00e3o s\u00f3 garante durabilidade e leveza, como tamb\u00e9m demonstra um compromisso com a autenticidade, refletindo as tradi\u00e7\u00f5es artesanais da regi\u00e3o.<\/p>\n<p>Os detalhes das sardinhas, t\u00e3o emblem\u00e1ticos na gastronomia portuguesa, acrescentam um toque encantador e festivo a cada ta\u00e7a, tornando-as perfeitas para servir aperitivos ou simplesmente como pe\u00e7as decorativas em qualquer casa. Este produto \u00e9 ideal para turistas que procuram recorda\u00e7\u00f5es aut\u00eanticas, funcionais e que, al\u00e9m disso, contem uma hist\u00f3ria da sua origem. Na Ol\u00e9 Mosaic, especializamo-nos na distribui\u00e7\u00e3o de recorda\u00e7\u00f5es por grosso, e estas ta\u00e7as s\u00e3o uma excelente op\u00e7\u00e3o para lojas de presentes tur\u00edsticos que desejem oferecer recorda\u00e7\u00f5es representativas de Lisboa. Com o seu design atraente e o seu significado cultural, estas ta\u00e7as de sardinhas s\u00e3o um cl\u00e1ssico imprescind\u00edvel no cat\u00e1logo de qualquer estabelecimento.<\/p>\n","protected":false},"excerpt":{"rendered":"<p>Ta\u00e7as de coco de 13 x 6 cm, decoradas com motivos coloridos de sardinhas, ideais para adicionar um toque de autenticidad portuguesa a qualquer casa. Cada ta\u00e7a apresenta um design muito especial com detalhes em tons de azul, rosa e dourado, criando um atraente efeito de mosaico. Fabricadas em coco, estas ta\u00e7as s\u00e3o leves e duradouras, perfeitas para servir aperitivos ou como pe\u00e7as decorativas. Uma recorda\u00e7\u00e3o preciosa de Lisboa que reflete a sua rica cultura e tradi\u00e7\u00e3o.<\/p>\n","protected":false},"featured_media":13893,"template":"","meta":{"_acf_changed":false},"product_brand":[],"product_cat":[513],"product_tag":[516],"class_list":{"0":"post-38094","1":"product","2":"type-product","3":"status-publish","4":"has-post-thumbnail","6":"product_cat-bols","7":"product_tag-animais","8":"pa_ciudad-lisboa","9":"pa_motivo-sardinhas","10":"pa_pais-portugal","12":"first","13":"instock","14":"shipping-taxable","15":"product-type-simple"},"acf":[],"_links":{"self":[{"href":"https:\/\/olemosaic.orbitalia.org\/pt-pt\/wp-json\/wp\/v2\/product\/38094","targetHints":{"allow":["GET"]}}],"collection":[{"href":"https:\/\/olemosaic.orbitalia.org\/pt-pt\/wp-json\/wp\/v2\/product"}],"about":[{"href":"https:\/\/olemosaic.orbitalia.org\/pt-pt\/wp-json\/wp\/v2\/types\/product"}],"wp:featuredmedia":[{"embeddable":true,"href":"https:\/\/olemosaic.orbitalia.org\/pt-pt\/wp-json\/wp\/v2\/media\/13893"}],"wp:attachment":[{"href":"https:\/\/olemosaic.orbitalia.org\/pt-pt\/wp-json\/wp\/v2\/media?parent=38094"}],"wp:term":[{"taxonomy":"product_brand","embeddable":true,"href":"https:\/\/olemosaic.orbitalia.org\/pt-pt\/wp-json\/wp\/v2\/product_brand?post=38094"},{"taxonomy":"product_cat","embeddable":true,"href":"https:\/\/olemosaic.orbitalia.org\/pt-pt\/wp-json\/wp\/v2\/product_cat?post=38094"},{"taxonomy":"product_tag","embeddable":true,"href":"https:\/\/olemosaic.orbitalia.org\/pt-pt\/wp-json\/wp\/v2\/product_tag?post=38094"}],"curies":[{"name":"wp","href":"https:\/\/api.w.org\/{rel}","templated":true}]}}