{"id":38091,"date":"2025-02-20T23:36:54","date_gmt":"2025-02-20T22:36:54","guid":{"rendered":"https:\/\/olemosaic.orbitalia.org\/producto\/4-bols-de-coco-de-13-x-6-cm-concha-camino-de-santiago-2\/"},"modified":"2025-07-25T18:35:09","modified_gmt":"2025-07-25T16:35:09","slug":"4-tacas-de-coco-de-13-x-6-cm-concha-caminho-de-santiago-2-pt-pt","status":"publish","type":"product","link":"https:\/\/olemosaic.orbitalia.org\/pt-pt\/produto\/4-tacas-de-coco-de-13-x-6-cm-concha-caminho-de-santiago-2-pt-pt\/","title":{"rendered":"4 Ta\u00e7as de coco de 13 x 6 cm. Concha. Azul, rosa, amarelo e branco. Caminho de Santiago."},"content":{"rendered":"<p>Conjunto de 4 ta\u00e7as de coco decoradas com conchas coloridas do Caminho de Santiago. Este atraente conjunto de ta\u00e7as, cada uma com um di\u00e2metro de 13 cm e uma altura de 6 cm, oferece uma maravilhosa combina\u00e7\u00e3o de funcionalidade e est\u00e9tica. Cada ta\u00e7a apresenta um design \u00fanico, adornado com cores vibrantes como azul, rosa, amarelo e branco, que evocam as paisagens e a riqueza cultural que se encontram ao longo desta emblem\u00e1tica rota. Elaboradas artesanalmente, estas ta\u00e7as destacam-se pelos detalhes pintados \u00e0 m\u00e3o, conferindo um toque pessoal que real\u00e7a a sua autenticidade como recorda\u00e7\u00e3o.<\/p>\n<p>Os motivos de conchas, s\u00edmbolo do Caminho de Santiago, prestam homenagem \u00e0 tradi\u00e7\u00e3o dos peregrinos que percorrem milhares de quil\u00f3metros em busca de espiritualidade e aventura. S\u00e3o ideais como recipientes para servir aperitivos durante reuni\u00f5es ou como elementos decorativos chamativos que adornam qualquer mesa. Este conjunto \u00e9 uma excelente op\u00e7\u00e3o para os turistas que procuram uma recorda\u00e7\u00e3o significativa e representativa da experi\u00eancia do Caminho.<\/p>\n<p>Na Ol\u00e9 Mosaic, especializamo-nos na distribui\u00e7\u00e3o grossista de recorda\u00e7\u00f5es aut\u00eanticas, oferecendo produtos que celebram a cultura e a tradi\u00e7\u00e3o espanhola. As ta\u00e7as de coco do Caminho de Santiago n\u00e3o s\u00e3o apenas um presente perfeito, mas tamb\u00e9m um lembrete visual de uma das rotas de peregrina\u00e7\u00e3o mais importantes do mundo.<\/p>\n","protected":false},"excerpt":{"rendered":"<p>Conjunto de 4 ta\u00e7as de coco de 13 x 6 cm, decoradas com conchas coloridas que representam o Caminho de Santiago. Cada ta\u00e7a apresenta um design muito especial com cores vibrantes como azul, rosa, amarelo e branco, real\u00e7ando um estilo art\u00edstico e aut\u00eantico. A t\u00e9cnica empregada inclui detalhes pintados \u00e0 m\u00e3o, o que confere um toque pessoal e \u00fanico a cada pe\u00e7a. Perfeitas para servir aperitivos ou como elemento decorativo, estas ta\u00e7as s\u00e3o uma homenagem \u00e0 tradi\u00e7\u00e3o e cultura do emblem\u00e1tico Caminho.<\/p>\n","protected":false},"featured_media":13832,"template":"","meta":{"_acf_changed":false},"product_brand":[],"product_cat":[513],"product_tag":[],"class_list":{"0":"post-38091","1":"product","2":"type-product","3":"status-publish","4":"has-post-thumbnail","6":"product_cat-bols","7":"pa_ciudad-santiago","8":"pa_motivo-conchas","9":"pa_pais-espana","11":"first","12":"instock","13":"shipping-taxable","14":"product-type-simple"},"acf":[],"_links":{"self":[{"href":"https:\/\/olemosaic.orbitalia.org\/pt-pt\/wp-json\/wp\/v2\/product\/38091","targetHints":{"allow":["GET"]}}],"collection":[{"href":"https:\/\/olemosaic.orbitalia.org\/pt-pt\/wp-json\/wp\/v2\/product"}],"about":[{"href":"https:\/\/olemosaic.orbitalia.org\/pt-pt\/wp-json\/wp\/v2\/types\/product"}],"wp:featuredmedia":[{"embeddable":true,"href":"https:\/\/olemosaic.orbitalia.org\/pt-pt\/wp-json\/wp\/v2\/media\/13832"}],"wp:attachment":[{"href":"https:\/\/olemosaic.orbitalia.org\/pt-pt\/wp-json\/wp\/v2\/media?parent=38091"}],"wp:term":[{"taxonomy":"product_brand","embeddable":true,"href":"https:\/\/olemosaic.orbitalia.org\/pt-pt\/wp-json\/wp\/v2\/product_brand?post=38091"},{"taxonomy":"product_cat","embeddable":true,"href":"https:\/\/olemosaic.orbitalia.org\/pt-pt\/wp-json\/wp\/v2\/product_cat?post=38091"},{"taxonomy":"product_tag","embeddable":true,"href":"https:\/\/olemosaic.orbitalia.org\/pt-pt\/wp-json\/wp\/v2\/product_tag?post=38091"}],"curies":[{"name":"wp","href":"https:\/\/api.w.org\/{rel}","templated":true}]}}