{"id":38087,"date":"2025-02-20T23:36:23","date_gmt":"2025-02-20T22:36:23","guid":{"rendered":"https:\/\/olemosaic.orbitalia.org\/producto\/iman-de-resina-flores\/"},"modified":"2025-07-25T20:24:57","modified_gmt":"2025-07-25T18:24:57","slug":"iman-de-resina-flores-pt-pt","status":"publish","type":"product","link":"https:\/\/olemosaic.orbitalia.org\/pt-pt\/produto\/iman-de-resina-flores-pt-pt\/","title":{"rendered":"\u00cdman de resina. Flores."},"content":{"rendered":"<p>\u00cdman de resina decorado com vibrantes flores multicoloridas, ideal para levar um pedacinho de Espanha consigo. Este \u00edman destaca-se pelo seu design inspirado na famosa arte do mosaico, com uma exibi\u00e7\u00e3o de flores em tons de vermelho, amarelo, verde e azul que irradiam alegria e cor. Cada flor \u00e9 cuidadosamente delineada com um contorno preto que real\u00e7a as suas formas geom\u00e9tricas distintivas, criando um efeito visual cativante que recorda os mosaicos da tradi\u00e7\u00e3o andaluza. A resina de alta qualidade garante a sua durabilidade e resist\u00eancia, tornando-o uma recorda\u00e7\u00e3o perfeita e funcional que pode colocar no seu frigor\u00edfico, para desfrutar de um pedacinho da cultura espanhola todos os dias.<\/p>\n<p>Este \u00edman n\u00e3o s\u00f3 \u00e9 um objeto decorativo, como tamb\u00e9m um chamativo souvenir que captura a ess\u00eancia do vibrante folclore e da rica heran\u00e7a art\u00edstica de Espanha. Inspirado nas tradi\u00e7\u00f5es artesanais que se encontram por toda a regi\u00e3o, este \u00edman \u00e9 uma excelente op\u00e7\u00e3o para os turistas que procuram levar para casa um pedacinho da sua experi\u00eancia. Na Ol\u00e9 Mosaic, especializamo-nos na distribui\u00e7\u00e3o de souvenirs por grosso, oferecendo produtos aut\u00eanticos que real\u00e7am a cultura e a diversidade de Espanha. Este \u00edman de flores \u00e9 uma prova perfeita da nossa dedica\u00e7\u00e3o \u00e0 qualidade e \u00e0 tradi\u00e7\u00e3o, ideal para lojas de presentes tur\u00edsticos que desejem oferecer recorda\u00e7\u00f5es representativas e cheias de cor.<\/p>\n","protected":false},"excerpt":{"rendered":"<p>\u00cdman decorado com vibrantes flores multicoloridas, ideal para levar um pedacinho de Espanha consigo. Este \u00edman apresenta um design inspirado no mosaico, com flores em tons de vermelho, amarelo, verde e azul que lhe conferem um toque alegre e colorido. Cada flor \u00e9 delineada com um contorno preto que real\u00e7a a sua beleza. Perfeito para adornar o frigor\u00edfico ou como recorda\u00e7\u00e3o das suas viagens.<\/p>\n","protected":false},"featured_media":9570,"template":"","meta":{"_acf_changed":false},"product_brand":[],"product_cat":[699],"product_tag":[],"class_list":{"0":"post-38087","1":"product","2":"type-product","3":"status-publish","4":"has-post-thumbnail","6":"product_cat-imanes","7":"pa_motivo-flores","9":"first","10":"instock","11":"shipping-taxable","12":"product-type-simple"},"acf":[],"_links":{"self":[{"href":"https:\/\/olemosaic.orbitalia.org\/pt-pt\/wp-json\/wp\/v2\/product\/38087","targetHints":{"allow":["GET"]}}],"collection":[{"href":"https:\/\/olemosaic.orbitalia.org\/pt-pt\/wp-json\/wp\/v2\/product"}],"about":[{"href":"https:\/\/olemosaic.orbitalia.org\/pt-pt\/wp-json\/wp\/v2\/types\/product"}],"wp:featuredmedia":[{"embeddable":true,"href":"https:\/\/olemosaic.orbitalia.org\/pt-pt\/wp-json\/wp\/v2\/media\/9570"}],"wp:attachment":[{"href":"https:\/\/olemosaic.orbitalia.org\/pt-pt\/wp-json\/wp\/v2\/media?parent=38087"}],"wp:term":[{"taxonomy":"product_brand","embeddable":true,"href":"https:\/\/olemosaic.orbitalia.org\/pt-pt\/wp-json\/wp\/v2\/product_brand?post=38087"},{"taxonomy":"product_cat","embeddable":true,"href":"https:\/\/olemosaic.orbitalia.org\/pt-pt\/wp-json\/wp\/v2\/product_cat?post=38087"},{"taxonomy":"product_tag","embeddable":true,"href":"https:\/\/olemosaic.orbitalia.org\/pt-pt\/wp-json\/wp\/v2\/product_tag?post=38087"}],"curies":[{"name":"wp","href":"https:\/\/api.w.org\/{rel}","templated":true}]}}