{"id":38082,"date":"2025-02-20T23:36:04","date_gmt":"2025-02-20T22:36:04","guid":{"rendered":"https:\/\/olemosaic.orbitalia.org\/producto\/iman-de-metal-buho-negro-8-cm-2\/"},"modified":"2025-07-25T18:52:42","modified_gmt":"2025-07-25T16:52:42","slug":"iman-de-metal-mocho-preto-8-cm-2-pt-pt","status":"publish","type":"product","link":"https:\/\/olemosaic.orbitalia.org\/pt-pt\/produto\/iman-de-metal-mocho-preto-8-cm-2-pt-pt\/","title":{"rendered":"\u00cdman de metal. Mocho. Mosaico. Preto. 8 cm."},"content":{"rendered":"<p>\u00cdman de mocho colorido de metal. Este encantador \u00edman de 8 cm, desenhado com uma vibrante t\u00e9cnica de mosaico, \u00e9 uma representa\u00e7\u00e3o art\u00edstica do mocho, figura emblem\u00e1tica em diversas culturas que simboliza a sabedoria e o mist\u00e9rio. A pe\u00e7a destaca-se pela sua brilhante paleta de cores, com azuis, vermelhos, amarelos e verdes, dispostos com mestria sobre um elegante fundo preto que real\u00e7a a luminosidade e diversidade das suas tonalidades. A figura do mocho, com os seus grandes olhos amarelos que parecem observar atentamente, n\u00e3o s\u00f3 confere um toque de cor e alegria a qualquer superf\u00edcie met\u00e1lica, como tamb\u00e9m oferece uma liga\u00e7\u00e3o simb\u00f3lica com a rica heran\u00e7a cultural de Espanha e Portugal, onde estas aves s\u00e3o apreciadas pela sua beleza e significado.<\/p>\n<p>Este \u00edman de mosaico n\u00e3o \u00e9 apenas um acess\u00f3rio decorativo, mas uma aut\u00eantica recorda\u00e7\u00e3o que capta a ess\u00eancia da cultura hisp\u00e2nica, ideal para turistas que desejam levar para casa um peda\u00e7o de arte e tradi\u00e7\u00e3o. Na Ol\u00e9 Mosaic, especializados na distribui\u00e7\u00e3o de recorda\u00e7\u00f5es por grosso, oferecemos este colorido \u00edman como uma op\u00e7\u00e3o encantadora para lojas de presentes tur\u00edsticos que procuram produtos aut\u00eanticos e atraentes. Levar um fragmento art\u00edstico da cultura local em forma de \u00edman de mocho \u00e9 uma excelente escolha para quem valoriza a originalidade e o artesanato.<\/p>\n","protected":false},"excerpt":{"rendered":"<p>\u00cdman met\u00e1lico que mostra um mocho colorido, desenhado com uma vibrante t\u00e9cnica de mosaico. Com 8 cm de tamanho, este \u00edman destaca-se pelas suas brilhantes tonalidades azuis, vermelhas, amarelas e verdes, sobre um fundo preto que real\u00e7a a sua caracter\u00edstica figura. Ideal para levar um fragmento art\u00edstico da cultura hisp\u00e2nica para qualquer casa, este \u00edman combina est\u00e9tica e funcionalidade, tornando-se uma recorda\u00e7\u00e3o perfeita.<\/p>\n","protected":false},"featured_media":11435,"template":"","meta":{"_acf_changed":false},"product_brand":[],"product_cat":[699],"product_tag":[516],"class_list":{"0":"post-38082","1":"product","2":"type-product","3":"status-publish","4":"has-post-thumbnail","6":"product_cat-imanes","7":"product_tag-animais","8":"pa_motivo-corujas","10":"first","11":"instock","12":"shipping-taxable","13":"product-type-simple"},"acf":[],"_links":{"self":[{"href":"https:\/\/olemosaic.orbitalia.org\/pt-pt\/wp-json\/wp\/v2\/product\/38082","targetHints":{"allow":["GET"]}}],"collection":[{"href":"https:\/\/olemosaic.orbitalia.org\/pt-pt\/wp-json\/wp\/v2\/product"}],"about":[{"href":"https:\/\/olemosaic.orbitalia.org\/pt-pt\/wp-json\/wp\/v2\/types\/product"}],"wp:featuredmedia":[{"embeddable":true,"href":"https:\/\/olemosaic.orbitalia.org\/pt-pt\/wp-json\/wp\/v2\/media\/11435"}],"wp:attachment":[{"href":"https:\/\/olemosaic.orbitalia.org\/pt-pt\/wp-json\/wp\/v2\/media?parent=38082"}],"wp:term":[{"taxonomy":"product_brand","embeddable":true,"href":"https:\/\/olemosaic.orbitalia.org\/pt-pt\/wp-json\/wp\/v2\/product_brand?post=38082"},{"taxonomy":"product_cat","embeddable":true,"href":"https:\/\/olemosaic.orbitalia.org\/pt-pt\/wp-json\/wp\/v2\/product_cat?post=38082"},{"taxonomy":"product_tag","embeddable":true,"href":"https:\/\/olemosaic.orbitalia.org\/pt-pt\/wp-json\/wp\/v2\/product_tag?post=38082"}],"curies":[{"name":"wp","href":"https:\/\/api.w.org\/{rel}","templated":true}]}}