{"id":38080,"date":"2025-02-20T23:36:03","date_gmt":"2025-02-20T22:36:03","guid":{"rendered":"https:\/\/olemosaic.orbitalia.org\/producto\/iman-de-metal-salamandra-lanzarote-8-cm-2\/"},"modified":"2025-07-25T20:16:32","modified_gmt":"2025-07-25T18:16:32","slug":"iman-de-metal-salamandra-lanzarote-8-cm-2-pt-pt-2","status":"publish","type":"product","link":"https:\/\/olemosaic.orbitalia.org\/pt-pt\/produto\/iman-de-metal-salamandra-lanzarote-8-cm-2-pt-pt-2\/","title":{"rendered":"\u00cdman de metal. Salamandra. Lanzarote. Can\u00e1rias. 8 cm."},"content":{"rendered":"<p>\u00cdman met\u00e1lico de 8 cm inspirado na emblem\u00e1tica salamandra de Lanzarote. Este vibrante \u00edman apresenta um design colorido que destaca a representa\u00e7\u00e3o da famosa salamandra, s\u00edmbolo da arte de C\u00e9sar Manrique, no cora\u00e7\u00e3o da ilha. Com um mosaico de tons azuis, verdes e vermelhos, este objeto capta a ess\u00eancia da vibrante paisagem can\u00e1ria e a abordagem art\u00edstica inovadora que Manrique impulsionou em Lanzarote. O fundo azul claro sugere a serenidade do c\u00e9u da ilha, enquanto o texto \u201cLANZAROTE\u201d se integra de forma chamativa, acrescentando um toque claramente identificativo e cultural.<\/p>\n<p>Este \u00edman n\u00e3o s\u00f3 \u00e9 um acess\u00f3rio pr\u00e1tico para a casa, como tamb\u00e9m atua como uma recorda\u00e7\u00e3o significativa que evoca a beleza e o folclore de Lanzarote. Os turistas encontrar\u00e3o nesta recorda\u00e7\u00e3o uma excelente representa\u00e7\u00e3o da rica heran\u00e7a cultural da regi\u00e3o, ideal para levar um pedacinho da ilha. Na Ol\u00e9 Mosaic, especializamo-nos na distribui\u00e7\u00e3o de recorda\u00e7\u00f5es met\u00e1licas por grosso, oferecendo produtos aut\u00eanticos que celebram a tradi\u00e7\u00e3o e o artesanato locais. Este \u00edman de salamandra \u00e9 uma op\u00e7\u00e3o perfeita para lojas de presentes tur\u00edsticos que procuram artigos distintivos e de qualidade.<\/p>\n","protected":false},"excerpt":{"rendered":"<p>\u00cdman met\u00e1lico de 8 cm inspirado na emblem\u00e1tica salamandra de Lanzarote. Este colorido \u00edman apresenta um design vibrante com um mosaico de tons azuis, verdes e vermelhos, que evoca a arte de C\u00e9sar Manrique. Adornado com a representa\u00e7\u00e3o da salamandra no centro, o fundo azul claro sugere o c\u00e9u can\u00e1rio, enquanto a inscri\u00e7\u00e3o &#8220;LANZAROTE&#8221; acrescenta um toque identificativo. Ideal para recordar a beleza e o folclore desta ilha.<\/p>\n","protected":false},"featured_media":12883,"template":"","meta":{"_acf_changed":false},"product_brand":[],"product_cat":[699],"product_tag":[516],"class_list":{"0":"post-38080","1":"product","2":"type-product","3":"status-publish","4":"has-post-thumbnail","6":"product_cat-imanes","7":"product_tag-animais","8":"pa_ciudad-lanzarote","9":"pa_motivo-salamandras","10":"pa_pais-espana","12":"first","13":"instock","14":"shipping-taxable","15":"product-type-simple"},"acf":[],"_links":{"self":[{"href":"https:\/\/olemosaic.orbitalia.org\/pt-pt\/wp-json\/wp\/v2\/product\/38080","targetHints":{"allow":["GET"]}}],"collection":[{"href":"https:\/\/olemosaic.orbitalia.org\/pt-pt\/wp-json\/wp\/v2\/product"}],"about":[{"href":"https:\/\/olemosaic.orbitalia.org\/pt-pt\/wp-json\/wp\/v2\/types\/product"}],"wp:featuredmedia":[{"embeddable":true,"href":"https:\/\/olemosaic.orbitalia.org\/pt-pt\/wp-json\/wp\/v2\/media\/12883"}],"wp:attachment":[{"href":"https:\/\/olemosaic.orbitalia.org\/pt-pt\/wp-json\/wp\/v2\/media?parent=38080"}],"wp:term":[{"taxonomy":"product_brand","embeddable":true,"href":"https:\/\/olemosaic.orbitalia.org\/pt-pt\/wp-json\/wp\/v2\/product_brand?post=38080"},{"taxonomy":"product_cat","embeddable":true,"href":"https:\/\/olemosaic.orbitalia.org\/pt-pt\/wp-json\/wp\/v2\/product_cat?post=38080"},{"taxonomy":"product_tag","embeddable":true,"href":"https:\/\/olemosaic.orbitalia.org\/pt-pt\/wp-json\/wp\/v2\/product_tag?post=38080"}],"curies":[{"name":"wp","href":"https:\/\/api.w.org\/{rel}","templated":true}]}}