{"id":38078,"date":"2025-02-20T23:36:03","date_gmt":"2025-02-20T22:36:03","guid":{"rendered":"https:\/\/olemosaic.orbitalia.org\/producto\/iman-de-metal-salamandra-gran-canaria-8-cm-2\/"},"modified":"2025-07-25T20:30:07","modified_gmt":"2025-07-25T18:30:07","slug":"iman-de-metal-salamandra-gran-canaria-8-cm-2-pt-pt-2","status":"publish","type":"product","link":"https:\/\/olemosaic.orbitalia.org\/pt-pt\/produto\/iman-de-metal-salamandra-gran-canaria-8-cm-2-pt-pt-2\/","title":{"rendered":"\u00cdman de metal. Salamandra. Mosaico. Gran Canaria. 8 cm."},"content":{"rendered":"<p>\u00cdman de metal de 8 cm decorado com uma vibrante salamandra, representativa de Gran Canaria. Este encantador \u00edman, com design de mosaico, capta a ess\u00eancia do folclore can\u00e1rio com o seu estilo colorido e original. A figura central da salamandra exibe uma paleta de tonalidades que inclui verdes, amarelos, laranjas e azuis, criando um contraste chamativo sobre o fundo azul que simula azulejos tradicionais. A palavra &#8220;GRAN CANARIA&#8221;, impressa a vermelho na parte superior, sublinha a liga\u00e7\u00e3o cultural da recorda\u00e7\u00e3o e real\u00e7a o seu apelo visual.<\/p>\n<p>O design deste \u00edman n\u00e3o s\u00f3 celebra a rica biodiversidade de Gran Canaria, como tamb\u00e9m evoca a alegria e o colorido dos seus costumes e tradi\u00e7\u00f5es. A salamandra, s\u00edmbolo da natureza can\u00e1ria, tornou-se um \u00edcone da ilha, representando a vida selvagem que nela habita. Este \u00edman de metal, funcional e decorativo, \u00e9 uma excelente recorda\u00e7\u00e3o para os turistas que desejam levar um pedacinho do esp\u00edrito insular para casa.<\/p>\n<p>Na Ol\u00e9 Mosaic, especializamo-nos na distribui\u00e7\u00e3o de recorda\u00e7\u00f5es por grosso, oferecendo produtos como este \u00edman de salamandra, que n\u00e3o s\u00f3 s\u00e3o perfeitos para exibir em casa, como tamb\u00e9m transmitem a riqueza cultural de Gran Canaria. Esta recorda\u00e7\u00e3o \u00e9 ideal para lojas de presentes tur\u00edsticos que procuram oferecer produtos aut\u00eanticos e representativos da zona, garantindo qualidade e originalidade em cada pe\u00e7a.<\/p>\n","protected":false},"excerpt":{"rendered":"<p>\u00cdman met\u00e1lico de 8 cm adornado com uma vibrante salamandra, representativa de Gran Canaria. Este \u00edman apresenta um design de mosaico colorido que capta a ess\u00eancia do folclore can\u00e1rio, mostrando a salamandra sobre um fundo azul que simula azulejos. As tonalidades verdes, amarelas e azuis destacam-se na figura, enquanto a palavra &#8220;GRAN CANARIA&#8221; est\u00e1 impressa a vermelho na parte superior, complementando o seu apelo visual e cultural.<\/p>\n","protected":false},"featured_media":12877,"template":"","meta":{"_acf_changed":false},"product_brand":[],"product_cat":[699],"product_tag":[516],"class_list":{"0":"post-38078","1":"product","2":"type-product","3":"status-publish","4":"has-post-thumbnail","6":"product_cat-imanes","7":"product_tag-animais","8":"pa_ciudad-gran-canaria","9":"pa_motivo-salamandras","10":"pa_pais-espana","12":"first","13":"instock","14":"shipping-taxable","15":"product-type-simple"},"acf":[],"_links":{"self":[{"href":"https:\/\/olemosaic.orbitalia.org\/pt-pt\/wp-json\/wp\/v2\/product\/38078","targetHints":{"allow":["GET"]}}],"collection":[{"href":"https:\/\/olemosaic.orbitalia.org\/pt-pt\/wp-json\/wp\/v2\/product"}],"about":[{"href":"https:\/\/olemosaic.orbitalia.org\/pt-pt\/wp-json\/wp\/v2\/types\/product"}],"wp:featuredmedia":[{"embeddable":true,"href":"https:\/\/olemosaic.orbitalia.org\/pt-pt\/wp-json\/wp\/v2\/media\/12877"}],"wp:attachment":[{"href":"https:\/\/olemosaic.orbitalia.org\/pt-pt\/wp-json\/wp\/v2\/media?parent=38078"}],"wp:term":[{"taxonomy":"product_brand","embeddable":true,"href":"https:\/\/olemosaic.orbitalia.org\/pt-pt\/wp-json\/wp\/v2\/product_brand?post=38078"},{"taxonomy":"product_cat","embeddable":true,"href":"https:\/\/olemosaic.orbitalia.org\/pt-pt\/wp-json\/wp\/v2\/product_cat?post=38078"},{"taxonomy":"product_tag","embeddable":true,"href":"https:\/\/olemosaic.orbitalia.org\/pt-pt\/wp-json\/wp\/v2\/product_tag?post=38078"}],"curies":[{"name":"wp","href":"https:\/\/api.w.org\/{rel}","templated":true}]}}