{"id":38076,"date":"2025-02-20T23:35:55","date_gmt":"2025-02-20T22:35:55","guid":{"rendered":"https:\/\/olemosaic.orbitalia.org\/producto\/iman-de-ceramica-patio-blanco-6\/"},"modified":"2025-07-25T18:40:27","modified_gmt":"2025-07-25T16:40:27","slug":"iman-de-ceramica-patio-branco-6-pt-pt","status":"publish","type":"product","link":"https:\/\/olemosaic.orbitalia.org\/pt-pt\/produto\/iman-de-ceramica-patio-branco-6-pt-pt\/","title":{"rendered":"\u00cdman de cer\u00e2mica. P\u00e1tio. Andaluzia. Branco."},"content":{"rendered":"<p>\u00cdman de cer\u00e2mica de um vibrante p\u00e1tio andaluz. Este encantador \u00edman representa artisticamente a ess\u00eancia do folclore espanhol, com uma chamativa bailarina vestida com um deslumbrante fato de bolinhas vermelhas, que evoca a rica tradi\u00e7\u00e3o flamenca, acompanhada por um elegante bailarino numa cena festiva. A cer\u00e2mica est\u00e1 adornada com coloridos detalhes, como flores e decora\u00e7\u00f5es tradicionais, que real\u00e7am a alegria e o dinamismo da cultura andaluza. A base do design, um fundo em tons brancos e cinzentos com estilo de mosaico, confere um toque cl\u00e1ssico que recorda os p\u00e1tios andaluzes, famosos pela sua beleza e exuber\u00e2ncia.<\/p>\n<p>Este \u00edman n\u00e3o \u00e9 apenas um objeto decorativo, mas um aut\u00eantico souvenir que captura o esp\u00edrito vibrante da Andaluzia, ideal para quem deseja levar um peda\u00e7o de Espanha para o seu lar. Na Ol\u00e9 Mosaic, a nossa miss\u00e3o \u00e9 oferecer souvenirs de qualidade que reflitam a tradi\u00e7\u00e3o e a arte de cada regi\u00e3o. Este \u00edman de cer\u00e2mica \u00e9 uma excelente op\u00e7\u00e3o para lojas de presentes tur\u00edsticos, adicionando um toque cultural a qualquer cole\u00e7\u00e3o. Perfeito para recordar o calor e a paix\u00e3o da vida em Espanha, n\u00e3o fique sem a sua pe\u00e7a de hist\u00f3ria andaluza!<\/p>\n","protected":false},"excerpt":{"rendered":"<p>\u00cdman de cer\u00e2mica que representa um vibrante p\u00e1tio andaluz, adornado com flores e elementos t\u00edpicos. O design mostra uma bailarina com um vestido vermelho de bolinhas e um leque, junto a um bailarino elegantemente vestido. A cer\u00e2mica complementa-se com um fundo de mosaico em branco e cinzento, evocando a ess\u00eancia do folclore espanhol. Ideal para trazer a cultura de Espanha a cada canto da sua casa.<\/p>\n","protected":false},"featured_media":8430,"template":"","meta":{"_acf_changed":false},"product_brand":[],"product_cat":[699],"product_tag":[515],"class_list":{"0":"post-38076","1":"product","2":"type-product","3":"status-publish","4":"has-post-thumbnail","6":"product_cat-imanes","7":"product_tag-ceramica","8":"pa_motivo-patios","10":"first","11":"instock","12":"shipping-taxable","13":"product-type-simple"},"acf":[],"_links":{"self":[{"href":"https:\/\/olemosaic.orbitalia.org\/pt-pt\/wp-json\/wp\/v2\/product\/38076","targetHints":{"allow":["GET"]}}],"collection":[{"href":"https:\/\/olemosaic.orbitalia.org\/pt-pt\/wp-json\/wp\/v2\/product"}],"about":[{"href":"https:\/\/olemosaic.orbitalia.org\/pt-pt\/wp-json\/wp\/v2\/types\/product"}],"wp:featuredmedia":[{"embeddable":true,"href":"https:\/\/olemosaic.orbitalia.org\/pt-pt\/wp-json\/wp\/v2\/media\/8430"}],"wp:attachment":[{"href":"https:\/\/olemosaic.orbitalia.org\/pt-pt\/wp-json\/wp\/v2\/media?parent=38076"}],"wp:term":[{"taxonomy":"product_brand","embeddable":true,"href":"https:\/\/olemosaic.orbitalia.org\/pt-pt\/wp-json\/wp\/v2\/product_brand?post=38076"},{"taxonomy":"product_cat","embeddable":true,"href":"https:\/\/olemosaic.orbitalia.org\/pt-pt\/wp-json\/wp\/v2\/product_cat?post=38076"},{"taxonomy":"product_tag","embeddable":true,"href":"https:\/\/olemosaic.orbitalia.org\/pt-pt\/wp-json\/wp\/v2\/product_tag?post=38076"}],"curies":[{"name":"wp","href":"https:\/\/api.w.org\/{rel}","templated":true}]}}