{"id":38073,"date":"2025-02-20T23:35:54","date_gmt":"2025-02-20T22:35:54","guid":{"rendered":"https:\/\/olemosaic.orbitalia.org\/producto\/iman-de-ceramica-flores-blanco-3\/"},"modified":"2025-07-25T19:50:20","modified_gmt":"2025-07-25T17:50:20","slug":"iman-de-ceramica-flores-branco-3-pt-pt","status":"publish","type":"product","link":"https:\/\/olemosaic.orbitalia.org\/pt-pt\/produto\/iman-de-ceramica-flores-branco-3-pt-pt\/","title":{"rendered":"\u00cdman de cer\u00e2mica. Flores. Mosaico. Branco."},"content":{"rendered":"<p>\u00cdman de cer\u00e2mica de flores, inspirado na arte do mosaico espanhol. Este encantador \u00edman apresenta um design vibrante que evoca a beleza e o colorido das ruas andaluzas, ideal para quem procura uma recorda\u00e7\u00e3o aut\u00eantica da sua viagem. Com uma base branca que proporciona um contraste perfeito, o \u00edman exibe uma explos\u00e3o de cores brilhantes em tons de vermelho, amarelo, azul e verde, formando um alegre padr\u00e3o de flores estilizadas que captura a ess\u00eancia da arte tradicional espanhola. Cada p\u00e9tala e detalhe deste design est\u00e1 minuciosamente elaborado, refletindo a rica heran\u00e7a cultural da regi\u00e3o.<\/p>\n<p>Este \u00edman n\u00e3o s\u00f3 \u00e9 um elemento decorativo ideal para qualquer frigor\u00edfico, mas tamb\u00e9m serve como um souvenir representativo que recorda os vibrantes mercados e festivais locais. Perfeito para quem deseja levar um pedacinho da Andaluzia para casa, este \u00edman de cer\u00e2mica destaca-se pela sua qualidade e autenticidade, sendo uma excelente escolha para lojas de presentes tur\u00edsticos que procuram oferecer produtos \u00fanicos. Na Ol\u00e9 Mosaic, como distribuidores de souvenirs por grosso, garantimos que este \u00edman de flores \u00e9 uma adi\u00e7\u00e3o colorida e significativa a qualquer cole\u00e7\u00e3o de recorda\u00e7\u00f5es.<\/p>\n","protected":false},"excerpt":{"rendered":"<p>\u00cdman de cer\u00e2mica decorado com um vibrante design floral que evoca a arte do mosaico espanhol. Este atraente \u00edman apresenta uma combina\u00e7\u00e3o de cores brilhantes, como vermelho, amarelo, azul e verde, criando um efeito alegre e chamativo. O fundo branco real\u00e7a as formas das flores, conferindo um toque fresco e colorido. Ideal para decorar o seu frigor\u00edfico ou como recorda\u00e7\u00e3o de uma viagem pelas coloridas ruas da Andaluzia.<\/p>\n","protected":false},"featured_media":8904,"template":"","meta":{"_acf_changed":false},"product_brand":[],"product_cat":[699],"product_tag":[515],"class_list":{"0":"post-38073","1":"product","2":"type-product","3":"status-publish","4":"has-post-thumbnail","6":"product_cat-imanes","7":"product_tag-ceramica","8":"pa_motivo-flores","10":"first","11":"instock","12":"shipping-taxable","13":"product-type-simple"},"acf":[],"_links":{"self":[{"href":"https:\/\/olemosaic.orbitalia.org\/pt-pt\/wp-json\/wp\/v2\/product\/38073","targetHints":{"allow":["GET"]}}],"collection":[{"href":"https:\/\/olemosaic.orbitalia.org\/pt-pt\/wp-json\/wp\/v2\/product"}],"about":[{"href":"https:\/\/olemosaic.orbitalia.org\/pt-pt\/wp-json\/wp\/v2\/types\/product"}],"wp:featuredmedia":[{"embeddable":true,"href":"https:\/\/olemosaic.orbitalia.org\/pt-pt\/wp-json\/wp\/v2\/media\/8904"}],"wp:attachment":[{"href":"https:\/\/olemosaic.orbitalia.org\/pt-pt\/wp-json\/wp\/v2\/media?parent=38073"}],"wp:term":[{"taxonomy":"product_brand","embeddable":true,"href":"https:\/\/olemosaic.orbitalia.org\/pt-pt\/wp-json\/wp\/v2\/product_brand?post=38073"},{"taxonomy":"product_cat","embeddable":true,"href":"https:\/\/olemosaic.orbitalia.org\/pt-pt\/wp-json\/wp\/v2\/product_cat?post=38073"},{"taxonomy":"product_tag","embeddable":true,"href":"https:\/\/olemosaic.orbitalia.org\/pt-pt\/wp-json\/wp\/v2\/product_tag?post=38073"}],"curies":[{"name":"wp","href":"https:\/\/api.w.org\/{rel}","templated":true}]}}