{"id":38072,"date":"2025-02-20T22:35:50","date_gmt":"2025-02-20T22:35:50","guid":{"rendered":"https:\/\/olemosaic.orbitalia.org\/producto\/funda-de-telefono-para-xiaomi-13-tpu-motivos-marinos-azul\/"},"modified":"2025-07-25T20:26:20","modified_gmt":"2025-07-25T18:26:20","slug":"capa-de-telemovel-para-xiaomi-13-tpu-motivos-marinhos-azul","status":"publish","type":"product","link":"https:\/\/olemosaic.orbitalia.org\/pt-pt\/produto\/capa-de-telemovel-para-xiaomi-13-tpu-motivos-marinhos-azul\/","title":{"rendered":"Capa de telem\u00f3vel para Xiaomi 13 (TPU). Motivos marinhos. Azul"},"content":{"rendered":"<p>A capa para o Xiaomi 13 com motivos marinhos \u00e9 um acess\u00f3rio imprescind\u00edvel para quem procura proteger o seu dispositivo com um toque de arte e natureza. Elaborada em TPU de alta qualidade, esta capa destaca-se pelo seu design vibrante e colorido que representa um mundo submarino cheio de vida. Com tonalidades azuis que evocam o oceano, a decora\u00e7\u00e3o inclui uma variedade de peixes, tartarugas e cavalos-marinhos, todos desenhados com um estilo mosaico que capta a ess\u00eancia do mar Mediterr\u00e2neo, conhecido pela sua rica biodiversidade.<\/p>\n<p>Cada elemento gr\u00e1fico foi cuidadosamente elaborado para real\u00e7ar a beleza do ambiente marinho, criando uma experi\u00eancia visual que transporta os amantes da fauna para um fundo marinho vibrante e cheio de movimento. Os detalhes em cada figura, como as escamas dos peixes e a suavidade das tartarugas, adicionam um toque de autenticidade e arte a este protetor de telem\u00f3vel.<\/p>\n<p>Esta lembran\u00e7a \u00e9 ideal para turistas e amantes do oceano que procuram uma recorda\u00e7\u00e3o funcional e est\u00e9tica da sua experi\u00eancia em Espanha ou Portugal. Na Ol\u00e9 Mosaic oferecemos lembran\u00e7as de qualidade por grosso que celebram a cultura e a beleza da regi\u00e3o. A capa para o Xiaomi 13 n\u00e3o s\u00f3 proporciona uma prote\u00e7\u00e3o duradoura, como tamb\u00e9m \u00e9 um excelente presente que combina estilo e significado, tornando-se uma pe\u00e7a \u00fanica para reviver esses momentos especiais da viagem.<\/p>\n","protected":false},"excerpt":{"rendered":"<p>Capa para Xiaomi 13 fabricada em TPU, decorada com motivos marinhos vibrantes em tons de azul. O seu design mostra uma colorida variedade de peixes, tartarugas e cavalos-marinhos, todos com um estilo mosaico que capta a ess\u00eancia do mundo submarino. O fundo azul simula o oceano, complementando este protetor ideal para os amantes da fauna marinha e oferecendo uma prote\u00e7\u00e3o duradoura e estilizada para o seu dispositivo.<\/p>\n","protected":false},"featured_media":12677,"template":"","meta":{"_acf_changed":false},"product_brand":[],"product_cat":[685],"product_tag":[516],"class_list":{"0":"post-38072","1":"product","2":"type-product","3":"status-publish","4":"has-post-thumbnail","6":"product_cat-capas-para-telemoveis","7":"product_tag-animais","8":"pa_motivo-animais-marinhos","10":"first","11":"instock","12":"shipping-taxable","13":"product-type-simple"},"acf":[],"_links":{"self":[{"href":"https:\/\/olemosaic.orbitalia.org\/pt-pt\/wp-json\/wp\/v2\/product\/38072","targetHints":{"allow":["GET"]}}],"collection":[{"href":"https:\/\/olemosaic.orbitalia.org\/pt-pt\/wp-json\/wp\/v2\/product"}],"about":[{"href":"https:\/\/olemosaic.orbitalia.org\/pt-pt\/wp-json\/wp\/v2\/types\/product"}],"wp:featuredmedia":[{"embeddable":true,"href":"https:\/\/olemosaic.orbitalia.org\/pt-pt\/wp-json\/wp\/v2\/media\/12677"}],"wp:attachment":[{"href":"https:\/\/olemosaic.orbitalia.org\/pt-pt\/wp-json\/wp\/v2\/media?parent=38072"}],"wp:term":[{"taxonomy":"product_brand","embeddable":true,"href":"https:\/\/olemosaic.orbitalia.org\/pt-pt\/wp-json\/wp\/v2\/product_brand?post=38072"},{"taxonomy":"product_cat","embeddable":true,"href":"https:\/\/olemosaic.orbitalia.org\/pt-pt\/wp-json\/wp\/v2\/product_cat?post=38072"},{"taxonomy":"product_tag","embeddable":true,"href":"https:\/\/olemosaic.orbitalia.org\/pt-pt\/wp-json\/wp\/v2\/product_tag?post=38072"}],"curies":[{"name":"wp","href":"https:\/\/api.w.org\/{rel}","templated":true}]}}