{"id":38068,"date":"2025-02-20T22:35:50","date_gmt":"2025-02-20T22:35:50","guid":{"rendered":"https:\/\/olemosaic.orbitalia.org\/producto\/funda-de-telefono-para-xiaomi-12-tpu-sagrada-familia-barcelona-azul\/"},"modified":"2025-07-25T19:50:56","modified_gmt":"2025-07-25T17:50:56","slug":"capa-de-telemovel-para-xiaomi-12-tpu-sagrada-familia-barcelona-azul","status":"publish","type":"product","link":"https:\/\/olemosaic.orbitalia.org\/pt-pt\/produto\/capa-de-telemovel-para-xiaomi-12-tpu-sagrada-familia-barcelona-azul\/","title":{"rendered":"Capa de telem\u00f3vel para Xiaomi 12 (TPU). Sagrada Fam\u00edlia. Barcelona. Azul"},"content":{"rendered":"<p>Capa para Xiaomi 12 decorada com uma impressionante ilustra\u00e7\u00e3o da Sagrada Fam\u00edlia de Barcelona que capta a ess\u00eancia de um dos monumentos mais emblem\u00e1ticos de Espanha. Esta capa, fabricada em TPU, apresenta tonalidades azuis vibrantes que real\u00e7am a grandeza arquitet\u00f3nica do design de Antoni Gaud\u00ed, mostrando as suas ic\u00f3nicas torres e elaborados elementos decorativos. O efeito de cristal que emana da imagem proporciona um toque contempor\u00e2neo e elegante, convertendo a capa num acess\u00f3rio moderno e atrativo.<\/p>\n<p>O nome &#8220;Barcelona&#8221;, estilizado com uma tipografia art\u00edstica, situa-se na parte inferior, oferecendo uma recorda\u00e7\u00e3o di\u00e1ria da beleza e da cultura desta vibrante cidade. Este produto n\u00e3o s\u00f3 protege o dispositivo, como tamb\u00e9m atua como um distintivo da rica heran\u00e7a cultural catal\u00e3, permitindo a turistas e locais levar consigo um peda\u00e7o de hist\u00f3ria no seu dia a dia.<\/p>\n<p>Na Ol\u00e9 Mosaic, especializamo-nos na distribui\u00e7\u00e3o de lembran\u00e7as por grosso, e esta capa da Sagrada Fam\u00edlia \u00e9 a op\u00e7\u00e3o perfeita para lojas de presentes tur\u00edsticos que procuram oferecer produtos aut\u00eanticos e representativos de Barcelona. \u00c9 uma excelente op\u00e7\u00e3o para quem procura recorda\u00e7\u00f5es \u00fanicas que celebrem a identidade cultural de uma das cidades mais visitadas do mundo.<\/p>\n","protected":false},"excerpt":{"rendered":"<p>Capa para telem\u00f3vel Xiaomi 12 fabricada em TPU, decorada com uma vibrante ilustra\u00e7\u00e3o da Sagrada Fam\u00edlia de Barcelona. Este design destaca-se pelas suas brilhantes cores azuis e detalhes art\u00edsticos que refletem a majestosidade do famoso monumento de Gaud\u00ed. A imagem mostra as ic\u00f3nicas torres e elementos arquitet\u00f3nicos, complementados com um efeito de cristal que adiciona um toque moderno. Na parte inferior, o nome &#8220;Barcelona&#8221; aparece elegantemente estilizado, perfeito para quem deseja levar um peda\u00e7o da cidade consigo.<\/p>\n","protected":false},"featured_media":12659,"template":"","meta":{"_acf_changed":false},"product_brand":[],"product_cat":[685],"product_tag":[],"class_list":{"0":"post-38068","1":"product","2":"type-product","3":"status-publish","4":"has-post-thumbnail","6":"product_cat-capas-para-telemoveis","7":"pa_ciudad-barcelona","8":"pa_motivo-sagrada-familia","9":"pa_pais-espana","11":"first","12":"instock","13":"shipping-taxable","14":"product-type-simple"},"acf":[],"_links":{"self":[{"href":"https:\/\/olemosaic.orbitalia.org\/pt-pt\/wp-json\/wp\/v2\/product\/38068","targetHints":{"allow":["GET"]}}],"collection":[{"href":"https:\/\/olemosaic.orbitalia.org\/pt-pt\/wp-json\/wp\/v2\/product"}],"about":[{"href":"https:\/\/olemosaic.orbitalia.org\/pt-pt\/wp-json\/wp\/v2\/types\/product"}],"wp:featuredmedia":[{"embeddable":true,"href":"https:\/\/olemosaic.orbitalia.org\/pt-pt\/wp-json\/wp\/v2\/media\/12659"}],"wp:attachment":[{"href":"https:\/\/olemosaic.orbitalia.org\/pt-pt\/wp-json\/wp\/v2\/media?parent=38068"}],"wp:term":[{"taxonomy":"product_brand","embeddable":true,"href":"https:\/\/olemosaic.orbitalia.org\/pt-pt\/wp-json\/wp\/v2\/product_brand?post=38068"},{"taxonomy":"product_cat","embeddable":true,"href":"https:\/\/olemosaic.orbitalia.org\/pt-pt\/wp-json\/wp\/v2\/product_cat?post=38068"},{"taxonomy":"product_tag","embeddable":true,"href":"https:\/\/olemosaic.orbitalia.org\/pt-pt\/wp-json\/wp\/v2\/product_tag?post=38068"}],"curies":[{"name":"wp","href":"https:\/\/api.w.org\/{rel}","templated":true}]}}