{"id":38050,"date":"2025-02-20T22:35:11","date_gmt":"2025-02-20T22:35:11","guid":{"rendered":"https:\/\/olemosaic.orbitalia.org\/producto\/funda-de-telefono-para-iphone-12-promax-tpu-abstracto-verde\/"},"modified":"2025-07-25T18:56:06","modified_gmt":"2025-07-25T16:56:06","slug":"capa-de-telemovel-para-iphone-12-promax-tpu-abstrato-verde","status":"publish","type":"product","link":"https:\/\/olemosaic.orbitalia.org\/pt-pt\/produto\/capa-de-telemovel-para-iphone-12-promax-tpu-abstrato-verde\/","title":{"rendered":"Capa de telem\u00f3vel para iPhone 12 Promax (TPU). Abstrato. Verde"},"content":{"rendered":"<p>Capa para iPhone 12 Pro Max com design de mosaico abstrato. Esta requintada capa, fabricada em TPU, um material flex\u00edvel e resistente, oferece uma prote\u00e7\u00e3o excecional para o seu dispositivo. O seu design apresenta uma mistura vibrante de tons verdes, azuis e laranjas dispostos em formas geom\u00e9tricas que evocam a rica tradi\u00e7\u00e3o da arte decorativa espanhola, concretamente a t\u00e9cnica do mosaico, que embelezou edif\u00edcios emblem\u00e1ticos em cidades como Barcelona e Sevilha. Cada detalhe da capa reflete um estilo art\u00edstico din\u00e2mico e contempor\u00e2neo, ideal para quem procura um acess\u00f3rio distintivo que, al\u00e9m de proteger o seu telem\u00f3vel, adicione um toque de cor e criatividade ao seu dia a dia.<\/p>\n<p>A superf\u00edcie da capa apresenta um padr\u00e3o brilhante que capta a luz de maneira cativante, fazendo com que o seu iPhone 12 Pro Max se destaque com eleg\u00e2ncia. Com cortes precisos, garante um acesso f\u00e1cil e c\u00f3modo a todas as portas e bot\u00f5es. Este produto n\u00e3o \u00e9 apenas uma op\u00e7\u00e3o funcional, mas tamb\u00e9m uma celebra\u00e7\u00e3o da heran\u00e7a cultural espanhola, capturando a sua ess\u00eancia num artigo moderno. Na Ol\u00e9 Mosaic, dedicamo-nos \u00e0 distribui\u00e7\u00e3o de lembran\u00e7as aut\u00eanticas, e esta capa de telem\u00f3vel torna-se o presente perfeito para turistas que desejem levar um peda\u00e7o de Espanha elegante e significativo. Ideal para lojas de recorda\u00e7\u00f5es tur\u00edsticas que procurem pe\u00e7as \u00fanicas e com hist\u00f3ria.<\/p>\n","protected":false},"excerpt":{"rendered":"<p>Capa de telem\u00f3vel para iPhone 12 Pro Max fabricada em TPU, com um design abstrato que evoca um mosaico colorido. A capa apresenta uma mistura de tons verdes, azuis e laranjas, dispostos em formas geom\u00e9tricas que criam um padr\u00e3o atraente e din\u00e2mico. Ideal para proteger o seu dispositivo e, ao mesmo tempo, adicionar um toque art\u00edstico inspirado na rica tradi\u00e7\u00e3o da arte decorativa espanhola. O seu material flex\u00edvel garante um ajuste perfeito e um f\u00e1cil acesso a todas as portas.<\/p>\n","protected":false},"featured_media":12264,"template":"","meta":{"_acf_changed":false},"product_brand":[],"product_cat":[685],"product_tag":[],"class_list":{"0":"post-38050","1":"product","2":"type-product","3":"status-publish","4":"has-post-thumbnail","6":"product_cat-capas-para-telemoveis","7":"pa_motivo-resumo","9":"first","10":"instock","11":"shipping-taxable","12":"product-type-simple"},"acf":[],"_links":{"self":[{"href":"https:\/\/olemosaic.orbitalia.org\/pt-pt\/wp-json\/wp\/v2\/product\/38050","targetHints":{"allow":["GET"]}}],"collection":[{"href":"https:\/\/olemosaic.orbitalia.org\/pt-pt\/wp-json\/wp\/v2\/product"}],"about":[{"href":"https:\/\/olemosaic.orbitalia.org\/pt-pt\/wp-json\/wp\/v2\/types\/product"}],"wp:featuredmedia":[{"embeddable":true,"href":"https:\/\/olemosaic.orbitalia.org\/pt-pt\/wp-json\/wp\/v2\/media\/12264"}],"wp:attachment":[{"href":"https:\/\/olemosaic.orbitalia.org\/pt-pt\/wp-json\/wp\/v2\/media?parent=38050"}],"wp:term":[{"taxonomy":"product_brand","embeddable":true,"href":"https:\/\/olemosaic.orbitalia.org\/pt-pt\/wp-json\/wp\/v2\/product_brand?post=38050"},{"taxonomy":"product_cat","embeddable":true,"href":"https:\/\/olemosaic.orbitalia.org\/pt-pt\/wp-json\/wp\/v2\/product_cat?post=38050"},{"taxonomy":"product_tag","embeddable":true,"href":"https:\/\/olemosaic.orbitalia.org\/pt-pt\/wp-json\/wp\/v2\/product_tag?post=38050"}],"curies":[{"name":"wp","href":"https:\/\/api.w.org\/{rel}","templated":true}]}}