{"id":38045,"date":"2025-02-20T23:34:54","date_gmt":"2025-02-20T22:34:54","guid":{"rendered":"https:\/\/olemosaic.orbitalia.org\/producto\/elefante-figura-de-resina-de-8-cm-pintada-a-mano\/"},"modified":"2025-07-25T20:20:39","modified_gmt":"2025-07-25T18:20:39","slug":"elefante-figura-de-resina-de-8-cm-pintada-a-mao-pt-pt","status":"publish","type":"product","link":"https:\/\/olemosaic.orbitalia.org\/pt-pt\/produto\/elefante-figura-de-resina-de-8-cm-pintada-a-mao-pt-pt\/","title":{"rendered":"Elefante. Figura de mosaico de 8 cm."},"content":{"rendered":"<p>Figura de elefante em resina<\/p>\n<p>Descubra a singular figura de elefante em resina, uma aut\u00eantica recorda\u00e7\u00e3o que representa a rica cultura mediterr\u00e2nica. Com uma altura de 8 cm, esta bela pe\u00e7a \u00e9 meticulosamente pintada \u00e0 m\u00e3o com efeito, exibindo um design vibrante de mosaico que combina tonalidades que v\u00e3o desde o vermelho intenso at\u00e9 ao azul atraente. Cada detalhe transborda cor, com acabamentos brilhantes que iluminam a sua forma, tornando esta figura um elemento decorativo encantador para qualquer espa\u00e7o. A sua textura art\u00edstica e bem definida evoca o folclore e a alegria das terras mediterr\u00e2nicas, sendo ideal tanto para colecionadores como para quem aprecia a artesania tradicional.<\/p>\n<p>Este elefante n\u00e3o s\u00f3 adiciona um toque festivo \u00e0 decora\u00e7\u00e3o da casa, como tamb\u00e9m simboliza a sabedoria e a boa sorte, valores profundamente enraizados em muitas culturas da regi\u00e3o. \u00c9 um excelente presente para aqueles que procuram levar um peda\u00e7o aut\u00eantico de Espanha ou Portugal em forma de arte. Na Ol\u00e9 Mosaic, somos distribuidores de recorda\u00e7\u00f5es por grosso, e esta figura de elefante em resina \u00e9 uma op\u00e7\u00e3o perfeita para lojas de recorda\u00e7\u00f5es tur\u00edsticas, garantindo autenticidade e relev\u00e2ncia cultural em cada pe\u00e7a.<\/p>\n","protected":false},"excerpt":{"rendered":"<p>Figura de elefante, de 8 cm de altura, design artesanal, pintado \u00e0 m\u00e3o, com cores vibrantes. Esta encantadora recorda\u00e7\u00e3o apresenta um design de mosaico com tons que v\u00e3o do vermelho ao azul, real\u00e7ando a sua forma e detalhes. O seu acabamento brilhante e texturizado confere-lhe um ar art\u00edstico e alegre, tornando-o um elemento decorativo atraente que evoca o folclore e a cultura mediterr\u00e2nicos. Ideal para colecionadores e amantes da artesania.<\/p>\n","protected":false},"featured_media":9452,"template":"","meta":{"_acf_changed":false},"product_brand":[],"product_cat":[552],"product_tag":[516],"class_list":{"0":"post-38045","1":"product","2":"type-product","3":"status-publish","4":"has-post-thumbnail","6":"product_cat-numeros","7":"product_tag-animais","8":"pa_motivo-elefantes","10":"first","11":"instock","12":"shipping-taxable","13":"product-type-simple"},"acf":[],"_links":{"self":[{"href":"https:\/\/olemosaic.orbitalia.org\/pt-pt\/wp-json\/wp\/v2\/product\/38045","targetHints":{"allow":["GET"]}}],"collection":[{"href":"https:\/\/olemosaic.orbitalia.org\/pt-pt\/wp-json\/wp\/v2\/product"}],"about":[{"href":"https:\/\/olemosaic.orbitalia.org\/pt-pt\/wp-json\/wp\/v2\/types\/product"}],"wp:featuredmedia":[{"embeddable":true,"href":"https:\/\/olemosaic.orbitalia.org\/pt-pt\/wp-json\/wp\/v2\/media\/9452"}],"wp:attachment":[{"href":"https:\/\/olemosaic.orbitalia.org\/pt-pt\/wp-json\/wp\/v2\/media?parent=38045"}],"wp:term":[{"taxonomy":"product_brand","embeddable":true,"href":"https:\/\/olemosaic.orbitalia.org\/pt-pt\/wp-json\/wp\/v2\/product_brand?post=38045"},{"taxonomy":"product_cat","embeddable":true,"href":"https:\/\/olemosaic.orbitalia.org\/pt-pt\/wp-json\/wp\/v2\/product_cat?post=38045"},{"taxonomy":"product_tag","embeddable":true,"href":"https:\/\/olemosaic.orbitalia.org\/pt-pt\/wp-json\/wp\/v2\/product_tag?post=38045"}],"curies":[{"name":"wp","href":"https:\/\/api.w.org\/{rel}","templated":true}]}}