{"id":38043,"date":"2025-02-20T23:34:54","date_gmt":"2025-02-20T22:34:54","guid":{"rendered":"https:\/\/olemosaic.orbitalia.org\/producto\/buho-figura-de-resina-de-8-cm-pintada-a-mano\/"},"modified":"2025-07-25T19:22:13","modified_gmt":"2025-07-25T17:22:13","slug":"mocho-figura-de-resina-de-8-cm-pintada-a-mao-pt-pt","status":"publish","type":"product","link":"https:\/\/olemosaic.orbitalia.org\/pt-pt\/produto\/mocho-figura-de-resina-de-8-cm-pintada-a-mao-pt-pt\/","title":{"rendered":"Mocho. Figura de mosaico de 8 cm."},"content":{"rendered":"<p>Figura de mocho em resina<\/p>\n<p>Esta encantadora figura de mocho em resina, com 8 cm de altura, \u00e9 uma aut\u00eantica joia da arte popular espanhola, ideal para quem procura recorda\u00e7\u00f5es \u00fanicas que representem a rica tradi\u00e7\u00e3o art\u00edstica de Espanha. Com um design vibrante de mosaico que inclui uma mistura de cores vivas como amarelos, laranjas e azuis, este mocho n\u00e3o \u00e9 apenas um elemento decorativo atraente, mas tamb\u00e9m um s\u00edmbolo de sabedoria e prote\u00e7\u00e3o em muitas culturas, incluindo a mediterr\u00e2nica. As meticulosas formas geom\u00e9tricas que decoram o seu corpo combinam-se para criar uma imagem cativante que atrai a aten\u00e7\u00e3o em qualquer espa\u00e7o. Cada detalhe foi pintado \u00e0 m\u00e3o, garantindo que cada pe\u00e7a seja \u00fanica, o que real\u00e7a n\u00e3o s\u00f3 a qualidade artesanal, mas tamb\u00e9m a autenticidade desta recorda\u00e7\u00e3o. Este mocho representa o engenho e a criatividade dos artes\u00e3os locais, tornando-o um presente perfeito para colecionadores e amantes da arte popular. Na Ol\u00e9 Mosaic, oferecemos esta figura de mocho em resina por grosso, tornando-a uma op\u00e7\u00e3o ideal para lojas de recorda\u00e7\u00f5es tur\u00edsticas que procuram produtos com um forte valor cultural e art\u00edstico.<\/p>\n","protected":false},"excerpt":{"rendered":"<p>Figura de mocho de 8 cm, design artesanal, pintado \u00e0 m\u00e3o, com um design vibrante de mosaico. Esta encantadora representa\u00e7\u00e3o do mocho apresenta uma mistura de cores vivas como amarelos, laranjas e azuis, que lhe conferem um toque art\u00edstico e alegre. Os padr\u00f5es geom\u00e9tricos decoram o seu corpo de forma minuciosa, tornando-o um elemento decorativo atraente inspirado na rica tradi\u00e7\u00e3o art\u00edstica espanhola. Ideal para colecionadores e amantes da arte popular.<\/p>\n","protected":false},"featured_media":6432,"template":"","meta":{"_acf_changed":false},"product_brand":[],"product_cat":[552],"product_tag":[516],"class_list":{"0":"post-38043","1":"product","2":"type-product","3":"status-publish","4":"has-post-thumbnail","6":"product_cat-numeros","7":"product_tag-animais","8":"pa_motivo-corujas","10":"first","11":"instock","12":"shipping-taxable","13":"product-type-simple"},"acf":[],"_links":{"self":[{"href":"https:\/\/olemosaic.orbitalia.org\/pt-pt\/wp-json\/wp\/v2\/product\/38043","targetHints":{"allow":["GET"]}}],"collection":[{"href":"https:\/\/olemosaic.orbitalia.org\/pt-pt\/wp-json\/wp\/v2\/product"}],"about":[{"href":"https:\/\/olemosaic.orbitalia.org\/pt-pt\/wp-json\/wp\/v2\/types\/product"}],"wp:featuredmedia":[{"embeddable":true,"href":"https:\/\/olemosaic.orbitalia.org\/pt-pt\/wp-json\/wp\/v2\/media\/6432"}],"wp:attachment":[{"href":"https:\/\/olemosaic.orbitalia.org\/pt-pt\/wp-json\/wp\/v2\/media?parent=38043"}],"wp:term":[{"taxonomy":"product_brand","embeddable":true,"href":"https:\/\/olemosaic.orbitalia.org\/pt-pt\/wp-json\/wp\/v2\/product_brand?post=38043"},{"taxonomy":"product_cat","embeddable":true,"href":"https:\/\/olemosaic.orbitalia.org\/pt-pt\/wp-json\/wp\/v2\/product_cat?post=38043"},{"taxonomy":"product_tag","embeddable":true,"href":"https:\/\/olemosaic.orbitalia.org\/pt-pt\/wp-json\/wp\/v2\/product_tag?post=38043"}],"curies":[{"name":"wp","href":"https:\/\/api.w.org\/{rel}","templated":true}]}}