{"id":38039,"date":"2025-02-20T22:34:53","date_gmt":"2025-02-20T22:34:53","guid":{"rendered":"https:\/\/olemosaic.orbitalia.org\/producto\/saleros-de-ceramica-flores-blanco\/"},"modified":"2025-07-25T18:47:00","modified_gmt":"2025-07-25T16:47:00","slug":"saleiros-de-ceramica-flores-branco-pt-pt","status":"publish","type":"product","link":"https:\/\/olemosaic.orbitalia.org\/pt-pt\/produto\/saleiros-de-ceramica-flores-branco-pt-pt\/","title":{"rendered":"Saleiros de cer\u00e2mica. Flores. Branco."},"content":{"rendered":"<p>Estes saleiros de cer\u00e2mica, com os seus vibrantes motivos florais, s\u00e3o uma aut\u00eantica homenagem \u00e0 riqueza da arte cer\u00e2mica espanhola. Concebidos em estilo mosaico, apresentam um acabamento branco que serve de tela para uma explos\u00e3o de cor, com tonalidades que incluem amarelos, vermelhos, azuis e pretos. Cada saleiro \u00e9 meticulosamente decorado com flores intrincadas que evocam a est\u00e9tica alegre do folclore espanhol, o que os torna uma adi\u00e7\u00e3o encantadora para qualquer mesa.<\/p>\n<p>A t\u00e9cnica de elabora\u00e7\u00e3o, que inclui um esmalte brilhante, n\u00e3o s\u00f3 embeleza o design, como tamb\u00e9m real\u00e7a a luminosidade e o colorido das flores, convertendo-os numa recorda\u00e7\u00e3o distintiva da tradi\u00e7\u00e3o cer\u00e2mica de Espanha. Estes saleiros s\u00e3o a representa\u00e7\u00e3o perfeita da cultura e da diversidade art\u00edstica do pa\u00eds, ideais para recordar o encanto da gastronomia espanhola em cada refei\u00e7\u00e3o.<\/p>\n<p>Na Ol\u00e9 Mosaic, especializamo-nos na distribui\u00e7\u00e3o de souvenirs por grosso, e estes saleiros s\u00e3o uma op\u00e7\u00e3o excecional para lojas de presentes tur\u00edsticos que procuram artigos aut\u00eanticos e representativos. A fus\u00e3o de artesanato e estilo faz destes saleiros um presente perfeito, tanto para turistas que desejam levar um pedacinho da cultura espanhola como para quem quer adicionar um toque de cor ao seu lar. Com os nossos saleiros de cer\u00e2mica, cada refei\u00e7\u00e3o ser\u00e1 uma celebra\u00e7\u00e3o da heran\u00e7a cultural e est\u00e9tica de Espanha.<\/p>\n","protected":false},"excerpt":{"rendered":"<p>Saleiros de cer\u00e2mica com vibrantes motivos florais de estilo mosaico. Estes saleiros destacam-se pelo seu acabamento em branco e pela combina\u00e7\u00e3o de cores chamativas, como amarelos, vermelhos, azuis e pretos. A t\u00e9cnica de elabora\u00e7\u00e3o inclui esmalte brilhante, que real\u00e7a o colorido das flores, ideais para dar um toque de alegria a qualquer mesa. Perfeitos para evocar a ess\u00eancia da arte cer\u00e2mica tradicional espanhola.<\/p>\n","protected":false},"featured_media":8895,"template":"","meta":{"_acf_changed":false},"product_brand":[],"product_cat":[821],"product_tag":[515],"class_list":{"0":"post-38039","1":"product","2":"type-product","3":"status-publish","4":"has-post-thumbnail","6":"product_cat-saleiros","7":"product_tag-ceramica","8":"pa_motivo-flores","10":"first","11":"instock","12":"shipping-taxable","13":"product-type-simple"},"acf":[],"_links":{"self":[{"href":"https:\/\/olemosaic.orbitalia.org\/pt-pt\/wp-json\/wp\/v2\/product\/38039","targetHints":{"allow":["GET"]}}],"collection":[{"href":"https:\/\/olemosaic.orbitalia.org\/pt-pt\/wp-json\/wp\/v2\/product"}],"about":[{"href":"https:\/\/olemosaic.orbitalia.org\/pt-pt\/wp-json\/wp\/v2\/types\/product"}],"wp:featuredmedia":[{"embeddable":true,"href":"https:\/\/olemosaic.orbitalia.org\/pt-pt\/wp-json\/wp\/v2\/media\/8895"}],"wp:attachment":[{"href":"https:\/\/olemosaic.orbitalia.org\/pt-pt\/wp-json\/wp\/v2\/media?parent=38039"}],"wp:term":[{"taxonomy":"product_brand","embeddable":true,"href":"https:\/\/olemosaic.orbitalia.org\/pt-pt\/wp-json\/wp\/v2\/product_brand?post=38039"},{"taxonomy":"product_cat","embeddable":true,"href":"https:\/\/olemosaic.orbitalia.org\/pt-pt\/wp-json\/wp\/v2\/product_cat?post=38039"},{"taxonomy":"product_tag","embeddable":true,"href":"https:\/\/olemosaic.orbitalia.org\/pt-pt\/wp-json\/wp\/v2\/product_tag?post=38039"}],"curies":[{"name":"wp","href":"https:\/\/api.w.org\/{rel}","templated":true}]}}