{"id":38036,"date":"2025-02-20T23:34:52","date_gmt":"2025-02-20T22:34:52","guid":{"rendered":"https:\/\/olemosaic.orbitalia.org\/producto\/4-bols-de-coco-de-13-x-6-cm-flamenco-5\/"},"modified":"2025-07-25T19:54:23","modified_gmt":"2025-07-25T17:54:23","slug":"4-tacas-de-coco-de-13-x-6-cm-flamingo-5","status":"publish","type":"product","link":"https:\/\/olemosaic.orbitalia.org\/pt-pt\/produto\/4-tacas-de-coco-de-13-x-6-cm-flamingo-5\/","title":{"rendered":"4 Ta\u00e7as de coco de 13 x 6 cm. Flamingo. Padr\u00e3o cora\u00e7\u00f5es."},"content":{"rendered":"<p>Estas encantadoras ta\u00e7as de coco de 13 x 6 cm representam uma fus\u00e3o perfeita entre arte e tradition, ideais para quem procura um souvenir aut\u00eantico da Andaluzia. Cada lote inclui quatro ta\u00e7as \u00fanicas, decoradas meticulosamente com mosaicos de cores vibrantes que evocam a riqueza da paisagem andaluza. No centro de cada ta\u00e7a, encontramos a representa\u00e7\u00e3o de dois flamingos num cora\u00e7\u00e3o, rodeados de flores delicadas e cora\u00e7\u00f5es em tons de azul, rosa e laranja, que conferem uma est\u00e9tica alegre e acolhedora.<\/p>\n<p>Fabricadas com materiais selecionados e sustent\u00e1veis, estas ta\u00e7as de coco n\u00e3o s\u00e3o apenas funcionais para servir aperitivos ou como elementos decorativos, mas tamb\u00e9m refletem a mestria artesanal t\u00edpica da regi\u00e3o. A escolha do coco como base n\u00e3o s\u00f3 acrescenta um toque ex\u00f3tico, como tamb\u00e9m representa um compromisso com a natureza. Estes souvenirs de cozinha s\u00e3o uma excelente op\u00e7\u00e3o para turistas que desejam levar uma recorda\u00e7\u00e3o da sua visita que realmente capte a ess\u00eancia da Andaluzia.<\/p>\n<p>Como especialistas na distribui\u00e7\u00e3o de produtos por grosso na Ol\u00e9 Mosaic, oferecemos estas ta\u00e7as de coco, ideais para lojas de presentes tur\u00edsticos que procuram mercadorias aut\u00eanticas e culturalmente significativas. Com o seu design encantador e a sua liga\u00e7\u00e3o \u00e0 cultura local, estas ta\u00e7as de coco s\u00e3o o presente perfeito para qualquer pessoa que aprecie a arte e a tradi\u00e7\u00e3o espanholas.<\/p>\n","protected":false},"excerpt":{"rendered":"<p>Ta\u00e7as de coco de 13 x 6 cm decoradas com mosaicos de cores inspirados na paisagem andaluza. Cada ta\u00e7a apresenta um design \u00fanico que real\u00e7a a figura de dois flamingos num cora\u00e7\u00e3o, rodeados de flores delicadas e cora\u00e7\u00f5es em tonalidades vibrantes como azul, rosa e laranja. Fabricadas com coco, estas ta\u00e7as s\u00e3o ideais como decora\u00e7\u00e3o ou para servir aperitivos, acrescentando um toque de arte e cultura espanhola a qualquer mesa.<\/p>\n","protected":false},"featured_media":13826,"template":"","meta":{"_acf_changed":false},"product_brand":[],"product_cat":[513],"product_tag":[516],"class_list":{"0":"post-38036","1":"product","2":"type-product","3":"status-publish","4":"has-post-thumbnail","6":"product_cat-bols","7":"product_tag-animais","8":"pa_motivo-flamingos","10":"first","11":"instock","12":"shipping-taxable","13":"product-type-simple"},"acf":[],"_links":{"self":[{"href":"https:\/\/olemosaic.orbitalia.org\/pt-pt\/wp-json\/wp\/v2\/product\/38036","targetHints":{"allow":["GET"]}}],"collection":[{"href":"https:\/\/olemosaic.orbitalia.org\/pt-pt\/wp-json\/wp\/v2\/product"}],"about":[{"href":"https:\/\/olemosaic.orbitalia.org\/pt-pt\/wp-json\/wp\/v2\/types\/product"}],"wp:featuredmedia":[{"embeddable":true,"href":"https:\/\/olemosaic.orbitalia.org\/pt-pt\/wp-json\/wp\/v2\/media\/13826"}],"wp:attachment":[{"href":"https:\/\/olemosaic.orbitalia.org\/pt-pt\/wp-json\/wp\/v2\/media?parent=38036"}],"wp:term":[{"taxonomy":"product_brand","embeddable":true,"href":"https:\/\/olemosaic.orbitalia.org\/pt-pt\/wp-json\/wp\/v2\/product_brand?post=38036"},{"taxonomy":"product_cat","embeddable":true,"href":"https:\/\/olemosaic.orbitalia.org\/pt-pt\/wp-json\/wp\/v2\/product_cat?post=38036"},{"taxonomy":"product_tag","embeddable":true,"href":"https:\/\/olemosaic.orbitalia.org\/pt-pt\/wp-json\/wp\/v2\/product_tag?post=38036"}],"curies":[{"name":"wp","href":"https:\/\/api.w.org\/{rel}","templated":true}]}}