{"id":38035,"date":"2025-02-20T23:34:52","date_gmt":"2025-02-20T22:34:52","guid":{"rendered":"https:\/\/olemosaic.orbitalia.org\/producto\/4-bols-de-coco-de-13-x-6-cm-abanico-3\/"},"modified":"2025-07-25T18:33:26","modified_gmt":"2025-07-25T16:33:26","slug":"4-tacas-de-coco-de-13-x-6-cm-leque-3","status":"publish","type":"product","link":"https:\/\/olemosaic.orbitalia.org\/pt-pt\/produto\/4-tacas-de-coco-de-13-x-6-cm-leque-3\/","title":{"rendered":"4 Ta\u00e7as de coco de 13 x 6 cm. Leque. Mosaico."},"content":{"rendered":"<p><span data-sheets-root=\"1\">Este conjunto de 4 ta\u00e7as de coco com motivo de leque \u00e9 uma proposta decorativa inspirada no folclore espanhol e na arte mediterr\u00e2nica, ideal para lojas de souvenirs que procuram produtos aut\u00eanticos e chamativos. Cada ta\u00e7a, elaborada com casca de coco natural e polida, mede 13 x 6 cm e apresenta um design interior em mosaico de tesselas irregulares em tons vivos como rosa, azul, lil\u00e1s, vermelho e dourado, dispostas sobre um fundo branco nacarado que confere brilho e eleg\u00e2ncia.<\/p>\n<p>No centro de cada ta\u00e7a destaca-se um leque esculpido \u00e0 m\u00e3o, s\u00edmbolo representativo da cultura espanhola, estreitamente vinculado ao flamenco, \u00e0 dan\u00e7a tradicional e \u00e0 est\u00e9tica andaluza. Este detalhe central, combinado com a vibrante composi\u00e7\u00e3o de cores e texturas, evoca a ess\u00eancia festiva e colorida da Pen\u00ednsula Ib\u00e9rica. O trabalho artesanal confere a cada pe\u00e7a uma personalidade \u00fanica, ideal como recorda\u00e7\u00e3o visual e emocional de uma viagem a Espanha.<\/p>\n<p>Estas ta\u00e7as de coco decorativas n\u00e3o s\u00e3o apenas um elemento funcional ou decorativo, mas tamb\u00e9m um souvenir artesanal perfeito para quem procura levar um peda\u00e7o da arte local. Na Ol\u00e9 Mosaic, grossista de souvenirs por grosso, oferecemos pe\u00e7as com identidade cultural e acabamento art\u00edstico, pensadas para distribuidores e lojas de presentes tur\u00edsticos que valorizam a autenticidade e o design.<\/span><\/p>\n","protected":false},"excerpt":{"rendered":"<p><span data-sheets-root=\"1\">Conjunto de 4 ta\u00e7as fabricadas com casca de coco natural, de 13 x 6 cm, decoradas com um motivo central de leque. O interior apresenta um design artesanal de mosaico com tesselas irregulares em tons vivos como rosa, azul, lil\u00e1s, vermelho e dourado, sobre fundo branco nacarado. Cada pe\u00e7a \u00e9 acabada \u00e0 m\u00e3o, inspirada na arte decorativa mediterr\u00e2nica e em elementos tradicionais do folclore espanhol.<\/span><\/p>\n","protected":false},"featured_media":13825,"template":"","meta":{"_acf_changed":false},"product_brand":[],"product_cat":[513],"product_tag":[516],"class_list":{"0":"post-38035","1":"product","2":"type-product","3":"status-publish","4":"has-post-thumbnail","6":"product_cat-bols","7":"product_tag-animais","8":"pa_motivo-leques","10":"first","11":"instock","12":"shipping-taxable","13":"product-type-simple"},"acf":[],"_links":{"self":[{"href":"https:\/\/olemosaic.orbitalia.org\/pt-pt\/wp-json\/wp\/v2\/product\/38035","targetHints":{"allow":["GET"]}}],"collection":[{"href":"https:\/\/olemosaic.orbitalia.org\/pt-pt\/wp-json\/wp\/v2\/product"}],"about":[{"href":"https:\/\/olemosaic.orbitalia.org\/pt-pt\/wp-json\/wp\/v2\/types\/product"}],"wp:featuredmedia":[{"embeddable":true,"href":"https:\/\/olemosaic.orbitalia.org\/pt-pt\/wp-json\/wp\/v2\/media\/13825"}],"wp:attachment":[{"href":"https:\/\/olemosaic.orbitalia.org\/pt-pt\/wp-json\/wp\/v2\/media?parent=38035"}],"wp:term":[{"taxonomy":"product_brand","embeddable":true,"href":"https:\/\/olemosaic.orbitalia.org\/pt-pt\/wp-json\/wp\/v2\/product_brand?post=38035"},{"taxonomy":"product_cat","embeddable":true,"href":"https:\/\/olemosaic.orbitalia.org\/pt-pt\/wp-json\/wp\/v2\/product_cat?post=38035"},{"taxonomy":"product_tag","embeddable":true,"href":"https:\/\/olemosaic.orbitalia.org\/pt-pt\/wp-json\/wp\/v2\/product_tag?post=38035"}],"curies":[{"name":"wp","href":"https:\/\/api.w.org\/{rel}","templated":true}]}}