{"id":38034,"date":"2025-02-20T23:34:52","date_gmt":"2025-02-20T22:34:52","guid":{"rendered":"https:\/\/olemosaic.orbitalia.org\/producto\/4-bols-de-coco-de-13-x-6-cm-tortuga-4\/"},"modified":"2025-07-25T20:24:01","modified_gmt":"2025-07-25T18:24:01","slug":"4-tacas-de-coco-de-13-x-6-cm-tartaruga-4","status":"publish","type":"product","link":"https:\/\/olemosaic.orbitalia.org\/pt-pt\/produto\/4-tacas-de-coco-de-13-x-6-cm-tartaruga-4\/","title":{"rendered":"4 Ta\u00e7as de coco de 13 x 6 cm. Tartaruga. Mosaico."},"content":{"rendered":"<p>Estas ta\u00e7as de coco, com 13 cm de di\u00e2metro e 6 cm de profundidade, s\u00e3o objetos decorativos e funcionais que captam a ess\u00eancia da costa mediterr\u00e2nica. Cada ta\u00e7a \u00e9 meticulosamente elaborada de forma artesanal, com um mosaico colorido em tons suaves de azul, amarelo e rosa, que evocam o ambiente alegre e vibrante das praias. No centro de cada ta\u00e7a, uma encantadora ilustra\u00e7\u00e3o de tartarugas, s\u00edmbolo da vida marinha e da natureza, confere um toque especial e significativo a cada pe\u00e7a.<\/p>\n<p>O design \u00fanico destas ta\u00e7as reflete a arte popular e a tradi\u00e7\u00e3o artesanal da regi\u00e3o, tornando-as um souvenir aut\u00eantico e representativo da costa. A variedade nos designs garante que cada ta\u00e7a seja uma obra de arte individual, conferindo um car\u00e1ter distintivo a qualquer ambiente. Estas ta\u00e7as s\u00e3o ideais tanto para o uso quotidiano como para a decora\u00e7\u00e3o, e s\u00e3o um excelente presente ou recorda\u00e7\u00e3o para quem deseja levar um pedacinho do mar.<\/p>\n<p>Na Ol\u00e9 Mosaic, orgulhamo-nos de oferecer souvenirs de qualidade, e estas ta\u00e7as de coco s\u00e3o uma op\u00e7\u00e3o perfeita para lojas de presentes tur\u00edsticos que procuram produtos atrativos, aut\u00eanticos e culturalmente relevantes. Como grossistas de ta\u00e7as decorativas, garantimos que cada produto combina um design atrativo com um significado cultural que far\u00e1 ressoar a experi\u00eancia da costa mediterr\u00e2nica em cada lar.<\/p>\n","protected":false},"excerpt":{"rendered":"<p>Ta\u00e7as de coco de 13 x 6 cm decoradas com encantadoras tartarugas e motivos coloridos, ideais para uso decorativo ou funcional. Cada ta\u00e7a apresenta um design \u00fanico, com mosaicos em tons pastel como azul, amarelo e rosa, complementados com ilustra\u00e7\u00f5es de tartarugas no centro. Feitas \u00e0 m\u00e3o, estas ta\u00e7as refletem a ess\u00eancia da arte popular, conferindo um toque de natureza e cor a qualquer ambiente. Perfeitas como souvenirs da costa.<\/p>\n","protected":false},"featured_media":10689,"template":"","meta":{"_acf_changed":false},"product_brand":[],"product_cat":[513],"product_tag":[516],"class_list":{"0":"post-38034","1":"product","2":"type-product","3":"status-publish","4":"has-post-thumbnail","6":"product_cat-bols","7":"product_tag-animais","8":"pa_motivo-tartarugas","10":"first","11":"instock","12":"shipping-taxable","13":"product-type-simple"},"acf":[],"_links":{"self":[{"href":"https:\/\/olemosaic.orbitalia.org\/pt-pt\/wp-json\/wp\/v2\/product\/38034","targetHints":{"allow":["GET"]}}],"collection":[{"href":"https:\/\/olemosaic.orbitalia.org\/pt-pt\/wp-json\/wp\/v2\/product"}],"about":[{"href":"https:\/\/olemosaic.orbitalia.org\/pt-pt\/wp-json\/wp\/v2\/types\/product"}],"wp:featuredmedia":[{"embeddable":true,"href":"https:\/\/olemosaic.orbitalia.org\/pt-pt\/wp-json\/wp\/v2\/media\/10689"}],"wp:attachment":[{"href":"https:\/\/olemosaic.orbitalia.org\/pt-pt\/wp-json\/wp\/v2\/media?parent=38034"}],"wp:term":[{"taxonomy":"product_brand","embeddable":true,"href":"https:\/\/olemosaic.orbitalia.org\/pt-pt\/wp-json\/wp\/v2\/product_brand?post=38034"},{"taxonomy":"product_cat","embeddable":true,"href":"https:\/\/olemosaic.orbitalia.org\/pt-pt\/wp-json\/wp\/v2\/product_cat?post=38034"},{"taxonomy":"product_tag","embeddable":true,"href":"https:\/\/olemosaic.orbitalia.org\/pt-pt\/wp-json\/wp\/v2\/product_tag?post=38034"}],"curies":[{"name":"wp","href":"https:\/\/api.w.org\/{rel}","templated":true}]}}