{"id":38033,"date":"2025-02-20T23:34:52","date_gmt":"2025-02-20T22:34:52","guid":{"rendered":"https:\/\/olemosaic.orbitalia.org\/producto\/4-bols-de-coco-de-13-x-6-cm-isla-salamandra-fuerteventura\/"},"modified":"2025-07-25T19:05:51","modified_gmt":"2025-07-25T17:05:51","slug":"4-tacas-de-coco-de-13-x-6-cm-ilha-salamandra-fuerteventura","status":"publish","type":"product","link":"https:\/\/olemosaic.orbitalia.org\/pt-pt\/produto\/4-tacas-de-coco-de-13-x-6-cm-ilha-salamandra-fuerteventura\/","title":{"rendered":"4 Ta\u00e7as de coco de 13 x 6 cm. Ilha + salamandra. Fuerteventura."},"content":{"rendered":"<p>Estas ta\u00e7as de coco de 13 x 6 cm s\u00e3o uma bela amostra da ess\u00eancia de Fuerteventura, uma das Ilhas Can\u00e1rias. Cada pe\u00e7a, elaborada artesanalmente, apresenta um design vibrante e colorido, adornado com fragmentos em tons de roxo, rosa e azul que evocam a beleza paisag\u00edstica da ilha. No interior, as ilustra\u00e7\u00f5es detalhadas da silhueta de Fuerteventura e uma encantadora salamandra, real\u00e7adas com elegantes detalhes em castanho, conferem um toque distintivo que celebra a riqueza natural e cultural da regi\u00e3o.<\/p>\n<p>Estas ta\u00e7as pintadas \u00e0 m\u00e3o n\u00e3o s\u00e3o apenas perfeitas para servir aperitivos, mas tamb\u00e9m funcionam como pe\u00e7as decorativas excecionais que transportam quem as utiliza para as paisagens id\u00edlicas desta ilha. A salamandra, um s\u00edmbolo local, e a representa\u00e7\u00e3o da ilha s\u00e3o elementos que enfatizam a sua autenticidade como recorda\u00e7\u00e3o.<\/p>\n<p>A Ol\u00e9 Mosaic orgulha-se de oferecer estes chamativos souvenirs de Fuerteventura por grosso, ideais para lojas de presentes tur\u00edsticos que procurem produtos aut\u00eanticos e de qualidade. As ta\u00e7as de coco n\u00e3o s\u00f3 captam a ess\u00eancia can\u00e1ria, como tamb\u00e9m s\u00e3o uma excelente recorda\u00e7\u00e3o de umas f\u00e9rias inesquec\u00edveis. Com o seu estilo \u00fanico e vibrante, estas ta\u00e7as s\u00e3o o complemento perfeito para qualquer casa que deseje recordar a beleza das Ilhas Can\u00e1rias.<\/p>\n","protected":false},"excerpt":{"rendered":"<p>Ta\u00e7as de coco de 13 x 6 cm com um design vibrante que representa a ilha de Fuerteventura, decoradas com fragmentos coloridos em tons de roxo, rosa e azul. O interior mostra ilustra\u00e7\u00f5es da silhueta da ilha e uma salamandra, real\u00e7adas com detalhes em castanho. Estas ta\u00e7as pintadas \u00e0 m\u00e3o s\u00e3o ideais para servir aperitivos ou simplesmente como pe\u00e7a decorativa que evoca o encanto das Ilhas Can\u00e1rias.<\/p>\n","protected":false},"featured_media":12124,"template":"","meta":{"_acf_changed":false},"product_brand":[],"product_cat":[513],"product_tag":[516],"class_list":{"0":"post-38033","1":"product","2":"type-product","3":"status-publish","4":"has-post-thumbnail","6":"product_cat-bols","7":"product_tag-animais","8":"pa_ciudad-fuerteventura","9":"pa_motivo-ilhas","10":"pa_pais-espana","12":"first","13":"instock","14":"shipping-taxable","15":"product-type-simple"},"acf":[],"_links":{"self":[{"href":"https:\/\/olemosaic.orbitalia.org\/pt-pt\/wp-json\/wp\/v2\/product\/38033","targetHints":{"allow":["GET"]}}],"collection":[{"href":"https:\/\/olemosaic.orbitalia.org\/pt-pt\/wp-json\/wp\/v2\/product"}],"about":[{"href":"https:\/\/olemosaic.orbitalia.org\/pt-pt\/wp-json\/wp\/v2\/types\/product"}],"wp:featuredmedia":[{"embeddable":true,"href":"https:\/\/olemosaic.orbitalia.org\/pt-pt\/wp-json\/wp\/v2\/media\/12124"}],"wp:attachment":[{"href":"https:\/\/olemosaic.orbitalia.org\/pt-pt\/wp-json\/wp\/v2\/media?parent=38033"}],"wp:term":[{"taxonomy":"product_brand","embeddable":true,"href":"https:\/\/olemosaic.orbitalia.org\/pt-pt\/wp-json\/wp\/v2\/product_brand?post=38033"},{"taxonomy":"product_cat","embeddable":true,"href":"https:\/\/olemosaic.orbitalia.org\/pt-pt\/wp-json\/wp\/v2\/product_cat?post=38033"},{"taxonomy":"product_tag","embeddable":true,"href":"https:\/\/olemosaic.orbitalia.org\/pt-pt\/wp-json\/wp\/v2\/product_tag?post=38033"}],"curies":[{"name":"wp","href":"https:\/\/api.w.org\/{rel}","templated":true}]}}