{"id":38032,"date":"2025-02-20T22:34:43","date_gmt":"2025-02-20T22:34:43","guid":{"rendered":"https:\/\/olemosaic.orbitalia.org\/producto\/vaso-de-chupito-de-ceramica-bailaora-beige\/"},"modified":"2025-07-25T20:31:00","modified_gmt":"2025-07-25T18:31:00","slug":"copo-de-shot-de-ceramica-bailarina-flamenco-bege","status":"publish","type":"product","link":"https:\/\/olemosaic.orbitalia.org\/pt-pt\/produto\/copo-de-shot-de-ceramica-bailarina-flamenco-bege\/","title":{"rendered":"Copo de shot de cer\u00e2mica. Bailarina de Flamenco. Bege."},"content":{"rendered":"<p>Este copinho de shot de cer\u00e2mica \u00e9 uma aut\u00eantica homenagem \u00e0 cultura espanhola, ideal para levar um peda\u00e7o de tradi\u00e7\u00e3o para o seu lar. Decorado com uma ilustra\u00e7\u00e3o vibrante de uma bailarina de flamenco, o design destaca-se pelo seu fundo bege que contrasta de forma espetacular com os pormenores coloridos que representam um traje de flamenco tradicional, conferindo um ar festivo e alegre. A bailarina, com o seu movimento en\u00e9rgico, captura a ess\u00eancia do flamenco, um dos s\u00edmbolos mais representativos da identidade espanhola. A palavra &#8220;ESPA\u00d1A&#8221; aparece em letras brilhantes, refor\u00e7ando a liga\u00e7\u00e3o cultural e o orgulho pela heran\u00e7a espanhola.<\/p>\n<p>O acabamento esmaltado do copo n\u00e3o s\u00f3 lhe confere um brilho atraente, como tamb\u00e9m o torna uma pe\u00e7a pr\u00e1tica e decorativa, perfeita para qualquer ocasi\u00e3o festiva. Este copinho de shot n\u00e3o serve apenas para desfrutar das suas bebidas, mas tamb\u00e9m atua como uma recorda\u00e7\u00e3o evocativa que o transporta para momentos memor\u00e1veis vividos na pen\u00ednsula. Na Ol\u00e9 Mosaic, orgulhamo-nos de oferecer recorda\u00e7\u00f5es aut\u00eanticas que capturam a ess\u00eancia cultural de Espanha. Este copinho de shot de cer\u00e2mica \u00e9 uma op\u00e7\u00e3o ideal para lojas de presentes tur\u00edsticos que procuram produtos atraentes e representativos. Como grossistas de cer\u00e2mica, garantimos a qualidade e a originalidade em cada uma das nossas pe\u00e7as.<\/p>\n","protected":false},"excerpt":{"rendered":"<p>Copo de shot de cer\u00e2mica decorado com uma ilustra\u00e7\u00e3o vibrante de uma bailarina de flamenco, ideal para levar um pedacinho da cultura espanhola para a sua casa. Este design exclusivo apresenta um fundo bege, com pormenores em cores vivas que representam um traje de flamenco tradicional, complementado com a palavra &#8220;ESPA\u00d1A&#8221;. O seu acabamento esmaltado confere-lhe um brilho atraente, perfeito para qualquer ocasi\u00e3o festiva ou como recorda\u00e7\u00e3o decorativa.<\/p>\n","protected":false},"featured_media":7027,"template":"","meta":{"_acf_changed":false},"product_brand":[],"product_cat":[815],"product_tag":[515],"class_list":{"0":"post-38032","1":"product","2":"type-product","3":"status-publish","4":"has-post-thumbnail","6":"product_cat-copos-de-shot","7":"product_tag-ceramica","8":"pa_motivo-dancarinos","10":"first","11":"instock","12":"shipping-taxable","13":"product-type-simple"},"acf":[],"_links":{"self":[{"href":"https:\/\/olemosaic.orbitalia.org\/pt-pt\/wp-json\/wp\/v2\/product\/38032","targetHints":{"allow":["GET"]}}],"collection":[{"href":"https:\/\/olemosaic.orbitalia.org\/pt-pt\/wp-json\/wp\/v2\/product"}],"about":[{"href":"https:\/\/olemosaic.orbitalia.org\/pt-pt\/wp-json\/wp\/v2\/types\/product"}],"wp:featuredmedia":[{"embeddable":true,"href":"https:\/\/olemosaic.orbitalia.org\/pt-pt\/wp-json\/wp\/v2\/media\/7027"}],"wp:attachment":[{"href":"https:\/\/olemosaic.orbitalia.org\/pt-pt\/wp-json\/wp\/v2\/media?parent=38032"}],"wp:term":[{"taxonomy":"product_brand","embeddable":true,"href":"https:\/\/olemosaic.orbitalia.org\/pt-pt\/wp-json\/wp\/v2\/product_brand?post=38032"},{"taxonomy":"product_cat","embeddable":true,"href":"https:\/\/olemosaic.orbitalia.org\/pt-pt\/wp-json\/wp\/v2\/product_cat?post=38032"},{"taxonomy":"product_tag","embeddable":true,"href":"https:\/\/olemosaic.orbitalia.org\/pt-pt\/wp-json\/wp\/v2\/product_tag?post=38032"}],"curies":[{"name":"wp","href":"https:\/\/api.w.org\/{rel}","templated":true}]}}