{"id":38030,"date":"2025-02-20T22:34:43","date_gmt":"2025-02-20T22:34:43","guid":{"rendered":"https:\/\/olemosaic.orbitalia.org\/producto\/vaso-de-chupito-de-ceramica-punt-de-trobada-beige\/"},"modified":"2025-07-25T18:48:25","modified_gmt":"2025-07-25T16:48:25","slug":"copo-de-shot-de-ceramica-punt-de-trobada-bege-pt-pt","status":"publish","type":"product","link":"https:\/\/olemosaic.orbitalia.org\/pt-pt\/produto\/copo-de-shot-de-ceramica-punt-de-trobada-bege-pt-pt\/","title":{"rendered":"Copo de shot de cer\u00e2mica. Punt de trobada. Bege."},"content":{"rendered":"<p>Este copo de shot de cer\u00e2mica decorada \u00e9 uma express\u00e3o vibrante de arte moderna, inspirada no c\u00e9lebre pintor espanhol Joan Mir\u00f3. Com um fundo bege elegante como base, o copo destaca-se pelo seu design abstrato e en\u00e9rgico, onde motivos em preto, vermelho, azul e verde se entrela\u00e7am numa dan\u00e7a visual que confere um toque art\u00edstico a cada evento. As formas org\u00e2nicas e os padr\u00f5es cativantes recordam a est\u00e9tica do surrealismo e do modernismo, tornando este copo numa aut\u00eantica homenagem \u00e0 rica tradi\u00e7\u00e3o art\u00edstica espanhola.<\/p>\n<p>O interior do copo \u00e9 pintado em cores brilhantes, oferecendo um contraste chamativo que real\u00e7a a beleza do seu design exterior. Ideal para degustar as suas bebidas favoritas, este copo n\u00e3o \u00e9 apenas um acess\u00f3rio funcional, mas tamb\u00e9m uma recorda\u00e7\u00e3o impressionante que captura a ess\u00eancia cultural das tradi\u00e7\u00f5es espanholas.<\/p>\n<p>Na Ol\u00e9 Mosaic somos distribuidores de lembran\u00e7as aut\u00eanticas, e este copo de shot \u00e9 uma excelente op\u00e7\u00e3o para lojas de presentes tur\u00edsticos que procuram produtos \u00fanicos e de qualidade. Com a sua relev\u00e2ncia cultural e o seu design art\u00edstico, este copo torna-se a recorda\u00e7\u00e3o perfeita para quem deseja levar consigo um peda\u00e7o da criatividade espanhola.<\/p>\n","protected":false},"excerpt":{"rendered":"<p>Copo de shot de cer\u00e2mica decorado, que captura a ess\u00eancia da arte moderna com um design vibrante e colorido. Inspirado no estilo do pintor espanhol Joan Mir\u00f3, apresenta um fundo bege adornado com motivos abstratos em preto, vermelho, azul e verde, conferindo um toque art\u00edstico a qualquer evento. Cada copo tem um interior de cor brilhante que adiciona um contraste chamativo, ideal para degustar as suas bebidas favoritas com estilo.<\/p>\n","protected":false},"featured_media":10031,"template":"","meta":{"_acf_changed":false},"product_brand":[],"product_cat":[815],"product_tag":[515],"class_list":{"0":"post-38030","1":"product","2":"type-product","3":"status-publish","4":"has-post-thumbnail","6":"product_cat-copos-de-shot","7":"product_tag-ceramica","8":"pa_motivo-punt-de-trobada","10":"first","11":"instock","12":"shipping-taxable","13":"product-type-simple"},"acf":[],"_links":{"self":[{"href":"https:\/\/olemosaic.orbitalia.org\/pt-pt\/wp-json\/wp\/v2\/product\/38030","targetHints":{"allow":["GET"]}}],"collection":[{"href":"https:\/\/olemosaic.orbitalia.org\/pt-pt\/wp-json\/wp\/v2\/product"}],"about":[{"href":"https:\/\/olemosaic.orbitalia.org\/pt-pt\/wp-json\/wp\/v2\/types\/product"}],"wp:featuredmedia":[{"embeddable":true,"href":"https:\/\/olemosaic.orbitalia.org\/pt-pt\/wp-json\/wp\/v2\/media\/10031"}],"wp:attachment":[{"href":"https:\/\/olemosaic.orbitalia.org\/pt-pt\/wp-json\/wp\/v2\/media?parent=38030"}],"wp:term":[{"taxonomy":"product_brand","embeddable":true,"href":"https:\/\/olemosaic.orbitalia.org\/pt-pt\/wp-json\/wp\/v2\/product_brand?post=38030"},{"taxonomy":"product_cat","embeddable":true,"href":"https:\/\/olemosaic.orbitalia.org\/pt-pt\/wp-json\/wp\/v2\/product_cat?post=38030"},{"taxonomy":"product_tag","embeddable":true,"href":"https:\/\/olemosaic.orbitalia.org\/pt-pt\/wp-json\/wp\/v2\/product_tag?post=38030"}],"curies":[{"name":"wp","href":"https:\/\/api.w.org\/{rel}","templated":true}]}}