{"id":38026,"date":"2025-02-20T22:34:39","date_gmt":"2025-02-20T22:34:39","guid":{"rendered":"https:\/\/olemosaic.orbitalia.org\/producto\/vaso-de-chupito-de-ceramica-alicatado-blanco\/"},"modified":"2025-07-25T18:46:28","modified_gmt":"2025-07-25T16:46:28","slug":"copo-de-shot-de-ceramica-alicatado-branco-pt-pt","status":"publish","type":"product","link":"https:\/\/olemosaic.orbitalia.org\/pt-pt\/produto\/copo-de-shot-de-ceramica-alicatado-branco-pt-pt\/","title":{"rendered":"Copo de shot de cer\u00e2mica. Alicatado. Branco."},"content":{"rendered":"<p>Este copo de shot de cer\u00e2mica alicatada \u00e9 uma representa\u00e7\u00e3o espetacular da arte e da cultura andaluzas, ideal para quem procura recorda\u00e7\u00f5es aut\u00eanticas de Espanha. O seu design caracteriza-se por padr\u00f5es geom\u00e9tricos vibrantes que jogam com as cores azul, verde, laranja e preto, criando uma obra visualmente atraente que evoca os mosaicos tradicionais da regi\u00e3o. Os intrincados detalhes do alicatado brilham com um acabamento especial, enquanto o interior de cor vermelha intensa acrescenta um contraste audaz que real\u00e7a ainda mais a sua beleza.<\/p>\n<p>Este copo n\u00e3o s\u00f3 \u00e9 funcional, como tamb\u00e9m \u00e9 uma pe\u00e7a que capta a ess\u00eancia da rica heran\u00e7a andaluza, o que o torna uma recorda\u00e7\u00e3o significativa que recorda aos turistas a diversidade cultural do sul de Espanha. Cada copo \u00e9 um exemplo do trabalho artesanal que foi transmitido ao longo de gera\u00e7\u00f5es, e a sua presen\u00e7a em qualquer casa \u00e9 uma homenagem \u00e0 tradi\u00e7\u00e3o decorativa da regi\u00e3o.<\/p>\n<p>Na Ol\u00e9 Mosaic, especializamo-nos na distribui\u00e7\u00e3o de recorda\u00e7\u00f5es de cer\u00e2mica por grosso, oferecendo produtos representativos que encarnam a autenticidade e o talento dos artes\u00e3os locais. Este copo de shot de cer\u00e2mica \u00e9 uma escolha perfeita para lojas de presentes tur\u00edsticos que procuram artigos \u00fanicos e com uma profunda liga\u00e7\u00e3o cultural. Como grossistas de recorda\u00e7\u00f5es da Andaluzia, garantimos a qualidade e um design excecional em cada pe\u00e7a.<\/p>\n","protected":false},"excerpt":{"rendered":"<p>Copo de shot de cer\u00e2mica alicatada, inspirado na tradi\u00e7\u00e3o art\u00edstica andaluza. Este elegante copo apresenta padr\u00f5es geom\u00e9tricos vibrantes em azul, verde, laranja e preto, que contrastam com o seu interior vermelho intenso. A t\u00e9cnica do alicatado, que se caracteriza pelo seu acabamento brilhante e pelos seus intrincados detalhes, real\u00e7a a riqueza do design andaluz, tornando este copo uma recorda\u00e7\u00e3o atraente que evoca as cores e a cultura do sul de Espanha.<\/p>\n","protected":false},"featured_media":8451,"template":"","meta":{"_acf_changed":false},"product_brand":[],"product_cat":[815],"product_tag":[515],"class_list":{"0":"post-38026","1":"product","2":"type-product","3":"status-publish","4":"has-post-thumbnail","6":"product_cat-copos-de-shot","7":"product_tag-ceramica","8":"pa_motivo-ladrilho","10":"first","11":"instock","12":"shipping-taxable","13":"product-type-simple"},"acf":[],"_links":{"self":[{"href":"https:\/\/olemosaic.orbitalia.org\/pt-pt\/wp-json\/wp\/v2\/product\/38026","targetHints":{"allow":["GET"]}}],"collection":[{"href":"https:\/\/olemosaic.orbitalia.org\/pt-pt\/wp-json\/wp\/v2\/product"}],"about":[{"href":"https:\/\/olemosaic.orbitalia.org\/pt-pt\/wp-json\/wp\/v2\/types\/product"}],"wp:featuredmedia":[{"embeddable":true,"href":"https:\/\/olemosaic.orbitalia.org\/pt-pt\/wp-json\/wp\/v2\/media\/8451"}],"wp:attachment":[{"href":"https:\/\/olemosaic.orbitalia.org\/pt-pt\/wp-json\/wp\/v2\/media?parent=38026"}],"wp:term":[{"taxonomy":"product_brand","embeddable":true,"href":"https:\/\/olemosaic.orbitalia.org\/pt-pt\/wp-json\/wp\/v2\/product_brand?post=38026"},{"taxonomy":"product_cat","embeddable":true,"href":"https:\/\/olemosaic.orbitalia.org\/pt-pt\/wp-json\/wp\/v2\/product_cat?post=38026"},{"taxonomy":"product_tag","embeddable":true,"href":"https:\/\/olemosaic.orbitalia.org\/pt-pt\/wp-json\/wp\/v2\/product_tag?post=38026"}],"curies":[{"name":"wp","href":"https:\/\/api.w.org\/{rel}","templated":true}]}}