{"id":38023,"date":"2025-02-20T23:34:38","date_gmt":"2025-02-20T22:34:38","guid":{"rendered":"https:\/\/olemosaic.orbitalia.org\/producto\/vaso-de-ceramica-patio-blanco-2\/"},"modified":"2025-07-25T18:58:25","modified_gmt":"2025-07-25T16:58:25","slug":"copo-de-ceramica-patio-branco-2-pt-pt","status":"publish","type":"product","link":"https:\/\/olemosaic.orbitalia.org\/pt-pt\/produto\/copo-de-ceramica-patio-branco-2-pt-pt\/","title":{"rendered":"Copo de cer\u00e2mica. P\u00e1tio. Branco. Espanha."},"content":{"rendered":"<p>Este copo de cer\u00e2mica \u00e9 uma celebra\u00e7\u00e3o vibrante do folclore espanhol, concebido para captar a ess\u00eancia das tradi\u00e7\u00f5es culturais de Espanha. Com um fundo branco que real\u00e7a a sua arte colorida, o copo apresenta ilustra\u00e7\u00f5es de casais a dan\u00e7ar num p\u00e1tio encantador, adornado com flores vermelhas exuberantes e uma cadeira t\u00edpica que evoca o calor das pra\u00e7as espanholas. Os casais, com os seus trajes tradicionais, um com um vestido de bolinhas vermelhas e o outro com vestimenta elegante, transmitem dinamismo e alegria, refletindo o esp\u00edrito festivo do baile flamenco.<\/p>\n<p>Detalhes em azul e uma simp\u00e1tica mensagem que diz &#8220;Espa\u00f1a&#8221; completam o design, fazendo com que cada gole da sua bebida favorita seja uma recorda\u00e7\u00e3o da rica cultura espanhola. A t\u00e9cnica de pintura \u00e0 m\u00e3o n\u00e3o s\u00f3 acrescenta autenticidade, como tamb\u00e9m real\u00e7a o valor artesanal do produto, tornando-o uma recorda\u00e7\u00e3o \u00fanica que os turistas apreciar\u00e3o.<\/p>\n<p>Perfeito para quem procura uma recorda\u00e7\u00e3o representativa da sua visita a Espanha, este copo \u00e9 uma excelente op\u00e7\u00e3o para lojas de presentes tur\u00edsticos que desejem oferecer artigos de qualidade. Na Ol\u00e9 Mosaic, como grossistas de cer\u00e2mica e recorda\u00e7\u00f5es, garantimos que cada pe\u00e7a \u00e9 um tributo duradouro \u00e0 cultura espanhola.<\/p>\n","protected":false},"excerpt":{"rendered":"<p>Copo de cer\u00e2mica com um design vibrante que capta a ess\u00eancia do folclore espanhol. Decorado com ilustra\u00e7\u00f5es coloridas de casais a dan\u00e7ar num p\u00e1tio adornado com flores vermelhas e uma cadeira t\u00edpica, este copo apresenta detalhes em azul e uma mensagem que reza &#8220;Espa\u00f1a&#8221;. A t\u00e9cnica de pintura \u00e0 m\u00e3o real\u00e7a os motivos culturais, tornando este copo uma recorda\u00e7\u00e3o \u00fanica, ideal para desfrutar das suas bebidas favoritas enquanto evoca a vida e a alegria de Espanha.<\/p>\n","protected":false},"featured_media":8483,"template":"","meta":{"_acf_changed":false},"product_brand":[],"product_cat":[828],"product_tag":[515],"class_list":{"0":"post-38023","1":"product","2":"type-product","3":"status-publish","4":"has-post-thumbnail","6":"product_cat-copos","7":"product_tag-ceramica","8":"pa_motivo-patios","10":"first","11":"instock","12":"shipping-taxable","13":"product-type-simple"},"acf":[],"_links":{"self":[{"href":"https:\/\/olemosaic.orbitalia.org\/pt-pt\/wp-json\/wp\/v2\/product\/38023","targetHints":{"allow":["GET"]}}],"collection":[{"href":"https:\/\/olemosaic.orbitalia.org\/pt-pt\/wp-json\/wp\/v2\/product"}],"about":[{"href":"https:\/\/olemosaic.orbitalia.org\/pt-pt\/wp-json\/wp\/v2\/types\/product"}],"wp:featuredmedia":[{"embeddable":true,"href":"https:\/\/olemosaic.orbitalia.org\/pt-pt\/wp-json\/wp\/v2\/media\/8483"}],"wp:attachment":[{"href":"https:\/\/olemosaic.orbitalia.org\/pt-pt\/wp-json\/wp\/v2\/media?parent=38023"}],"wp:term":[{"taxonomy":"product_brand","embeddable":true,"href":"https:\/\/olemosaic.orbitalia.org\/pt-pt\/wp-json\/wp\/v2\/product_brand?post=38023"},{"taxonomy":"product_cat","embeddable":true,"href":"https:\/\/olemosaic.orbitalia.org\/pt-pt\/wp-json\/wp\/v2\/product_cat?post=38023"},{"taxonomy":"product_tag","embeddable":true,"href":"https:\/\/olemosaic.orbitalia.org\/pt-pt\/wp-json\/wp\/v2\/product_tag?post=38023"}],"curies":[{"name":"wp","href":"https:\/\/api.w.org\/{rel}","templated":true}]}}