{"id":38021,"date":"2025-02-20T22:34:33","date_gmt":"2025-02-20T22:34:33","guid":{"rendered":"https:\/\/olemosaic.orbitalia.org\/producto\/tapon-de-ceramica-salamandra-barcelona-beige\/"},"modified":"2025-07-25T18:38:39","modified_gmt":"2025-07-25T16:38:39","slug":"rolha-de-ceramica-salamandra-barcelona-bege-pt-pt","status":"publish","type":"product","link":"https:\/\/olemosaic.orbitalia.org\/pt-pt\/produto\/rolha-de-ceramica-salamandra-barcelona-bege-pt-pt\/","title":{"rendered":"Rolha de cer\u00e2mica. Salamandra. Barcelona. Bege."},"content":{"rendered":"<p>Esta rolha de cer\u00e2mica, decorada com uma colorida salamandra, \u00e9 uma engenhosa recorda\u00e7\u00e3o de Barcelona que captura a ess\u00eancia vibrante da cidade. Inspirada na famosa arte do mosaico que adorna as suas ruas, este produto apresenta um design alegre e chamativo, com uma salamandra multicolorida que se destaca em tons de azul, verde e amarelo. Rodeada de flores vermelhas e verdes, a ilustra\u00e7\u00e3o situa-se sobre um fundo branco, criando um atraente contraste visual. A borda bege da rolha adiciona um toque de eleg\u00e2ncia, complementando o seu exuberante gr\u00e1fico.<\/p>\n<p>Funcional e est\u00e9tica, esta rolha n\u00e3o \u00e9 apenas ideal para selar garrafas, mas tamb\u00e9m transforma qualquer recipiente numa pe\u00e7a decorativa que evoca as cores e a criatividade da arquitetura barcelonesa. A salamandra \u00e9 um s\u00edmbolo que tamb\u00e9m foi adotado na famosa obra de Antoni Gaud\u00ed, o que real\u00e7a a sua liga\u00e7\u00e3o cultural com a cidade. Como recorda\u00e7\u00e3o representativa, esta rolha de cer\u00e2mica \u00e9 um excelente presente para turistas que procuram recordar a sua visita \u00e0 capital catal\u00e3 com um produto aut\u00eantico e de qualidade.<\/p>\n<p>Na Ol\u00e9 Mosaic, especialistas na distribui\u00e7\u00e3o de lembran\u00e7as por grosso, oferecemos esta rolha de cer\u00e2mica como uma op\u00e7\u00e3o imprescind\u00edvel para lojas de presentes tur\u00edsticos que desejem oferecer artigos que celebrem a rica cultura espanhola. Adquirir esta rolha \u00e9 uma forma perfeita de levar um peda\u00e7o de Barcelona para casa e um lembrete visual da sua beleza.<\/p>\n","protected":false},"excerpt":{"rendered":"<p>Rolha de cer\u00e2mica decorada com uma colorida salamandra, inspirada na arte do mosaico de Barcelona. Este produto apresenta um design vibrante com uma salamandra em tons de azul, verde e amarelo, rodeada de flores vermelhas e verdes sobre um fundo branco. A borda da rolha \u00e9 de uma atraente cor bege. Al\u00e9m de ser funcional, a pe\u00e7a adiciona um toque distintivo e cultural a qualquer garrafa, tornando-a a recorda\u00e7\u00e3o perfeita da cidade.<\/p>\n","protected":false},"featured_media":7553,"template":"","meta":{"_acf_changed":false},"product_brand":[],"product_cat":[831],"product_tag":[516,515],"class_list":{"0":"post-38021","1":"product","2":"type-product","3":"status-publish","4":"has-post-thumbnail","6":"product_cat-rolhas","7":"product_tag-animais","8":"product_tag-ceramica","9":"pa_ciudad-barcelona","10":"pa_motivo-salamandras","11":"pa_pais-espana","13":"first","14":"instock","15":"shipping-taxable","16":"product-type-simple"},"acf":[],"_links":{"self":[{"href":"https:\/\/olemosaic.orbitalia.org\/pt-pt\/wp-json\/wp\/v2\/product\/38021","targetHints":{"allow":["GET"]}}],"collection":[{"href":"https:\/\/olemosaic.orbitalia.org\/pt-pt\/wp-json\/wp\/v2\/product"}],"about":[{"href":"https:\/\/olemosaic.orbitalia.org\/pt-pt\/wp-json\/wp\/v2\/types\/product"}],"wp:featuredmedia":[{"embeddable":true,"href":"https:\/\/olemosaic.orbitalia.org\/pt-pt\/wp-json\/wp\/v2\/media\/7553"}],"wp:attachment":[{"href":"https:\/\/olemosaic.orbitalia.org\/pt-pt\/wp-json\/wp\/v2\/media?parent=38021"}],"wp:term":[{"taxonomy":"product_brand","embeddable":true,"href":"https:\/\/olemosaic.orbitalia.org\/pt-pt\/wp-json\/wp\/v2\/product_brand?post=38021"},{"taxonomy":"product_cat","embeddable":true,"href":"https:\/\/olemosaic.orbitalia.org\/pt-pt\/wp-json\/wp\/v2\/product_cat?post=38021"},{"taxonomy":"product_tag","embeddable":true,"href":"https:\/\/olemosaic.orbitalia.org\/pt-pt\/wp-json\/wp\/v2\/product_tag?post=38021"}],"curies":[{"name":"wp","href":"https:\/\/api.w.org\/{rel}","templated":true}]}}