{"id":38018,"date":"2025-02-20T22:34:33","date_gmt":"2025-02-20T22:34:33","guid":{"rendered":"https:\/\/olemosaic.orbitalia.org\/producto\/tapon-de-ceramica-mosaico-blanco\/"},"modified":"2025-07-25T18:38:38","modified_gmt":"2025-07-25T16:38:38","slug":"rolha-de-ceramica-mosaico-branco-pt-pt","status":"publish","type":"product","link":"https:\/\/olemosaic.orbitalia.org\/pt-pt\/produto\/rolha-de-ceramica-mosaico-branco-pt-pt\/","title":{"rendered":"Rolha de cer\u00e2mica. Mosaico. Branco."},"content":{"rendered":"<p>Esta rolha de cer\u00e2mica com design de mosaico colorido \u00e9 um detalhe distintivo que real\u00e7a a apresenta\u00e7\u00e3o dos seus vinhos. Elaborada com cer\u00e2mica de alta qualidade, a sua parte superior apresenta uma cativante am\u00e1lgama de padr\u00f5es em vermelho, azul e laranja, que evoca o estilo tradicional da cer\u00e2mica espanhola que perdurou s\u00e9culos. Cada pe\u00e7a \u00e9 \u00fanica e adorna a sua superf\u00edcie com formas intrincadas que recordam os mosaicos que decoram a arquitetura hist\u00f3rica de Espanha, como os azulejos de Alhambra ou os dos p\u00e1tios andaluzes.<\/p>\n<p>O contraste entre o esmalte brilhante da parte superior e a corti\u00e7a natural da base n\u00e3o s\u00f3 real\u00e7a a sua eleg\u00e2ncia, mas tamb\u00e9m proporciona um fecho herm\u00e9tico perfeito para manter a frescura de qualquer vinho. Esta rolha n\u00e3o \u00e9 apenas funcional, mas tamb\u00e9m representa uma recorda\u00e7\u00e3o aut\u00eantica e representativa da rica cultura ib\u00e9rica, ideal para quem deseja levar um peda\u00e7o de Espanha para casa.<\/p>\n<p>Na Ol\u00e9 Mosaic, especializamo-nos na distribui\u00e7\u00e3o de lembran\u00e7as por grosso, e esta rolha de cer\u00e2mica \u00e9 uma excelente op\u00e7\u00e3o para lojas de presentes tur\u00edsticos que desejem oferecer produtos que realcem o artesanato e a tradi\u00e7\u00e3o espanh\u00f3is. \u00c9 um presente ideal para os amantes do vinho e da cultura, tornando-se uma recorda\u00e7\u00e3o duradoura e significativa da sua visita a Espanha.<\/p>\n","protected":false},"excerpt":{"rendered":"<p>Rolha de cer\u00e2mica com design de mosaico colorido, ideal para rematar a apresenta\u00e7\u00e3o dos seus vinhos. Esta elegante rolha destaca-se pelo seu apelo visual, com uma combina\u00e7\u00e3o de padr\u00f5es em vermelho, azul e laranja que evocam o estilo tradicional da cer\u00e2mica espanhola. A sua parte superior esmaltada contrasta com a corti\u00e7a natural, conferindo um toque de sofistica\u00e7\u00e3o e autenticidade a cada garrafa. Perfeita como recorda\u00e7\u00e3o ou presente para os amantes da cultura ib\u00e9rica.<\/p>\n","protected":false},"featured_media":9034,"template":"","meta":{"_acf_changed":false},"product_brand":[],"product_cat":[831],"product_tag":[515],"class_list":{"0":"post-38018","1":"product","2":"type-product","3":"status-publish","4":"has-post-thumbnail","6":"product_cat-rolhas","7":"product_tag-ceramica","8":"pa_motivo-mosaico","10":"first","11":"instock","12":"shipping-taxable","13":"product-type-simple"},"acf":[],"_links":{"self":[{"href":"https:\/\/olemosaic.orbitalia.org\/pt-pt\/wp-json\/wp\/v2\/product\/38018","targetHints":{"allow":["GET"]}}],"collection":[{"href":"https:\/\/olemosaic.orbitalia.org\/pt-pt\/wp-json\/wp\/v2\/product"}],"about":[{"href":"https:\/\/olemosaic.orbitalia.org\/pt-pt\/wp-json\/wp\/v2\/types\/product"}],"wp:featuredmedia":[{"embeddable":true,"href":"https:\/\/olemosaic.orbitalia.org\/pt-pt\/wp-json\/wp\/v2\/media\/9034"}],"wp:attachment":[{"href":"https:\/\/olemosaic.orbitalia.org\/pt-pt\/wp-json\/wp\/v2\/media?parent=38018"}],"wp:term":[{"taxonomy":"product_brand","embeddable":true,"href":"https:\/\/olemosaic.orbitalia.org\/pt-pt\/wp-json\/wp\/v2\/product_brand?post=38018"},{"taxonomy":"product_cat","embeddable":true,"href":"https:\/\/olemosaic.orbitalia.org\/pt-pt\/wp-json\/wp\/v2\/product_cat?post=38018"},{"taxonomy":"product_tag","embeddable":true,"href":"https:\/\/olemosaic.orbitalia.org\/pt-pt\/wp-json\/wp\/v2\/product_tag?post=38018"}],"curies":[{"name":"wp","href":"https:\/\/api.w.org\/{rel}","templated":true}]}}